{"id":5446,"date":"2022-03-20T11:49:18","date_gmt":"2022-03-20T10:49:18","guid":{"rendered":"https:\/\/antykilion.pl\/?post_type=product&#038;p=5446"},"modified":"2022-03-20T11:49:18","modified_gmt":"2022-03-20T10:49:18","slug":"podarowana-roza-koniec-xix-w-piekny","status":"publish","type":"product","link":"https:\/\/antykilion.pl\/en\/product\/podarowana-roza-koniec-xix-w-piekny\/","title":{"rendered":"Podarowana r\u00f3\u017ca koniec XIX w, pi\u0119kny"},"content":{"rendered":"","protected":false},"excerpt":{"rendered":"<p>Podarowana r\u00f3\u017ca koniec XIX w, pi\u0119kny<\/p>\n<p>Bardzo dekoracyjne malarstwo, do pi\u0119knego salonu<\/p>\n<p>Technique: oil on canvas<\/p>\n<p>Stan: Bardzo dobry,<\/p>\n<p>Sygnatura:trudna do odczytania<\/p>\n<p>Wymiary: p\u0142\u00f3tna oko\u0142o 55 cm na 68 cm + rama to oko\u0142o 65 cm\u00a0 na 78 cm<\/p>\n<p>Origin: Europe<\/p>\n<p>Do ka\u017cdego przedmiotu Galeria wystawia certyfikat.<\/p>","protected":false},"featured_media":5447,"comment_status":"closed","ping_status":"closed","template":"","meta":[],"product_cat":[41,39,40],"product_tag":[],"class_list":{"0":"post-5446","1":"product","2":"type-product","3":"status-publish","4":"has-post-thumbnail","6":"product_cat-malarstwo-dawne","7":"product_cat-dziela-sztuki","8":"product_cat-malarstwo","10":"entry","11":"has-media","13":"first","14":"instock","15":"taxable","16":"shipping-taxable","17":"purchasable","18":"product-type-simple","19":"has-product-nav","20":"col","21":"span_1_of_3","22":"owp-content-center","23":"owp-thumbs-layout-horizontal","24":"owp-btn-normal","25":"owp-tabs-layout-horizontal"},"aioseo_notices":[],"_links":{"self":[{"href":"https:\/\/antykilion.pl\/en\/wp-json\/wp\/v2\/product\/5446","targetHints":{"allow":["GET"]}}],"collection":[{"href":"https:\/\/antykilion.pl\/en\/wp-json\/wp\/v2\/product"}],"about":[{"href":"https:\/\/antykilion.pl\/en\/wp-json\/wp\/v2\/types\/product"}],"replies":[{"embeddable":true,"href":"https:\/\/antykilion.pl\/en\/wp-json\/wp\/v2\/comments?post=5446"}],"wp:featuredmedia":[{"embeddable":true,"href":"https:\/\/antykilion.pl\/en\/wp-json\/wp\/v2\/media\/5447"}],"wp:attachment":[{"href":"https:\/\/antykilion.pl\/en\/wp-json\/wp\/v2\/media?parent=5446"}],"wp:term":[{"taxonomy":"product_cat","embeddable":true,"href":"https:\/\/antykilion.pl\/en\/wp-json\/wp\/v2\/product_cat?post=5446"},{"taxonomy":"product_tag","embeddable":true,"href":"https:\/\/antykilion.pl\/en\/wp-json\/wp\/v2\/product_tag?post=5446"}],"curies":[{"name":"wp","href":"https:\/\/api.w.org\/{rel}","templated":true}]}}