{"id":5452,"date":"2022-03-20T12:37:26","date_gmt":"2022-03-20T11:37:26","guid":{"rendered":"https:\/\/antykilion.pl\/?post_type=product&#038;p=5452"},"modified":"2023-08-04T21:25:42","modified_gmt":"2023-08-04T19:25:42","slug":"powrot-o-zachodzie-slonca-anton-windmaier-xix-w","status":"publish","type":"product","link":"https:\/\/antykilion.pl\/en\/product\/powrot-o-zachodzie-slonca-anton-windmaier-xix-w\/","title":{"rendered":"Powr\u00f3t o zachodzie s\u0142o\u0144ca, Anton WINDMAIER XIX w."},"content":{"rendered":"","protected":false},"excerpt":{"rendered":"<p>Powr\u00f3t o zachodzie s\u0142o\u0144ca, Anton WINDMAIER XIX w.<\/p>\n<p>Bardzo dekoracyjne malarstwo, do pi\u0119knego salonu<\/p>\n<p>Obraz oprawiony w bardzo cenn\u0105 i dekoracyjn\u0105 ram\u0119 z prze\u0142omu XVIII\/XIX w<\/p>\n<p>Technique: oil on canvas<\/p>\n<p>Stan: Bardzo dobry, po konserwacji dublarz p\u0142\u00f3tna<\/p>\n<p>Sygnatura:widoczna na zdj\u0119ciu<\/p>\n<p>Wymiary: p\u0142\u00f3tna oko\u0142o 115 cm na 64 cm + rama to oko\u0142o 129 cm\u00a0 na 78 cm<\/p>\n<p>Origin: Europe<\/p>\n<p>Do ka\u017cdego przedmiotu Galeria wystawia certyfikat.<\/p>\n<p>Prezentacja biograficzna Windmaier: Anton W., pejza\u017cysta, urodzony 4 kwietnia 1840 w Pfarrkirchen (Niederbaiern), \u2020 13 stycznia 1896 w Monachium, jest dowodem na to, \u017ce geniusz potrafi zwyci\u0119sko przebi\u0107 si\u0119 nawet w najtrudniejszych okoliczno\u015bciach. Ch\u0142opiec od 1850 roku uczy\u0142 si\u0119 stolarstwa, malowa\u0142 pokoje i mieszka\u0142 w Monachium do 1862 roku, ale ka\u017cd\u0105 woln\u0105 chwil\u0119 wykorzystywa\u0142 do studiowania pejza\u017cy, dla kt\u00f3rych skarby miasta sztuki i otaczaj\u0105cej go przyrody oferowa\u0142y mu mn\u00f3stwo modeli. Kiedy W., prawdziwy artysta samouk, odwa\u017cy\u0142 si\u0119 przywie\u017a\u0107 swoje pierwsze obrazy do Kunstverein w 1870 roku, znalaz\u0142 nie tylko zach\u0119caj\u0105cy aplauz, ale tak\u017ce ch\u0119tnych nabywc\u00f3w. Nied\u0142ugo potem pojawi\u0142y si\u0119 \u201eDzieci na lodzie\u201d i \u201eWiecz\u00f3r zimowy\u201d (1872), z kt\u00f3rymi W. nadal by\u0142 wzorowany na Stademanna, ale p\u00f3\u017aniej szybko wyrazi\u0142 sw\u00f3j w\u0142asny spos\u00f3b widzenia i odczuwania \u201ePejza\u017cem zimowym\u201d. Przy okazji kopiowa\u0142 te\u017c starych mistrz\u00f3w, ale wybra\u0142 dla siebie jesienno-zimowy nastr\u00f3j, osi\u0105gaj\u0105c zawsze najbardziej zaskakuj\u0105cy efekt najdrobniejszymi, ale po mistrzowsku opanowanymi \u015brodkami. Podobnie jak Adalbert Stifter umie opisa\u0107 najg\u0142o\u015bniejsz\u0105 poezj\u0119 letnich las\u00f3w bukowych z pas\u0105cymi si\u0119 jeleniami lub jeleniami stoj\u0105cymi w lustrzanej wodzie, a tak\u017ce pod ci\u0119\u017ckim, zimowym obci\u0105\u017ceniem \u015bniegiem. W r\u00f3wnym stopniu ma prawo do swojej ojczyzny w wilgotnych wrzosowiskach Erding, Dachau i Haimhausen, a tak\u017ce na p\u00f3\u0142nocnym wybrze\u017cu Niemiec, z samotnymi gospodarstwami \u015bni\u0105cymi sennie pod \u015bniegiem, wioskami i wiatrakami pokrytymi nieruchomym \u015bniegiem. Docenia te\u017c urok ci\u0119\u017cko ob\u0142adowanych woz\u00f3w \u017cniwnych, deszcz o\u0142owianych kresek z b\u0142yszcz\u0105cymi stawami; trzeszcz\u0105cy zimowy mr\u00f3z i nag\u0142a odwil\u017c. Jego podstawowym elementem jest ksi\u0119\u017cyc, kt\u00f3ry w mro\u017ane zimowe noce \u015bwieci pe\u0142nym glutationem. Nawiasem m\u00f3wi\u0105c, dla odmiany brykaj\u0105 miejscy \u0142y\u017cwiarze lub wiejskie drewniane sanie. Tam W. jest niewyczerpany, zawsze nowy dzi\u0119ki tej ksi\u0119\u017cycowej magii nocy: prawdziwe per\u0142y prawdziwej sztuki. Stosunkowo kr\u00f3tki okres jego pracy uchroni\u0142 go przed jednostronno\u015bci\u0105 i manieryzmem. Niestety ostatnie lata przynios\u0142y gorzkie do\u015bwiadczenia. Artysta, sparali\u017cowany z obu stron, le\u017ca\u0142 chory przez dwadzie\u015bcia miesi\u0119cy; jego pocieszeniem by\u0142o to, \u017ce lewa r\u0119ka nie zawiod\u0142a; z drugiej strony przygas\u0142o \u015bwiat\u0142o jednego oka. Mimo to pozosta\u0142 odwa\u017cny, jak w najlepszych dniach swojego \u017cycia, cho\u0107 w jego pracowni pulsowa\u0142 niepok\u00f3j. Nie zna\u0142 potrzeb; jego jedyna przyjemno\u015b\u0107 ogranicza\u0142a si\u0119 do strzelania do celu, gdzie r\u00f3wnie\u017c zdobywa\u0142 nagrody za celno\u015b\u0107. Jego ostatni wi\u0119kszy obraz \u201eWiosna\u201d zosta\u0142 zakupiony do galerii Monachijskiego Stowarzyszenia Artystycznego. Syn o tym samym nazwisku, Anton W., urodzony w 1870 roku, poszed\u0142 w s\u0142ynne \u015blady ojca, a tak\u017ce dokona\u0142 bardzo wyj\u0105tkowych, bardzo niezwyk\u0142ych osi\u0105gni\u0119\u0107 (Singer 1906, VI, 286).<\/p>","protected":false},"featured_media":5453,"comment_status":"closed","ping_status":"closed","template":"","meta":[],"product_cat":[41,39,40],"product_tag":[],"class_list":{"0":"post-5452","1":"product","2":"type-product","3":"status-publish","4":"has-post-thumbnail","6":"product_cat-malarstwo-dawne","7":"product_cat-dziela-sztuki","8":"product_cat-malarstwo","10":"entry","11":"has-media","13":"first","14":"instock","15":"taxable","16":"shipping-taxable","17":"purchasable","18":"product-type-simple","19":"has-product-nav","20":"col","21":"span_1_of_3","22":"owp-content-center","23":"owp-thumbs-layout-horizontal","24":"owp-btn-normal","25":"owp-tabs-layout-horizontal"},"aioseo_notices":[],"_links":{"self":[{"href":"https:\/\/antykilion.pl\/en\/wp-json\/wp\/v2\/product\/5452","targetHints":{"allow":["GET"]}}],"collection":[{"href":"https:\/\/antykilion.pl\/en\/wp-json\/wp\/v2\/product"}],"about":[{"href":"https:\/\/antykilion.pl\/en\/wp-json\/wp\/v2\/types\/product"}],"replies":[{"embeddable":true,"href":"https:\/\/antykilion.pl\/en\/wp-json\/wp\/v2\/comments?post=5452"}],"wp:featuredmedia":[{"embeddable":true,"href":"https:\/\/antykilion.pl\/en\/wp-json\/wp\/v2\/media\/5453"}],"wp:attachment":[{"href":"https:\/\/antykilion.pl\/en\/wp-json\/wp\/v2\/media?parent=5452"}],"wp:term":[{"taxonomy":"product_cat","embeddable":true,"href":"https:\/\/antykilion.pl\/en\/wp-json\/wp\/v2\/product_cat?post=5452"},{"taxonomy":"product_tag","embeddable":true,"href":"https:\/\/antykilion.pl\/en\/wp-json\/wp\/v2\/product_tag?post=5452"}],"curies":[{"name":"wp","href":"https:\/\/api.w.org\/{rel}","templated":true}]}}