{"id":5459,"date":"2022-03-20T13:10:16","date_gmt":"2022-03-20T12:10:16","guid":{"rendered":"https:\/\/antykilion.pl\/?post_type=product&#038;p=5459"},"modified":"2025-02-28T15:53:08","modified_gmt":"2025-02-28T14:53:08","slug":"konwersacja-franz-von-persoglia-1852-1912-sliczny","status":"publish","type":"product","link":"https:\/\/antykilion.pl\/en\/product\/konwersacja-franz-von-persoglia-1852-1912-sliczny\/","title":{"rendered":"Konwersacja, Franz von Persoglia (1852-1912), \u015bliczny"},"content":{"rendered":"","protected":false},"excerpt":{"rendered":"<p>Konwersacja, Franz von Persoglia (1852-1912), \u015bliczny<\/p>\n<p>Bardzo dekoracyjne malarstwo, do pi\u0119knego salonu<\/p>\n<p>Obraz na nowo oprawiony,<\/p>\n<p>Technique: oil on canvas<\/p>\n<p>Stan: Bardzo dobry, p\u0142\u00f3tno tylko na\u0142o\u017cone<\/p>\n<p>Sygnatura:widoczna na zdj\u0119ciu<\/p>\n<p>Wymiary: 21 x 30 cm, oprawiony za szk\u0142em i passe-partout 45 x 60 cm<\/p>\n<p>Origin: Europe<\/p>\n<p>Do ka\u017cdego przedmiotu Galeria wystawia certyfikat.<\/p>\n<p>https:\/\/www.christies.com\/en\/lot\/lot-4168674<\/p>\n<p>Franz von Persoglia by\u0142 austriackim malarzem urodzonym w 1852 roku. Dzie\u0142o Franza von Persoglii by\u0142o wielokrotnie wystawiane na aukcjach, a ceny zrealizowane w zakresie od 182 USD do 13 606 USD, w zale\u017cno\u015bci od wielko\u015bci i medium dzie\u0142a. Od 1999 roku rekordowa cena tego artysty na aukcji wynosi 13 606 USD za A View of Naschmarkt w Wiedniu, sprzedan\u0105 w Dorotheum w Wiedniu w 2020 roku. Artysta zmar\u0142 w 1912 roku.<\/p>","protected":false},"featured_media":5460,"comment_status":"closed","ping_status":"closed","template":"","meta":[],"product_cat":[41,39,40],"product_tag":[],"class_list":{"0":"post-5459","1":"product","2":"type-product","3":"status-publish","4":"has-post-thumbnail","6":"product_cat-malarstwo-dawne","7":"product_cat-dziela-sztuki","8":"product_cat-malarstwo","10":"entry","11":"has-media","13":"first","14":"instock","15":"taxable","16":"shipping-taxable","17":"purchasable","18":"product-type-simple","19":"has-product-nav","20":"col","21":"span_1_of_3","22":"owp-content-center","23":"owp-thumbs-layout-horizontal","24":"owp-btn-normal","25":"owp-tabs-layout-horizontal"},"aioseo_notices":[],"_links":{"self":[{"href":"https:\/\/antykilion.pl\/en\/wp-json\/wp\/v2\/product\/5459","targetHints":{"allow":["GET"]}}],"collection":[{"href":"https:\/\/antykilion.pl\/en\/wp-json\/wp\/v2\/product"}],"about":[{"href":"https:\/\/antykilion.pl\/en\/wp-json\/wp\/v2\/types\/product"}],"replies":[{"embeddable":true,"href":"https:\/\/antykilion.pl\/en\/wp-json\/wp\/v2\/comments?post=5459"}],"wp:featuredmedia":[{"embeddable":true,"href":"https:\/\/antykilion.pl\/en\/wp-json\/wp\/v2\/media\/5460"}],"wp:attachment":[{"href":"https:\/\/antykilion.pl\/en\/wp-json\/wp\/v2\/media?parent=5459"}],"wp:term":[{"taxonomy":"product_cat","embeddable":true,"href":"https:\/\/antykilion.pl\/en\/wp-json\/wp\/v2\/product_cat?post=5459"},{"taxonomy":"product_tag","embeddable":true,"href":"https:\/\/antykilion.pl\/en\/wp-json\/wp\/v2\/product_tag?post=5459"}],"curies":[{"name":"wp","href":"https:\/\/api.w.org\/{rel}","templated":true}]}}