{"id":5515,"date":"2022-04-18T08:40:26","date_gmt":"2022-04-18T06:40:26","guid":{"rendered":"https:\/\/antykilion.pl\/?post_type=product&#038;p=5515"},"modified":"2022-05-19T22:07:01","modified_gmt":"2022-05-19T20:07:01","slug":"weseli-kompani-anton-raufer-redwitz-1871-1965","status":"publish","type":"product","link":"https:\/\/antykilion.pl\/en\/product\/weseli-kompani-anton-raufer-redwitz-1871-1965\/","title":{"rendered":"Weseli kompani, Anton RAUFER-REDWITZ (1871-1965)"},"content":{"rendered":"","protected":false},"excerpt":{"rendered":"<p>Weseli kompani, Anton RAUFER-REDWITZ (1871-1965) Niemcy<\/p>\n<p>Prace malarza wielokrotnie wystawiane na aukcjach dzie\u0142 sztuki.<\/p>\n<p>https:\/\/onebid.pl\/pl\/malarstwo-dawne-anton-raufer-redwitz-1871-1965-martwa-natura-z-dzbanem\/206381<\/p>\n<p>https:\/\/www.dorotheum.com\/en\/l\/4862153\/<\/p>\n<p>Technique: oil on canvas<\/p>\n<p>Stan: bardzo dobry,<\/p>\n<p>Sygnatura:prawy dolny r\u00f3g,<\/p>\n<p>Wymiary: z p\u0142\u00f3tna 60 cm na 80 cm bardzo du\u017cy + rama bardzo dekoracyjna<\/p>\n<p>Do ka\u017cdego przedmiotu Galeria wystawia certyfikat.<\/p>","protected":false},"featured_media":5516,"comment_status":"closed","ping_status":"closed","template":"","meta":[],"product_cat":[41,39,40],"product_tag":[],"class_list":{"0":"post-5515","1":"product","2":"type-product","3":"status-publish","4":"has-post-thumbnail","6":"product_cat-malarstwo-dawne","7":"product_cat-dziela-sztuki","8":"product_cat-malarstwo","10":"entry","11":"has-media","13":"first","14":"instock","15":"taxable","16":"shipping-taxable","17":"purchasable","18":"product-type-simple","19":"has-product-nav","20":"col","21":"span_1_of_3","22":"owp-content-center","23":"owp-thumbs-layout-horizontal","24":"owp-btn-normal","25":"owp-tabs-layout-horizontal"},"aioseo_notices":[],"_links":{"self":[{"href":"https:\/\/antykilion.pl\/en\/wp-json\/wp\/v2\/product\/5515","targetHints":{"allow":["GET"]}}],"collection":[{"href":"https:\/\/antykilion.pl\/en\/wp-json\/wp\/v2\/product"}],"about":[{"href":"https:\/\/antykilion.pl\/en\/wp-json\/wp\/v2\/types\/product"}],"replies":[{"embeddable":true,"href":"https:\/\/antykilion.pl\/en\/wp-json\/wp\/v2\/comments?post=5515"}],"wp:featuredmedia":[{"embeddable":true,"href":"https:\/\/antykilion.pl\/en\/wp-json\/wp\/v2\/media\/5516"}],"wp:attachment":[{"href":"https:\/\/antykilion.pl\/en\/wp-json\/wp\/v2\/media?parent=5515"}],"wp:term":[{"taxonomy":"product_cat","embeddable":true,"href":"https:\/\/antykilion.pl\/en\/wp-json\/wp\/v2\/product_cat?post=5515"},{"taxonomy":"product_tag","embeddable":true,"href":"https:\/\/antykilion.pl\/en\/wp-json\/wp\/v2\/product_tag?post=5515"}],"curies":[{"name":"wp","href":"https:\/\/api.w.org\/{rel}","templated":true}]}}