{"id":5524,"date":"2022-04-21T08:12:09","date_gmt":"2022-04-21T06:12:09","guid":{"rendered":"https:\/\/antykilion.pl\/?post_type=product&#038;p=5524"},"modified":"2022-04-21T14:58:34","modified_gmt":"2022-04-21T12:58:34","slug":"giuseppe-zocchi-1761-r-miesiac-kwiecien-akwaforta","status":"publish","type":"product","link":"https:\/\/antykilion.pl\/en\/product\/giuseppe-zocchi-1761-r-miesiac-kwiecien-akwaforta\/","title":{"rendered":"Giuseppe Zocchi 1761 r Miesi\u0105c kwiecie\u0144 akwaforta"},"content":{"rendered":"","protected":false},"excerpt":{"rendered":"<p>Giuseppe Zocchi oko\u0142o 1761 r Miesi\u0105c kwiecie\u0144, akwaforta<\/p>\n<p>Temat: Kwiecie\u0144<\/p>\n<p>Seria:: Miesi\u0105ce<\/p>\n<p>Opis Kompozycja siedmiu postaci; strzy\u017cenie runa<\/p>\n<p>wed\u0142ug G. Zocchi. ok. 1761 Grawerowanie z akwafort\u0105<\/p>\n<p>Nadruk wykona\u0142: Francesco Bartolozzi<\/p>\n<p>Po: Giuseppe Zocchi<\/p>\n<p>Wyda\u0142: Joseph (Giuseppe) Wagner<\/p>\n<p>Szko\u0142a\/styl W\u0142oski Data produkcji 1761 (oko\u0142o) (oko\u0142o)<\/p>\n<p>Miejsce produkcji Opublikowano w: Wenecja (miasto) Europa: W\u0142ochy: Veneto: Wenecja (prowincja): Wenecja (miasto)<\/p>\n<p>Materia\u0142y papier Techniczny rytownictwo akwaforta<\/p>\n<p>Wymiary Wysoko\u015b\u0107: Wysoko\u015b\u0107: 49 cm,\u00a0 Szeroko\u015b\u0107: 60 cm<\/p>\n<p>framed beautiful!<\/p>\n<p>Very good condition<\/p>\n<p>Technique: etching - paper<\/p>\n<p>Dimensions: etching only 37 cm by 47 cm, dimension with the frame 65 cm by 55 cm<br \/>\ntak\u0105 sam\u0105 grafik\u0119 mo\u017cemy r\u00f3wnie\u017c zobaczy\u0107 w British Muzeum<\/p>\n<p>Etching, etching (Italian: acquaforte - strong water or nitric acid) - concave graphic technique, also a print obtained using this technique. The etching technique was invented at the turn of the 15th and 16th centuries, and it was popularized in the 16th century [1].<\/p>\n<p>It consists in making a metal printing plate with a drawing obtained by etching. A copper or zinc plate is covered with an acid-insoluble etching varnish and then a drawing is made with a steel needle revealing the metal surface [2]. By dipping the plate in acid, the deep drawing on the plate is etched. In order to deepen the lines in the dark parts of the drawing, this process is repeated several times. After the final etching and removal of the varnish, the printing ink is rubbed into the plate, which is only retained in the etched depressions. The ink pressed into the etched recesses of the plate is transferred to the paper under pressure in a gravure press [3].<\/p>\n<p>The etching was used by: Albrecht D\u00fcrer, Rembrandt, Jacques Callot, Francisco Goya [4], Giovanni Battista Piranesi, James Abbott McNeill Whistler, Marc Chagall, Pablo Picasso, Taras Szewczenko, Daniel Chodowiecki, Jan Piotr Norblin, Micha\u0142 P\u0142o\u0144ski, Leon Wycz\u00f3\u0142kowski, Mehoffer, J\u00f3zef Pankiewicz, Wojciech Weiss, Zbigniew Rabsztyn, J\u00f3zef Pieni\u0105\u017cek, Magdalena Gintowt-Juchniewicz, Cezary Paszkowski, Barbara Rosiak, Leszek R\u00f3zga, Barbara Nar\u0119bska-D\u0119bska, Tadeusz Micha\u0142 Siara, Beata Nehring. Chaim Goldberg<\/p>\n<p>The first etching is dated 1513 and its creator is the Swiss engraver Urs Graf [5]. As a result of the development of this technique in the 18th century, an aquatint was invented to expand the possibilities of donation<\/p>","protected":false},"featured_media":5587,"comment_status":"closed","ping_status":"closed","template":"","meta":[],"product_cat":[41,39,40],"product_tag":[],"class_list":{"0":"post-5524","1":"product","2":"type-product","3":"status-publish","4":"has-post-thumbnail","6":"product_cat-malarstwo-dawne","7":"product_cat-dziela-sztuki","8":"product_cat-malarstwo","10":"entry","11":"has-media","13":"first","14":"instock","15":"taxable","16":"shipping-taxable","17":"purchasable","18":"product-type-simple","19":"has-product-nav","20":"col","21":"span_1_of_3","22":"owp-content-center","23":"owp-thumbs-layout-horizontal","24":"owp-btn-normal","25":"owp-tabs-layout-horizontal"},"aioseo_notices":[],"_links":{"self":[{"href":"https:\/\/antykilion.pl\/en\/wp-json\/wp\/v2\/product\/5524","targetHints":{"allow":["GET"]}}],"collection":[{"href":"https:\/\/antykilion.pl\/en\/wp-json\/wp\/v2\/product"}],"about":[{"href":"https:\/\/antykilion.pl\/en\/wp-json\/wp\/v2\/types\/product"}],"replies":[{"embeddable":true,"href":"https:\/\/antykilion.pl\/en\/wp-json\/wp\/v2\/comments?post=5524"}],"wp:featuredmedia":[{"embeddable":true,"href":"https:\/\/antykilion.pl\/en\/wp-json\/wp\/v2\/media\/5587"}],"wp:attachment":[{"href":"https:\/\/antykilion.pl\/en\/wp-json\/wp\/v2\/media?parent=5524"}],"wp:term":[{"taxonomy":"product_cat","embeddable":true,"href":"https:\/\/antykilion.pl\/en\/wp-json\/wp\/v2\/product_cat?post=5524"},{"taxonomy":"product_tag","embeddable":true,"href":"https:\/\/antykilion.pl\/en\/wp-json\/wp\/v2\/product_tag?post=5524"}],"curies":[{"name":"wp","href":"https:\/\/api.w.org\/{rel}","templated":true}]}}