{"id":5588,"date":"2022-04-24T10:51:11","date_gmt":"2022-04-24T08:51:11","guid":{"rendered":"https:\/\/antykilion.pl\/?post_type=product&#038;p=5588"},"modified":"2022-12-12T10:50:04","modified_gmt":"2022-12-12T09:50:04","slug":"krzyk-londynu-miedzioryty-francis-wheatley-xviii-w","status":"publish","type":"product","link":"https:\/\/antykilion.pl\/en\/product\/krzyk-londynu-miedzioryty-francis-wheatley-xviii-w\/","title":{"rendered":"Krzyk Londynu miedzioryty FRANCIS WHEATLEY XVIII w"},"content":{"rendered":"","protected":false},"excerpt":{"rendered":"<p>Krzyk Londynu, 4 miedzioryty kolorowane r\u0119cznie,<\/p>\n<p>Temat: Krzyk Londynu<\/p>\n<p>Cztery oprawione miedzioryty r\u0119cznie malowane autorstwa Francisa Wheatleya (1747-1801). Przedstawiaj\u0105ce ulicznych handlarzy oraz sklepikarzy \u017cyj\u0105cych na ulicach miasta. Przypominaj\u0105cy zapomniany Londyn, gdzie w\u0119drowni kupcy reklamowali swoje towary muzycznym okrzykiem lub melodyjn\u0105 rymowank\u0105.<\/p>\n<p>Artysta: Francisa Wheatleya (1747-1801)<\/p>\n<p>Data: 1747-1801<\/p>\n<p>Medium: trawienie i grawerowanie<\/p>\n<p>Miejsce produkcji Opublikowano w: Anglia<\/p>\n<p>Materia\u0142y papier<\/p>\n<p>Technika Miedzioryt r\u0119cznie malowany<\/p>\n<p>Wymiary Wysoko\u015b\u0107: Wysoko\u015b\u0107: 33 cm Szeroko\u015b\u0107: Szeroko\u015b\u0107: 28 cm &#8211; wymiary z obramowaniem<\/p>","protected":false},"featured_media":5589,"comment_status":"closed","ping_status":"closed","template":"","meta":[],"product_cat":[41,39,40],"product_tag":[],"class_list":{"0":"post-5588","1":"product","2":"type-product","3":"status-publish","4":"has-post-thumbnail","6":"product_cat-malarstwo-dawne","7":"product_cat-dziela-sztuki","8":"product_cat-malarstwo","10":"entry","11":"has-media","13":"first","14":"instock","15":"taxable","16":"shipping-taxable","17":"purchasable","18":"product-type-simple","19":"has-product-nav","20":"col","21":"span_1_of_3","22":"owp-content-center","23":"owp-thumbs-layout-horizontal","24":"owp-btn-normal","25":"owp-tabs-layout-horizontal"},"aioseo_notices":[],"_links":{"self":[{"href":"https:\/\/antykilion.pl\/en\/wp-json\/wp\/v2\/product\/5588","targetHints":{"allow":["GET"]}}],"collection":[{"href":"https:\/\/antykilion.pl\/en\/wp-json\/wp\/v2\/product"}],"about":[{"href":"https:\/\/antykilion.pl\/en\/wp-json\/wp\/v2\/types\/product"}],"replies":[{"embeddable":true,"href":"https:\/\/antykilion.pl\/en\/wp-json\/wp\/v2\/comments?post=5588"}],"wp:featuredmedia":[{"embeddable":true,"href":"https:\/\/antykilion.pl\/en\/wp-json\/wp\/v2\/media\/5589"}],"wp:attachment":[{"href":"https:\/\/antykilion.pl\/en\/wp-json\/wp\/v2\/media?parent=5588"}],"wp:term":[{"taxonomy":"product_cat","embeddable":true,"href":"https:\/\/antykilion.pl\/en\/wp-json\/wp\/v2\/product_cat?post=5588"},{"taxonomy":"product_tag","embeddable":true,"href":"https:\/\/antykilion.pl\/en\/wp-json\/wp\/v2\/product_tag?post=5588"}],"curies":[{"name":"wp","href":"https:\/\/api.w.org\/{rel}","templated":true}]}}