{"id":5599,"date":"2022-04-24T11:43:43","date_gmt":"2022-04-24T09:43:43","guid":{"rendered":"https:\/\/antykilion.pl\/?post_type=product&#038;p=5599"},"modified":"2022-05-02T13:56:28","modified_gmt":"2022-05-02T11:56:28","slug":"pejzaz-z-wedrowcami-przelom-xvii-xviii-w-piekny","status":"publish","type":"product","link":"https:\/\/antykilion.pl\/en\/product\/pejzaz-z-wedrowcami-przelom-xvii-xviii-w-piekny\/","title":{"rendered":"Pejza\u017c z w\u0119drowcami, prze\u0142om XVII\/XVIII w Pi\u0119kny"},"content":{"rendered":"","protected":false},"excerpt":{"rendered":"<p>Pejza\u017c z w\u0119drowcami, prze\u0142om XVII\/XVIII w Pi\u0119kny<\/p>\n<p>Bardzo dekoracyjne malarstwo, do pi\u0119knego salonu<\/p>\n<p>Technique: oil on canvas<\/p>\n<p>Stan: dobry, gdzie nie gdzie naprawy<\/p>\n<p>Sygnatura:autor nierozpoznany<\/p>\n<p>Wymiary: z ram\u0105 to oko\u0142o 70 cm  na 70 cm p\u0142\u00f3tna 66 cm na 66 cm<\/p>\n<p>Origin: Europe<\/p>","protected":false},"featured_media":5600,"comment_status":"closed","ping_status":"closed","template":"","meta":[],"product_cat":[41,39,40],"product_tag":[],"class_list":{"0":"post-5599","1":"product","2":"type-product","3":"status-publish","4":"has-post-thumbnail","6":"product_cat-malarstwo-dawne","7":"product_cat-dziela-sztuki","8":"product_cat-malarstwo","10":"entry","11":"has-media","13":"first","14":"instock","15":"taxable","16":"shipping-taxable","17":"purchasable","18":"product-type-simple","19":"has-product-nav","20":"col","21":"span_1_of_3","22":"owp-content-center","23":"owp-thumbs-layout-horizontal","24":"owp-btn-normal","25":"owp-tabs-layout-horizontal"},"aioseo_notices":[],"_links":{"self":[{"href":"https:\/\/antykilion.pl\/en\/wp-json\/wp\/v2\/product\/5599","targetHints":{"allow":["GET"]}}],"collection":[{"href":"https:\/\/antykilion.pl\/en\/wp-json\/wp\/v2\/product"}],"about":[{"href":"https:\/\/antykilion.pl\/en\/wp-json\/wp\/v2\/types\/product"}],"replies":[{"embeddable":true,"href":"https:\/\/antykilion.pl\/en\/wp-json\/wp\/v2\/comments?post=5599"}],"wp:featuredmedia":[{"embeddable":true,"href":"https:\/\/antykilion.pl\/en\/wp-json\/wp\/v2\/media\/5600"}],"wp:attachment":[{"href":"https:\/\/antykilion.pl\/en\/wp-json\/wp\/v2\/media?parent=5599"}],"wp:term":[{"taxonomy":"product_cat","embeddable":true,"href":"https:\/\/antykilion.pl\/en\/wp-json\/wp\/v2\/product_cat?post=5599"},{"taxonomy":"product_tag","embeddable":true,"href":"https:\/\/antykilion.pl\/en\/wp-json\/wp\/v2\/product_tag?post=5599"}],"curies":[{"name":"wp","href":"https:\/\/api.w.org\/{rel}","templated":true}]}}