{"id":5654,"date":"2022-05-19T19:08:03","date_gmt":"2022-05-19T17:08:03","guid":{"rendered":"https:\/\/antykilion.pl\/?post_type=product&#038;p=5654"},"modified":"2022-05-19T19:08:03","modified_gmt":"2022-05-19T17:08:03","slug":"hans-wagner-german-1885-1953-miasteczko-wlochy","status":"publish","type":"product","link":"https:\/\/antykilion.pl\/en\/product\/hans-wagner-german-1885-1953-miasteczko-wlochy\/","title":{"rendered":"Hans Wagner (German, 1885\u20131953) miasteczko W\u0142ochy"},"content":{"rendered":"","protected":false},"excerpt":{"rendered":"<p>Widok Miasteczka w W\u0142oszech<\/p>\n<p>Technique: oil on canvas<\/p>\n<p>Stan: bardzo dobry, po konserwacji<\/p>\n<p>Sygnatura: widoczna na zdj\u0119ciu, Hans Wagner<\/p>\n<p>Wymiary: p\u0142\u00f3tna oko\u0142o 72 cm na 58 cm + rama<\/p>\n<p>Bardzo dobre malarstwo, bardzo dekoracyjne.<\/p>\n<p>Do ka\u017cdego przedmiotu Galeria wystawia certyfikat.<\/p>","protected":false},"featured_media":5655,"comment_status":"closed","ping_status":"closed","template":"","meta":[],"product_cat":[41,39,40],"product_tag":[],"class_list":{"0":"post-5654","1":"product","2":"type-product","3":"status-publish","4":"has-post-thumbnail","6":"product_cat-malarstwo-dawne","7":"product_cat-dziela-sztuki","8":"product_cat-malarstwo","10":"entry","11":"has-media","13":"first","14":"instock","15":"taxable","16":"shipping-taxable","17":"purchasable","18":"product-type-simple","19":"has-product-nav","20":"col","21":"span_1_of_3","22":"owp-content-center","23":"owp-thumbs-layout-horizontal","24":"owp-btn-normal","25":"owp-tabs-layout-horizontal"},"aioseo_notices":[],"_links":{"self":[{"href":"https:\/\/antykilion.pl\/en\/wp-json\/wp\/v2\/product\/5654","targetHints":{"allow":["GET"]}}],"collection":[{"href":"https:\/\/antykilion.pl\/en\/wp-json\/wp\/v2\/product"}],"about":[{"href":"https:\/\/antykilion.pl\/en\/wp-json\/wp\/v2\/types\/product"}],"replies":[{"embeddable":true,"href":"https:\/\/antykilion.pl\/en\/wp-json\/wp\/v2\/comments?post=5654"}],"wp:featuredmedia":[{"embeddable":true,"href":"https:\/\/antykilion.pl\/en\/wp-json\/wp\/v2\/media\/5655"}],"wp:attachment":[{"href":"https:\/\/antykilion.pl\/en\/wp-json\/wp\/v2\/media?parent=5654"}],"wp:term":[{"taxonomy":"product_cat","embeddable":true,"href":"https:\/\/antykilion.pl\/en\/wp-json\/wp\/v2\/product_cat?post=5654"},{"taxonomy":"product_tag","embeddable":true,"href":"https:\/\/antykilion.pl\/en\/wp-json\/wp\/v2\/product_tag?post=5654"}],"curies":[{"name":"wp","href":"https:\/\/api.w.org\/{rel}","templated":true}]}}