{"id":5686,"date":"2022-05-21T10:36:29","date_gmt":"2022-05-21T08:36:29","guid":{"rendered":"https:\/\/antykilion.pl\/?post_type=product&#038;p=5686"},"modified":"2022-05-21T10:36:29","modified_gmt":"2022-05-21T08:36:29","slug":"portret-dziewczyny-xix-w-okolo-1880-r-wladyslaw-czachorski-przypisywany","status":"publish","type":"product","link":"https:\/\/antykilion.pl\/en\/product\/portret-dziewczyny-xix-w-okolo-1880-r-wladyslaw-czachorski-przypisywany\/","title":{"rendered":"Portret Dziewczyny XIX w oko\u0142o 1880 r   W\u0142adys\u0142aw Czach\u00f3rski przypisywany"},"content":{"rendered":"","protected":false},"excerpt":{"rendered":"<p>Portret Dziewczyny XIX w oko\u0142o 1880 r<\/p>\n<p>W\u0142adys\u0142aw Czach\u00f3rski przypisywany<\/p>\n<p>ur. 1850 &#8211; 1911, kraj: Polska<\/p>\n<p>W\u0142adys\u0142aw Czach\u00f3rski (Lublin 1850 &#8211; Monachium 1911) \u2013 obok J\u00f3zefa Brandta i Alfreda Wierusza Kowalskiego, by\u0142 najwy\u017cej cenionym i\u00a0najbardziej znanym przedstawicielem polskiej kolonii artystycznej w Monachium prze\u0142omu XIX i XX wieku. Studia artystyczne rozpocz\u0105\u0142 u R. Hadziewicza w warszawskiej Klasie Rysunkowej (1866-1867), nast\u0119pnie kszta\u0142ci\u0142 si\u0119 w Akademii Sztuk Pi\u0119knych w Dre\u017anie (1868) oraz od 1869 w Akademii w Monachium, pod kierunkiem H. Ansch\u00fctza, O. Seitza, A. Wagnera i K. Piloty\u2019ego. Akademi\u0119 uko\u0144czy\u0142 w roku 1873, odznaczony srebrnym medalem za Scen\u0119 z \u201eKupca weneckiego\u201d. W latach 1874-1877 podr\u00f3\u017cowa\u0142 do W\u0142och, Francji i\u00a0kilkakrotnie przyje\u017cd\u017ca\u0142 do kraju. W roku 1879 na sta\u0142e osiad\u0142 w Monachium i wzi\u0105\u0142 udzia\u0142 w II Wszech\u015bwiatowej Wystawie Sztuki w monachijskim Glaspalast, na kt\u00f3rej otrzyma\u0142 z\u0142oty medal za obraz Aktorzy przed Hamletem. Powszechnie ceniony i szanowany, zosta\u0142 w roku 1893 zosta\u0142 odznaczony bawarskim Orderem \u015aw. Micha\u0142a. By\u0142 cz\u0142onkiem monachijskiego Kunstvereinu, cz\u0142onkiem Akademii berli\u0144skiej i honorowym profesorem Akademii monachijskiej. Bra\u0142 udzia\u0142 w licznych wystawach, m.in. w Monachium, Wiedniu, Berlinie, Dre\u017anie oraz w Krakowie, Warszawie, w \u0141odzi i we Lwowie. Malowa\u0142 obrazy o tematyce szekspirowskiej, martwe natury, wn\u0119trza, pejza\u017ce, portrety i \u2013 przede wszystkim \u2013 kameralne sceny salonowe z postaciami pi\u0119knych i delikatnych dam, kt\u00f3re niby \u201ezaczarowane ksi\u0119\u017cniczki w at\u0142asowych szatach \u017cyj\u0105 w \u015bwiecie szcz\u0119\u015bliwo\u015bci, beztroski, wiecznej pogody, ci\u0105g\u0142ego u\u015bmiechu i wytworno\u015bci\u201d. Doskona\u0142o\u015b\u0107 warsztatu, elegancja, finezja i mistrzostwo w odtwarzaniu detali bogatych stroj\u00f3w, tkanin, kwiat\u00f3w i zbytkownych przedmiot\u00f3w sprawi\u0142y, \u017ce w\u0142a\u015bnie te obrazy znajdowa\u0142y najwi\u0119cej nabywc\u00f3w. Sukces i ogromne powodzenie Czach\u00f3rskiego na europejskim rynku sztuki spowodowa\u0142y, \u017ce tylko niewiele jego dzie\u0142 trafi\u0142o do zbior\u00f3w polskich. Wi\u0119kszo\u015b\u0107 z nich zgromadzi\u0142a monograficzna wystawa prac artysty przygotowana w roku 2001 przez Muzeum Lubelskie w Lublinie.<\/p>\n<p>Technique: oil on canvas<\/p>\n<p>Stan: bardzo dobry,widoczne sp\u0119kania<\/p>\n<p>Sygnatura: Obraz nie podpisany prawdopodobnie przyci\u0119ty, z ca\u0142\u0105 pewno\u015bci\u0105 bardzo dobre malarstwo, na pewno Monachijczyk, prawdopodobnie praca<\/p>\n<p>W\u0142adys\u0142awa Czach\u00f3rskiego<\/p>\n<p>Wymiary: p\u0142\u00f3tna 43,5 cm na 40 cm, z ram\u0105\u00a0 (61,5 cm na 67,5 cm)<\/p>\n<p>Bardzo dobre malarstwo, bardzo dekoracyjne.<\/p>\n<p>Do ka\u017cdego przedmiotu Galeria wystawia certyfikat.<\/p>","protected":false},"featured_media":5687,"comment_status":"closed","ping_status":"closed","template":"","meta":[],"product_cat":[41,39,40],"product_tag":[],"class_list":{"0":"post-5686","1":"product","2":"type-product","3":"status-publish","4":"has-post-thumbnail","6":"product_cat-malarstwo-dawne","7":"product_cat-dziela-sztuki","8":"product_cat-malarstwo","10":"entry","11":"has-media","13":"first","14":"instock","15":"taxable","16":"shipping-taxable","17":"purchasable","18":"product-type-simple","19":"has-product-nav","20":"col","21":"span_1_of_3","22":"owp-content-center","23":"owp-thumbs-layout-horizontal","24":"owp-btn-normal","25":"owp-tabs-layout-horizontal"},"aioseo_notices":[],"_links":{"self":[{"href":"https:\/\/antykilion.pl\/en\/wp-json\/wp\/v2\/product\/5686","targetHints":{"allow":["GET"]}}],"collection":[{"href":"https:\/\/antykilion.pl\/en\/wp-json\/wp\/v2\/product"}],"about":[{"href":"https:\/\/antykilion.pl\/en\/wp-json\/wp\/v2\/types\/product"}],"replies":[{"embeddable":true,"href":"https:\/\/antykilion.pl\/en\/wp-json\/wp\/v2\/comments?post=5686"}],"wp:featuredmedia":[{"embeddable":true,"href":"https:\/\/antykilion.pl\/en\/wp-json\/wp\/v2\/media\/5687"}],"wp:attachment":[{"href":"https:\/\/antykilion.pl\/en\/wp-json\/wp\/v2\/media?parent=5686"}],"wp:term":[{"taxonomy":"product_cat","embeddable":true,"href":"https:\/\/antykilion.pl\/en\/wp-json\/wp\/v2\/product_cat?post=5686"},{"taxonomy":"product_tag","embeddable":true,"href":"https:\/\/antykilion.pl\/en\/wp-json\/wp\/v2\/product_tag?post=5686"}],"curies":[{"name":"wp","href":"https:\/\/api.w.org\/{rel}","templated":true}]}}