{"id":5704,"date":"2022-05-23T08:02:16","date_gmt":"2022-05-23T06:02:16","guid":{"rendered":"https:\/\/antykilion.pl\/?post_type=product&#038;p=5704"},"modified":"2025-10-25T12:31:17","modified_gmt":"2025-10-25T10:31:17","slug":"peter-veerkamp-belgian-1872-1947-portowe-miasteczko","status":"publish","type":"product","link":"https:\/\/antykilion.pl\/en\/product\/peter-veerkamp-belgian-1872-1947-portowe-miasteczko\/","title":{"rendered":"Peter Veerkamp Belgian 1872\u20131947  portowe miasteczko"},"content":{"rendered":"","protected":false},"excerpt":{"rendered":"<p>Peter Veerkamp Belgian 1872\u20131947 portowe miasteczko<\/p>\n<p>Technique: oil on canvas<\/p>\n<p>Stan: bardzo dobry, rama naprawiona po konserwacji<\/p>\n<p>Sygnatura: Sygnatura widoczna na zdj\u0119ciu<\/p>\n<p>Wymiary: 46\u00a0 cm na\u00a0 101 cm, z ram\u0105 oko\u0142o 66 cm na 121 cm bardzo du\u017cy dekoracyjny<\/p>\n<p>Bardzo dobre malarstwo, bardzo dekoracyjne.<\/p>\n<p>Do ka\u017cdego przedmiotu Galeria wystawia certyfikat.<\/p>","protected":false},"featured_media":5705,"comment_status":"closed","ping_status":"closed","template":"","meta":[],"product_cat":[41,39,40],"product_tag":[],"class_list":{"0":"post-5704","1":"product","2":"type-product","3":"status-publish","4":"has-post-thumbnail","6":"product_cat-malarstwo-dawne","7":"product_cat-dziela-sztuki","8":"product_cat-malarstwo","10":"entry","11":"has-media","13":"first","14":"instock","15":"taxable","16":"shipping-taxable","17":"purchasable","18":"product-type-simple","19":"has-product-nav","20":"col","21":"span_1_of_3","22":"owp-content-center","23":"owp-thumbs-layout-horizontal","24":"owp-btn-normal","25":"owp-tabs-layout-horizontal"},"aioseo_notices":[],"_links":{"self":[{"href":"https:\/\/antykilion.pl\/en\/wp-json\/wp\/v2\/product\/5704","targetHints":{"allow":["GET"]}}],"collection":[{"href":"https:\/\/antykilion.pl\/en\/wp-json\/wp\/v2\/product"}],"about":[{"href":"https:\/\/antykilion.pl\/en\/wp-json\/wp\/v2\/types\/product"}],"replies":[{"embeddable":true,"href":"https:\/\/antykilion.pl\/en\/wp-json\/wp\/v2\/comments?post=5704"}],"wp:featuredmedia":[{"embeddable":true,"href":"https:\/\/antykilion.pl\/en\/wp-json\/wp\/v2\/media\/5705"}],"wp:attachment":[{"href":"https:\/\/antykilion.pl\/en\/wp-json\/wp\/v2\/media?parent=5704"}],"wp:term":[{"taxonomy":"product_cat","embeddable":true,"href":"https:\/\/antykilion.pl\/en\/wp-json\/wp\/v2\/product_cat?post=5704"},{"taxonomy":"product_tag","embeddable":true,"href":"https:\/\/antykilion.pl\/en\/wp-json\/wp\/v2\/product_tag?post=5704"}],"curies":[{"name":"wp","href":"https:\/\/api.w.org\/{rel}","templated":true}]}}