{"id":5771,"date":"2022-06-12T21:03:28","date_gmt":"2022-06-12T19:03:28","guid":{"rendered":"https:\/\/antykilion.pl\/?post_type=product&#038;p=5771"},"modified":"2022-09-22T15:10:16","modified_gmt":"2022-09-22T13:10:16","slug":"muzealny-zegar-berninck-jan-amsterdam-okolo-1730-r","status":"publish","type":"product","link":"https:\/\/antykilion.pl\/en\/product\/muzealny-zegar-berninck-jan-amsterdam-okolo-1730-r\/","title":{"rendered":"Muzealny zegar Berninck Jan Amsterdam oko\u0142o 1730 r"},"content":{"rendered":"","protected":false},"excerpt":{"rendered":"<p>Muzealny zegar Berninck Jan Amsterdam oko\u0142o 1730 r<\/p>\n<p>A cabinet clock, floor<\/p>\n<p>Zegar w pe\u0142ni sprawny, po przegl\u0105dzie zegarmistrza.<\/p>\n<p>Fazy ksi\u0119\u017cyca, dni tygodnia, datownik, sekundnik oraz Budzik !!!!<\/p>\n<p>obudowa: orzech, szk\u0142o; mechanizm: mosi\u0105dz, br\u0105z, stal; wys. 255 cm; szer.54 cm; g\u0142\u0119b.30 cm.<\/p>\n<p>Holandia Amsterdam 1730<\/p>\n<p>Szafka d\u0119bowa fornirowana orzechem. Szafka prosta ze \u015bci\u0119tymi naro\u017cnikami, Dolna cz\u0119\u015b\u0107\u00a0 poszerzona skrzynkowa umieszczona na nogach kulistych z obr\u0119czami u g\u00f3ry. D\u0142ugie drzwi maj\u0105 ma\u0142e wyci\u0119cie u g\u00f3ry, a przed oknem wahad\u0142a znajduje si\u0119 mosi\u0119\u017cny owalny odlew. Drzwi okapu wyposa\u017cone s\u0105 w 3\/4 kolumny z mosi\u0119\u017cnymi piwnicami i rozdzia\u0142ami. Kaptur zdobi\u0105 3 kominy z wstawionymi wazonami.( na zdj\u0119ciu jeden u\u0142amany oczywi\u015bcie naprawiony) Praca godzinowa 1-tygodniowy bieg jest nap\u0119dzany 2 obci\u0105\u017cnikami pokrytymi mosi\u0105dzem na kr\u0105\u017ckach i sznurku. Przek\u0142adnia wykonana jest z kotwiczeniem i d\u0142ugim wahad\u0142em w szafce. P\u00f3\u0142godzinny mechanizm zegarowy ca\u0142kowicie bije godziny i p\u00f3\u0142 godziny na 2 dzwonkach. Mechanizm zegarowy zawiera r\u00f3wnie\u017c prze\u0142\u0105cznik beat\/fail oraz budzik, miesi\u0105ce datownik sekundnik oraz fazy ksi\u0119\u017cyca P\u0142yta zegarowa Mosi\u0119\u017cna tarcza jest ozdobiona odlewanymi mosi\u0119\u017cnymi i posrebrzanymi elementami oraz matowymi.<\/p>\n<p>Niezwykle efektowny przyk\u0142ad najbardziej luksusowego zegara.<\/p>\n<p>Beautiful makes an impression !!!<\/p>\n<p>Jan Berninck c.1720-c. 1750 (aktywny)<\/p>\n<p>Amsterdam<\/p>\n<p>Biografia Zegarmistrza Morpurgo, E. (1970), &#8220;zegar holenderski i zegarmistrzowie od 1300&#8221;, Schltema &#038; Holkema, Amsterdam<\/p>","protected":false},"featured_media":5809,"comment_status":"closed","ping_status":"closed","template":"","meta":[],"product_cat":[52,51],"product_tag":[],"class_list":{"0":"post-5771","1":"product","2":"type-product","3":"status-publish","4":"has-post-thumbnail","6":"product_cat-zegary-stojace","7":"product_cat-zegary","9":"entry","10":"has-media","12":"first","13":"instock","14":"taxable","15":"shipping-taxable","16":"purchasable","17":"product-type-simple","18":"has-product-nav","19":"col","20":"span_1_of_3","21":"owp-content-center","22":"owp-thumbs-layout-horizontal","23":"owp-btn-normal","24":"owp-tabs-layout-horizontal"},"aioseo_notices":[],"_links":{"self":[{"href":"https:\/\/antykilion.pl\/en\/wp-json\/wp\/v2\/product\/5771","targetHints":{"allow":["GET"]}}],"collection":[{"href":"https:\/\/antykilion.pl\/en\/wp-json\/wp\/v2\/product"}],"about":[{"href":"https:\/\/antykilion.pl\/en\/wp-json\/wp\/v2\/types\/product"}],"replies":[{"embeddable":true,"href":"https:\/\/antykilion.pl\/en\/wp-json\/wp\/v2\/comments?post=5771"}],"wp:featuredmedia":[{"embeddable":true,"href":"https:\/\/antykilion.pl\/en\/wp-json\/wp\/v2\/media\/5809"}],"wp:attachment":[{"href":"https:\/\/antykilion.pl\/en\/wp-json\/wp\/v2\/media?parent=5771"}],"wp:term":[{"taxonomy":"product_cat","embeddable":true,"href":"https:\/\/antykilion.pl\/en\/wp-json\/wp\/v2\/product_cat?post=5771"},{"taxonomy":"product_tag","embeddable":true,"href":"https:\/\/antykilion.pl\/en\/wp-json\/wp\/v2\/product_tag?post=5771"}],"curies":[{"name":"wp","href":"https:\/\/api.w.org\/{rel}","templated":true}]}}