{"id":5791,"date":"2022-06-13T09:32:19","date_gmt":"2022-06-13T07:32:19","guid":{"rendered":"https:\/\/antykilion.pl\/?post_type=product&#038;p=5791"},"modified":"2023-10-26T07:45:34","modified_gmt":"2023-10-26T05:45:34","slug":"5791","status":"publish","type":"product","link":"https:\/\/antykilion.pl\/en\/product\/5791\/","title":{"rendered":"Zamek noc\u0105 oko\u0142o po\u0142owy XIX w ogromny 160 cm"},"content":{"rendered":"","protected":false},"excerpt":{"rendered":"<p>Obraz Zamek noc\u0105 oko\u0142o po\u0142owy XIX w ogromny, pi\u0119kny i malowniczy.<\/p>\n<p>Technique: canvas oil<\/p>\n<p>Stan: bardzo dobry, po konserwacji<\/p>\n<p>Artysta : trudny do odczytania zatarcia, b\u0119dziemy wdzi\u0119czni za identyfikacj\u0119 .<\/p>\n<p>Wymiary:\u00a0 107 cm na 71 cm + ram\u0105 oko\u0142o 160 cm na 120 cm<\/p>\n<p>very decorative image<\/p>\n<p>Do ka\u017cdego przedmiotu Galeria wystawia certyfikat.<\/p>","protected":false},"featured_media":5792,"comment_status":"closed","ping_status":"closed","template":"","meta":[],"product_cat":[41,39,40],"product_tag":[],"class_list":{"0":"post-5791","1":"product","2":"type-product","3":"status-publish","4":"has-post-thumbnail","6":"product_cat-malarstwo-dawne","7":"product_cat-dziela-sztuki","8":"product_cat-malarstwo","10":"entry","11":"has-media","13":"first","14":"instock","15":"taxable","16":"shipping-taxable","17":"purchasable","18":"product-type-simple","19":"has-product-nav","20":"col","21":"span_1_of_3","22":"owp-content-center","23":"owp-thumbs-layout-horizontal","24":"owp-btn-normal","25":"owp-tabs-layout-horizontal","26":"has-no-thumbnails"},"aioseo_notices":[],"_links":{"self":[{"href":"https:\/\/antykilion.pl\/en\/wp-json\/wp\/v2\/product\/5791","targetHints":{"allow":["GET"]}}],"collection":[{"href":"https:\/\/antykilion.pl\/en\/wp-json\/wp\/v2\/product"}],"about":[{"href":"https:\/\/antykilion.pl\/en\/wp-json\/wp\/v2\/types\/product"}],"replies":[{"embeddable":true,"href":"https:\/\/antykilion.pl\/en\/wp-json\/wp\/v2\/comments?post=5791"}],"wp:featuredmedia":[{"embeddable":true,"href":"https:\/\/antykilion.pl\/en\/wp-json\/wp\/v2\/media\/5792"}],"wp:attachment":[{"href":"https:\/\/antykilion.pl\/en\/wp-json\/wp\/v2\/media?parent=5791"}],"wp:term":[{"taxonomy":"product_cat","embeddable":true,"href":"https:\/\/antykilion.pl\/en\/wp-json\/wp\/v2\/product_cat?post=5791"},{"taxonomy":"product_tag","embeddable":true,"href":"https:\/\/antykilion.pl\/en\/wp-json\/wp\/v2\/product_tag?post=5791"}],"curies":[{"name":"wp","href":"https:\/\/api.w.org\/{rel}","templated":true}]}}