{"id":5838,"date":"2022-08-10T07:55:12","date_gmt":"2022-08-10T05:55:12","guid":{"rendered":"https:\/\/antykilion.pl\/?post_type=product&#038;p=5838"},"modified":"2024-07-01T21:57:42","modified_gmt":"2024-07-01T19:57:42","slug":"cabinet-empir-biedermeier-xix-w-okolo-1810-30-r-2","status":"publish","type":"product","link":"https:\/\/antykilion.pl\/en\/product\/cabinet-empir-biedermeier-xix-w-okolo-1810-30-r-2\/","title":{"rendered":"Cabinet- kredens  Empir- Biedermeier XIX w oko\u0142o 1810\/30 r"},"content":{"rendered":"","protected":false},"excerpt":{"rendered":"<p>Cabinet Empir- Biedermeier XIX w oko\u0142o 1810\/30 r<\/p>\n<p>mebel prostopad\u0142o\u015bcienny,  komoda czteroszufladowa, fornirowana mahoniem piramidalnym, wsparta na czterech n\u00f3\u017ckach, przednich konsolowych, tylnych graniastych.<\/p>\n<p>Blat nieco wysuni\u0119ty poza zarys korpusu, profilowany, schodkowy.<\/p>\n<p>Szuflady dekorowane geometrycznymi, zag\u0142\u0119bionymi polami, g\u00f3rna prosta, trzy pozosta\u0142e arkad\u0105. Zamki mosi\u0119\u017cne, wpuszczane; okucia mosi\u0119\u017cne klasycyzuj\u0105ce.<\/p>\n<p>Nadstawka prosta z zaokr\u0105glonymi naro\u017cami.<\/p>\n<p>Zar\u00f3wno komoda jak i nadstawka wyko\u0144czona mosi\u0119\u017cnymi pere\u0142kami.<\/p>\n<p>Powsta\u0142a najprawdopodobniej na terenie p\u00f3\u0142nocnych Niemiec w latach 1810-1830,<\/p>\n<p>Stan  bardzo dobry po konserwacji<\/p>\n<p>Wymiary:Szeroko\u015b\u0107 124, g\u0142\u0119boko\u015b\u0107 57, wysoko\u015b\u0107 224 cm<\/p>\n<p>Materia\u0142: forniry maho\u0144 piramidalny, okucia br\u0105z z\u0142ocony<\/p>\n<p>Mebel bardzo rzadki na rynku antykwarycznym<\/p>","protected":false},"featured_media":5843,"comment_status":"closed","ping_status":"closed","template":"","meta":[],"product_cat":[26,27,17],"product_tag":[],"class_list":{"0":"post-5838","1":"product","2":"type-product","3":"status-publish","4":"has-post-thumbnail","6":"product_cat-komody","7":"product_cat-kredensy-bufety","8":"product_cat-meble","10":"entry","11":"has-media","13":"first","14":"instock","15":"taxable","16":"shipping-taxable","17":"purchasable","18":"product-type-simple","19":"has-product-nav","20":"col","21":"span_1_of_3","22":"owp-content-center","23":"owp-thumbs-layout-horizontal","24":"owp-btn-normal","25":"owp-tabs-layout-horizontal"},"aioseo_notices":[],"_links":{"self":[{"href":"https:\/\/antykilion.pl\/en\/wp-json\/wp\/v2\/product\/5838","targetHints":{"allow":["GET"]}}],"collection":[{"href":"https:\/\/antykilion.pl\/en\/wp-json\/wp\/v2\/product"}],"about":[{"href":"https:\/\/antykilion.pl\/en\/wp-json\/wp\/v2\/types\/product"}],"replies":[{"embeddable":true,"href":"https:\/\/antykilion.pl\/en\/wp-json\/wp\/v2\/comments?post=5838"}],"wp:featuredmedia":[{"embeddable":true,"href":"https:\/\/antykilion.pl\/en\/wp-json\/wp\/v2\/media\/5843"}],"wp:attachment":[{"href":"https:\/\/antykilion.pl\/en\/wp-json\/wp\/v2\/media?parent=5838"}],"wp:term":[{"taxonomy":"product_cat","embeddable":true,"href":"https:\/\/antykilion.pl\/en\/wp-json\/wp\/v2\/product_cat?post=5838"},{"taxonomy":"product_tag","embeddable":true,"href":"https:\/\/antykilion.pl\/en\/wp-json\/wp\/v2\/product_tag?post=5838"}],"curies":[{"name":"wp","href":"https:\/\/api.w.org\/{rel}","templated":true}]}}