{"id":5925,"date":"2022-08-22T12:16:45","date_gmt":"2022-08-22T10:16:45","guid":{"rendered":"https:\/\/antykilion.pl\/?post_type=product&#038;p=5925"},"modified":"2023-12-02T19:59:49","modified_gmt":"2023-12-02T18:59:49","slug":"stol-intarsjowany-xix-wiek-w-stylu-biedermeier-okolo-1820-40-rok","status":"publish","type":"product","link":"https:\/\/antykilion.pl\/en\/product\/stol-intarsjowany-xix-wiek-w-stylu-biedermeier-okolo-1820-40-rok\/","title":{"rendered":"St\u00f3\u0142 intarsjowany XIX wiek w stylu biedermeier oko\u0142o 1820\/40 rok"},"content":{"rendered":"","protected":false},"excerpt":{"rendered":"<p>St\u00f3\u0142 intarsjowany XIX wiek w stylu biedermeier oko\u0142o 1820\/40 rok<br \/>\nz okr\u0105g\u0142ym blatem wsparty na trzonie w formie wazy osadzonej na tr\u00f3jnogim rozwidleniu, bogato intarsjowany na kolorowo we wz\u00f3r kwiatowy, a dok\u0142adniej rogi obfito\u015bci w formie wazon\u00f3w, w kt\u00f3rych umieszczone s\u0105 kwiaty.<br \/>\nSt\u00f3\u0142 wykonany na fali powrotu mody na meble neorokokowe i neobarokowe oraz ich dekoracje. Intarsja kwiatowa nawi\u0105zuje do holenderskich ornament\u00f3w stosowanych od XVIII wieku, a\u017c do XX w<\/p>\n<p>Origin: Western Europe, the Netherlands (?), First half 19th century<br \/>\nWykonany: d\u0119bina, orzech, fornir \u2013 maho\u0144 lu ciemny orzech, intarsje \u2013 brzoza podpalana, bukszpan ;<br \/>\nStan: orginalny dobry drobne ubytki na nodze<br \/>\nWymiary: Wysoko\u015b\u0107 68 cm, \u015brednica blatu 98 cm<br \/>\nI recommend the rarity, beautiful!<\/p>","protected":false},"featured_media":5926,"comment_status":"closed","ping_status":"closed","template":"","meta":[],"product_cat":[17,33],"product_tag":[],"class_list":{"0":"post-5925","1":"product","2":"type-product","3":"status-publish","4":"has-post-thumbnail","6":"product_cat-meble","7":"product_cat-stoly-stoliki","9":"entry","10":"has-media","12":"first","13":"instock","14":"taxable","15":"shipping-taxable","16":"purchasable","17":"product-type-simple","18":"has-product-nav","19":"col","20":"span_1_of_3","21":"owp-content-center","22":"owp-thumbs-layout-horizontal","23":"owp-btn-normal","24":"owp-tabs-layout-horizontal"},"aioseo_notices":[],"_links":{"self":[{"href":"https:\/\/antykilion.pl\/en\/wp-json\/wp\/v2\/product\/5925","targetHints":{"allow":["GET"]}}],"collection":[{"href":"https:\/\/antykilion.pl\/en\/wp-json\/wp\/v2\/product"}],"about":[{"href":"https:\/\/antykilion.pl\/en\/wp-json\/wp\/v2\/types\/product"}],"replies":[{"embeddable":true,"href":"https:\/\/antykilion.pl\/en\/wp-json\/wp\/v2\/comments?post=5925"}],"wp:featuredmedia":[{"embeddable":true,"href":"https:\/\/antykilion.pl\/en\/wp-json\/wp\/v2\/media\/5926"}],"wp:attachment":[{"href":"https:\/\/antykilion.pl\/en\/wp-json\/wp\/v2\/media?parent=5925"}],"wp:term":[{"taxonomy":"product_cat","embeddable":true,"href":"https:\/\/antykilion.pl\/en\/wp-json\/wp\/v2\/product_cat?post=5925"},{"taxonomy":"product_tag","embeddable":true,"href":"https:\/\/antykilion.pl\/en\/wp-json\/wp\/v2\/product_tag?post=5925"}],"curies":[{"name":"wp","href":"https:\/\/api.w.org\/{rel}","templated":true}]}}