{"id":5984,"date":"2022-09-10T09:08:05","date_gmt":"2022-09-10T07:08:05","guid":{"rendered":"https:\/\/antykilion.pl\/?post_type=product&#038;p=5984"},"modified":"2022-09-11T14:24:57","modified_gmt":"2022-09-11T12:24:57","slug":"para-wloskich-krajobrazow-xviii-w-okolo-1740-r","status":"publish","type":"product","link":"https:\/\/antykilion.pl\/en\/product\/para-wloskich-krajobrazow-xviii-w-okolo-1740-r\/","title":{"rendered":"Para W\u0142oskich krajobraz\u00f3w XVIII w oko\u0142o 1740 r"},"content":{"rendered":"","protected":false},"excerpt":{"rendered":"<p>Para W\u0142oskich krajobraz\u00f3w XVIII w oko\u0142o 1740 r<\/p>\n<p>Technique: canvas oil<\/p>\n<p>Stan: dobry, przy\u017c\u00f3\u0142k\u0142y werniks<\/p>\n<p>Artysta : nie odnaleziono, na ka\u017cdym obrazie stara nalepka z numerem katalogowym <\/p>\n<p>Wymiary:\u00a0 p\u0142\u00f3tna 23,5 na 23,5 z ramk\u0105 oko\u0142o 10 cm wi\u0119cej<\/p>\n<p>very decorative image<\/p>\n<p>Do ka\u017cdego przedmiotu Galeria wystawia certyfikat.<\/p>","protected":false},"featured_media":5986,"comment_status":"closed","ping_status":"closed","template":"","meta":[],"product_cat":[41,39,40],"product_tag":[],"class_list":{"0":"post-5984","1":"product","2":"type-product","3":"status-publish","4":"has-post-thumbnail","6":"product_cat-malarstwo-dawne","7":"product_cat-dziela-sztuki","8":"product_cat-malarstwo","10":"entry","11":"has-media","13":"first","14":"instock","15":"taxable","16":"shipping-taxable","17":"purchasable","18":"product-type-simple","19":"has-product-nav","20":"col","21":"span_1_of_3","22":"owp-content-center","23":"owp-thumbs-layout-horizontal","24":"owp-btn-normal","25":"owp-tabs-layout-horizontal"},"aioseo_notices":[],"_links":{"self":[{"href":"https:\/\/antykilion.pl\/en\/wp-json\/wp\/v2\/product\/5984","targetHints":{"allow":["GET"]}}],"collection":[{"href":"https:\/\/antykilion.pl\/en\/wp-json\/wp\/v2\/product"}],"about":[{"href":"https:\/\/antykilion.pl\/en\/wp-json\/wp\/v2\/types\/product"}],"replies":[{"embeddable":true,"href":"https:\/\/antykilion.pl\/en\/wp-json\/wp\/v2\/comments?post=5984"}],"wp:featuredmedia":[{"embeddable":true,"href":"https:\/\/antykilion.pl\/en\/wp-json\/wp\/v2\/media\/5986"}],"wp:attachment":[{"href":"https:\/\/antykilion.pl\/en\/wp-json\/wp\/v2\/media?parent=5984"}],"wp:term":[{"taxonomy":"product_cat","embeddable":true,"href":"https:\/\/antykilion.pl\/en\/wp-json\/wp\/v2\/product_cat?post=5984"},{"taxonomy":"product_tag","embeddable":true,"href":"https:\/\/antykilion.pl\/en\/wp-json\/wp\/v2\/product_tag?post=5984"}],"curies":[{"name":"wp","href":"https:\/\/api.w.org\/{rel}","templated":true}]}}