{"id":6034,"date":"2022-10-02T12:25:18","date_gmt":"2022-10-02T10:25:18","guid":{"rendered":"https:\/\/antykilion.pl\/?post_type=product&#038;p=6034"},"modified":"2022-10-02T12:25:18","modified_gmt":"2022-10-02T10:25:18","slug":"lampa-stolowa-z-brazu-xix-w-okolo-1870-r-obledna","status":"publish","type":"product","link":"https:\/\/antykilion.pl\/en\/product\/lampa-stolowa-z-brazu-xix-w-okolo-1870-r-obledna\/","title":{"rendered":"Lampa sto\u0142owa z br\u0105zu XIX w oko\u0142o 1870 r, ob\u0142\u0119dna"},"content":{"rendered":"","protected":false},"excerpt":{"rendered":"<p>Lampa sto\u0142owa z br\u0105zu XIX w oko\u0142o 1870 r, ob\u0142\u0119dna<\/p>\n<p>patynowana francuska i cz\u0119\u015bciowo z\u0142ocona, cylindryczna podstawa odlana w reliefie z trzema gracjami trzymaj\u0105ca dziczyzn\u0119, blat z maskami i akantem, podstawa z czerwonawego marmuru<\/p>\n<p>Materia\u0142: br\u0105z, odlew cyzelowany, z\u0142ocony;<\/p>\n<p>wys. 70 cm,<\/p>\n<p>Francja, Pary\u017c,<\/p>\n<p>Stan: Bardzo dobry wr\u0119cz rewelacyjny<\/p>","protected":false},"featured_media":6035,"comment_status":"closed","ping_status":"closed","template":"","meta":[],"product_cat":[47],"product_tag":[],"class_list":{"0":"post-6034","1":"product","2":"type-product","3":"status-publish","4":"has-post-thumbnail","6":"product_cat-oswietlenie","8":"entry","9":"has-media","11":"first","12":"instock","13":"taxable","14":"shipping-taxable","15":"purchasable","16":"product-type-simple","17":"has-product-nav","18":"col","19":"span_1_of_3","20":"owp-content-center","21":"owp-thumbs-layout-horizontal","22":"owp-btn-normal","23":"owp-tabs-layout-horizontal"},"aioseo_notices":[],"_links":{"self":[{"href":"https:\/\/antykilion.pl\/en\/wp-json\/wp\/v2\/product\/6034","targetHints":{"allow":["GET"]}}],"collection":[{"href":"https:\/\/antykilion.pl\/en\/wp-json\/wp\/v2\/product"}],"about":[{"href":"https:\/\/antykilion.pl\/en\/wp-json\/wp\/v2\/types\/product"}],"replies":[{"embeddable":true,"href":"https:\/\/antykilion.pl\/en\/wp-json\/wp\/v2\/comments?post=6034"}],"wp:featuredmedia":[{"embeddable":true,"href":"https:\/\/antykilion.pl\/en\/wp-json\/wp\/v2\/media\/6035"}],"wp:attachment":[{"href":"https:\/\/antykilion.pl\/en\/wp-json\/wp\/v2\/media?parent=6034"}],"wp:term":[{"taxonomy":"product_cat","embeddable":true,"href":"https:\/\/antykilion.pl\/en\/wp-json\/wp\/v2\/product_cat?post=6034"},{"taxonomy":"product_tag","embeddable":true,"href":"https:\/\/antykilion.pl\/en\/wp-json\/wp\/v2\/product_tag?post=6034"}],"curies":[{"name":"wp","href":"https:\/\/api.w.org\/{rel}","templated":true}]}}