{"id":6050,"date":"2022-10-02T15:18:24","date_gmt":"2022-10-02T13:18:24","guid":{"rendered":"https:\/\/antykilion.pl\/?post_type=product&#038;p=6050"},"modified":"2022-10-02T15:18:24","modified_gmt":"2022-10-02T13:18:24","slug":"ikona-sw-katarzyna-i-sw-barbara-srebro-1785-r","status":"publish","type":"product","link":"https:\/\/antykilion.pl\/en\/product\/ikona-sw-katarzyna-i-sw-barbara-srebro-1785-r\/","title":{"rendered":"Ikona \u015aw. Katarzyna i \u015aw. Barbara srebro 1785 r"},"content":{"rendered":"","protected":false},"excerpt":{"rendered":"<p>Ikona \u015aw. Katarzyna i \u015aw. Barbara srebro 1785 r<\/p>\n<p>Ikona ze srebrn\u0105 riz\u0105 Tempera na panelu. Srebrna Rizza ostemplowana niezidentyfikowan\u0105 cyrylic\u0105 piecz\u0119ci\u0105 wzorcow\u0105 \u041d\u0410. Pr\u00f3bnik Afanasi\u00ec Krasilbnikov, Moskwa 1785. W 20, S 15,5 cm.<\/p>\n<p>Napisy cyrylic\u0105.<\/p>\n<p>Dwa wsporniki pogr\u0105\u017cone w sztorcach.<\/p>\n<p>Tempera na desce,<\/p>\n<p>Napisy obja\u015bniaj\u0105ce cyrylic\u0105.<\/p>\n<p>Technika: tempra i z\u0142ocenia, brak szpongi<\/p>\n<p>Stan:bardzo dobry gdzie nie gdzie przetarcia malatury<\/p>\n<p>Artysta : srebrna Rizza ostemplowana niezidentyfikowan\u0105 cyrylic\u0105 piecz\u0119ci\u0105 wzorcow\u0105 \u041d\u0410. Pr\u00f3bnik Afanasi\u00ec Krasilbnikov, Moskwa 1785<\/p>\n<p>Wymiary:\u00a0 20 cm na 15,5 cm<\/p>\n<p>Rzadko\u015b\u0107 !!!<\/p>\n<p>Do ka\u017cdego przedmiotu Galeria wystawia certyfikat.<\/p>","protected":false},"featured_media":6051,"comment_status":"closed","ping_status":"closed","template":"","meta":[],"product_cat":[41,39,40],"product_tag":[],"class_list":{"0":"post-6050","1":"product","2":"type-product","3":"status-publish","4":"has-post-thumbnail","6":"product_cat-malarstwo-dawne","7":"product_cat-dziela-sztuki","8":"product_cat-malarstwo","10":"entry","11":"has-media","13":"first","14":"instock","15":"taxable","16":"shipping-taxable","17":"purchasable","18":"product-type-simple","19":"has-product-nav","20":"col","21":"span_1_of_3","22":"owp-content-center","23":"owp-thumbs-layout-horizontal","24":"owp-btn-normal","25":"owp-tabs-layout-horizontal"},"aioseo_notices":[],"_links":{"self":[{"href":"https:\/\/antykilion.pl\/en\/wp-json\/wp\/v2\/product\/6050","targetHints":{"allow":["GET"]}}],"collection":[{"href":"https:\/\/antykilion.pl\/en\/wp-json\/wp\/v2\/product"}],"about":[{"href":"https:\/\/antykilion.pl\/en\/wp-json\/wp\/v2\/types\/product"}],"replies":[{"embeddable":true,"href":"https:\/\/antykilion.pl\/en\/wp-json\/wp\/v2\/comments?post=6050"}],"wp:featuredmedia":[{"embeddable":true,"href":"https:\/\/antykilion.pl\/en\/wp-json\/wp\/v2\/media\/6051"}],"wp:attachment":[{"href":"https:\/\/antykilion.pl\/en\/wp-json\/wp\/v2\/media?parent=6050"}],"wp:term":[{"taxonomy":"product_cat","embeddable":true,"href":"https:\/\/antykilion.pl\/en\/wp-json\/wp\/v2\/product_cat?post=6050"},{"taxonomy":"product_tag","embeddable":true,"href":"https:\/\/antykilion.pl\/en\/wp-json\/wp\/v2\/product_tag?post=6050"}],"curies":[{"name":"wp","href":"https:\/\/api.w.org\/{rel}","templated":true}]}}