{"id":6100,"date":"2022-10-09T15:44:11","date_gmt":"2022-10-09T13:44:11","guid":{"rendered":"https:\/\/antykilion.pl\/?post_type=product&#038;p=6100"},"modified":"2022-10-09T15:44:11","modified_gmt":"2022-10-09T13:44:11","slug":"zegar-kominkowy-braz-zlocony-i-patynowany-dama-z-kotwica-i-rogiem-obfitosci-xix-w-okolo-1840-r","status":"publish","type":"product","link":"https:\/\/antykilion.pl\/en\/product\/zegar-kominkowy-braz-zlocony-i-patynowany-dama-z-kotwica-i-rogiem-obfitosci-xix-w-okolo-1840-r\/","title":{"rendered":"Zegar kominkowy br\u0105z z\u0142ocony i patynowany. Dama z kotwic\u0105 i rogiem obfito\u015bci XIX w oko\u0142o 1840 r"},"content":{"rendered":"","protected":false},"excerpt":{"rendered":"<p>Zegar kominkowy br\u0105z z\u0142ocony i patynowany. Dama z kotwic\u0105 i rogiem obfito\u015bci<\/p>\n<p>Br\u0105z, z\u0142ocony. Na nogach wolutowych podstawa ozdobiona kwiatowym fryzem ostro\u0142ukowym, na nim siedz\u0105ca posta\u0107 kobiety z kotwic\u0105 i rogiem obfito\u015bci. Tarcza srebrzona\u00a0 z sygnatur\u0105 niestety nie do oczytania.. P\u00f3\u0142godzinne uderzenie w dzwon. Mechanizm numerowany. Pi\u0119kne delikatne bicie, nawet dzwonek sygnowany.<\/p>\n<p>Pochodzenie: zegar kominkowy, francuski, sygnowany trudny do odczytania.<\/p>\n<p>Condition: very good after the watchmaker&#039;s review.<\/p>\n<p>Material: gilded and patinated bronze<\/p>\n<p>Wymiary: wysoko\u015b\u0107 45 cm, g\u0142\u0119boko\u015b\u0107 12 cm, d\u0142ugo\u015b\u0107\u00a0 29 cm<\/p>\n<p>Ceny takich zegar\u00f3w przewy\u017cszaj\u0105 kwot\u0119 10 000 z\u0142.<\/p>","protected":false},"featured_media":6101,"comment_status":"closed","ping_status":"closed","template":"","meta":[],"product_cat":[54,51],"product_tag":[],"class_list":{"0":"post-6100","1":"product","2":"type-product","3":"status-publish","4":"has-post-thumbnail","6":"product_cat-zegary-kominkowe","7":"product_cat-zegary","9":"entry","10":"has-media","12":"first","13":"instock","14":"taxable","15":"shipping-taxable","16":"purchasable","17":"product-type-simple","18":"has-product-nav","19":"col","20":"span_1_of_3","21":"owp-content-center","22":"owp-thumbs-layout-horizontal","23":"owp-btn-normal","24":"owp-tabs-layout-horizontal"},"aioseo_notices":[],"_links":{"self":[{"href":"https:\/\/antykilion.pl\/en\/wp-json\/wp\/v2\/product\/6100","targetHints":{"allow":["GET"]}}],"collection":[{"href":"https:\/\/antykilion.pl\/en\/wp-json\/wp\/v2\/product"}],"about":[{"href":"https:\/\/antykilion.pl\/en\/wp-json\/wp\/v2\/types\/product"}],"replies":[{"embeddable":true,"href":"https:\/\/antykilion.pl\/en\/wp-json\/wp\/v2\/comments?post=6100"}],"wp:featuredmedia":[{"embeddable":true,"href":"https:\/\/antykilion.pl\/en\/wp-json\/wp\/v2\/media\/6101"}],"wp:attachment":[{"href":"https:\/\/antykilion.pl\/en\/wp-json\/wp\/v2\/media?parent=6100"}],"wp:term":[{"taxonomy":"product_cat","embeddable":true,"href":"https:\/\/antykilion.pl\/en\/wp-json\/wp\/v2\/product_cat?post=6100"},{"taxonomy":"product_tag","embeddable":true,"href":"https:\/\/antykilion.pl\/en\/wp-json\/wp\/v2\/product_tag?post=6100"}],"curies":[{"name":"wp","href":"https:\/\/api.w.org\/{rel}","templated":true}]}}