{"id":6133,"date":"2022-10-10T13:12:58","date_gmt":"2022-10-10T11:12:58","guid":{"rendered":"https:\/\/antykilion.pl\/?post_type=product&#038;p=6133"},"modified":"2025-05-07T11:37:38","modified_gmt":"2025-05-07T09:37:38","slug":"ekrytuar-kalamarz-z-przyborami-wfm-secesja","status":"publish","type":"product","link":"https:\/\/antykilion.pl\/en\/product\/ekrytuar-kalamarz-z-przyborami-wfm-secesja\/","title":{"rendered":"Ekrytuar, ka\u0142amarz z przyborami WFM secesja"},"content":{"rendered":"","protected":false},"excerpt":{"rendered":"<p>Ekrytuar- ka\u0142amarz z przybornikami<\/p>\n<p>ka\u0142amarz, tacka i no\u017cyk do list\u00f3w<\/p>\n<p>pi\u00f3ro secesyjne z firmy alpaca<\/p>\n<p>wsparty na sze\u015bciu n\u00f3\u017ckach i podstawie prostok\u0105tnej podzielony na trzy trapezowe rezerwy wyko\u0144czone kwiatami, z ty\u0142u, po\u015brodku wywy\u017cszenie z ka\u0142amarzem, z nakrywk\u0105 na zawiasie z secesyjn\u0105 dekoracj\u0105, z naczyniem na atrament ze szk\u0142a.<\/p>\n<p>plater cechowany (znak firmowy &#8211; stru\u015b z monogramem WFM i liter\u0105\u00a0 B, I\/0, OX w prostok\u0105tach), szk\u0142o;<\/p>\n<p>wymiary ka\u0142amarz: wys. 4 cm, szer. 18 cm, g\u0142\u0119b. 10 cm. tacka szer. 23 cm, g\u0142. 5 cm<\/p>\n<p>Niemcy, Wu\u00a8rttembergische Metallwarenfabrik, ok. 1900.<\/p>\n<p>Materia\u0142: plater<\/p>\n<p>Very good condition<\/p>","protected":false},"featured_media":6134,"comment_status":"closed","ping_status":"closed","template":"","meta":[],"product_cat":[46,55],"product_tag":[],"class_list":{"0":"post-6133","1":"product","2":"type-product","3":"status-publish","4":"has-post-thumbnail","6":"product_cat-srebra-i-platery","7":"product_cat-varia","9":"entry","10":"has-media","12":"first","13":"instock","14":"taxable","15":"shipping-taxable","16":"purchasable","17":"product-type-simple","18":"has-product-nav","19":"col","20":"span_1_of_3","21":"owp-content-center","22":"owp-thumbs-layout-horizontal","23":"owp-btn-normal","24":"owp-tabs-layout-horizontal"},"aioseo_notices":[],"_links":{"self":[{"href":"https:\/\/antykilion.pl\/en\/wp-json\/wp\/v2\/product\/6133","targetHints":{"allow":["GET"]}}],"collection":[{"href":"https:\/\/antykilion.pl\/en\/wp-json\/wp\/v2\/product"}],"about":[{"href":"https:\/\/antykilion.pl\/en\/wp-json\/wp\/v2\/types\/product"}],"replies":[{"embeddable":true,"href":"https:\/\/antykilion.pl\/en\/wp-json\/wp\/v2\/comments?post=6133"}],"wp:featuredmedia":[{"embeddable":true,"href":"https:\/\/antykilion.pl\/en\/wp-json\/wp\/v2\/media\/6134"}],"wp:attachment":[{"href":"https:\/\/antykilion.pl\/en\/wp-json\/wp\/v2\/media?parent=6133"}],"wp:term":[{"taxonomy":"product_cat","embeddable":true,"href":"https:\/\/antykilion.pl\/en\/wp-json\/wp\/v2\/product_cat?post=6133"},{"taxonomy":"product_tag","embeddable":true,"href":"https:\/\/antykilion.pl\/en\/wp-json\/wp\/v2\/product_tag?post=6133"}],"curies":[{"name":"wp","href":"https:\/\/api.w.org\/{rel}","templated":true}]}}