{"id":6138,"date":"2022-10-10T14:25:33","date_gmt":"2022-10-10T12:25:33","guid":{"rendered":"https:\/\/antykilion.pl\/?post_type=product&#038;p=6138"},"modified":"2026-03-27T15:18:36","modified_gmt":"2026-03-27T14:18:36","slug":"kandelabry-polska-piecioramienne-xix-w-piekne","status":"publish","type":"product","link":"https:\/\/antykilion.pl\/en\/product\/kandelabry-polska-piecioramienne-xix-w-piekne\/","title":{"rendered":"Kandelabry Polska pi\u0119cioramienne XIX w, pi\u0119kne"},"content":{"rendered":"","protected":false},"excerpt":{"rendered":"<p>Kandelabry pi\u0119cio\u015bwiecowe<\/p>\n<p>na czworobocznej stopie z tralkowym, kanelowanym trzonem z nastaw\u0105 zako\u0144czon\u0105 po\u015brodku tulejk\u0105, z czterema ramionami zako\u0144czonymi tulejkami; dekorowany guzami, puklami, kwiatami i wolutami<\/p>\n<p>Pochodzenie: Polska?, 4 \u0107w. XIX w.<\/p>\n<p>Sygnatura: Nie znaleziono<\/p>\n<p>Materia\u0142: Plater<\/p>\n<p>Very good condition<\/p>\n<p>Wymiary:\u00a0 wysoko\u015b\u0107 49 cm, szer. 32,5, g\u0142\u0119b. 32,5 cm<\/p>\n<p>Bardzo rzadki przedmiot niespotykane na rynku antykwarycznym !!!!<\/p>","protected":false},"featured_media":6139,"comment_status":"closed","ping_status":"closed","template":"","meta":[],"product_cat":[47,46],"product_tag":[],"class_list":{"0":"post-6138","1":"product","2":"type-product","3":"status-publish","4":"has-post-thumbnail","6":"product_cat-oswietlenie","7":"product_cat-srebra-i-platery","9":"entry","10":"has-media","12":"first","13":"instock","14":"taxable","15":"shipping-taxable","16":"purchasable","17":"product-type-simple","18":"has-product-nav","19":"col","20":"span_1_of_3","21":"owp-content-center","22":"owp-thumbs-layout-horizontal","23":"owp-btn-normal","24":"owp-tabs-layout-horizontal"},"aioseo_notices":[],"_links":{"self":[{"href":"https:\/\/antykilion.pl\/en\/wp-json\/wp\/v2\/product\/6138","targetHints":{"allow":["GET"]}}],"collection":[{"href":"https:\/\/antykilion.pl\/en\/wp-json\/wp\/v2\/product"}],"about":[{"href":"https:\/\/antykilion.pl\/en\/wp-json\/wp\/v2\/types\/product"}],"replies":[{"embeddable":true,"href":"https:\/\/antykilion.pl\/en\/wp-json\/wp\/v2\/comments?post=6138"}],"wp:featuredmedia":[{"embeddable":true,"href":"https:\/\/antykilion.pl\/en\/wp-json\/wp\/v2\/media\/6139"}],"wp:attachment":[{"href":"https:\/\/antykilion.pl\/en\/wp-json\/wp\/v2\/media?parent=6138"}],"wp:term":[{"taxonomy":"product_cat","embeddable":true,"href":"https:\/\/antykilion.pl\/en\/wp-json\/wp\/v2\/product_cat?post=6138"},{"taxonomy":"product_tag","embeddable":true,"href":"https:\/\/antykilion.pl\/en\/wp-json\/wp\/v2\/product_tag?post=6138"}],"curies":[{"name":"wp","href":"https:\/\/api.w.org\/{rel}","templated":true}]}}