{"id":6201,"date":"2022-10-23T15:06:18","date_gmt":"2022-10-23T13:06:18","guid":{"rendered":"https:\/\/antykilion.pl\/?post_type=product&#038;p=6201"},"modified":"2022-10-23T15:06:18","modified_gmt":"2022-10-23T13:06:18","slug":"tremo-biedermeier-xix-wiek-okolo-1840-50-r","status":"publish","type":"product","link":"https:\/\/antykilion.pl\/en\/product\/tremo-biedermeier-xix-wiek-okolo-1840-50-r\/","title":{"rendered":"Tremo biedermeier XIX wiek oko\u0142o 1840\/50 r"},"content":{"rendered":"","protected":false},"excerpt":{"rendered":"<p>Tremo biedermeier XIX wiek oko\u0142o 1840\/50 r<\/p>\n<p>Konsola o prostok\u0105tnym blacie, z prostymii naro\u017cami, wsparta na kolumnach umieszczonych na platformie, wkl\u0119s\u0142ej od frontu, fali\u015bcie wyci\u0119tej, opartej na czterech podk\u0142adkach. Rama lustra prostok\u0105tna, z bogatym zwie\u0144czeniem przedstawiaj\u0105ce gryfy trzymaj\u0105ce kosz z kwiatami.<\/p>\n<p>A very high-class piece of furniture.<\/p>\n<p>Material: mahogany<\/p>\n<p>Stan orginalny bardzo dobry, na blacie konsoli drobne rozeschni\u0119cie oraz bardzo drobne widoczne \u015blady u\u017cytkowania<\/p>\n<p>Wymiary: Wysoko\u015b\u0107 sto\u0142u konsoli ok. 77, 106&#215;45, wymiary lustra ok. 197x85cm. Stan<\/p>\n<p>Origin: Poland<\/p>","protected":false},"featured_media":6204,"comment_status":"closed","ping_status":"closed","template":"","meta":[],"product_cat":[30,17],"product_tag":[],"class_list":{"0":"post-6201","1":"product","2":"type-product","3":"status-publish","4":"has-post-thumbnail","6":"product_cat-lustra","7":"product_cat-meble","9":"entry","10":"has-media","12":"first","13":"instock","14":"taxable","15":"shipping-taxable","16":"purchasable","17":"product-type-simple","18":"has-product-nav","19":"col","20":"span_1_of_3","21":"owp-content-center","22":"owp-thumbs-layout-horizontal","23":"owp-btn-normal","24":"owp-tabs-layout-horizontal"},"aioseo_notices":[],"_links":{"self":[{"href":"https:\/\/antykilion.pl\/en\/wp-json\/wp\/v2\/product\/6201","targetHints":{"allow":["GET"]}}],"collection":[{"href":"https:\/\/antykilion.pl\/en\/wp-json\/wp\/v2\/product"}],"about":[{"href":"https:\/\/antykilion.pl\/en\/wp-json\/wp\/v2\/types\/product"}],"replies":[{"embeddable":true,"href":"https:\/\/antykilion.pl\/en\/wp-json\/wp\/v2\/comments?post=6201"}],"wp:featuredmedia":[{"embeddable":true,"href":"https:\/\/antykilion.pl\/en\/wp-json\/wp\/v2\/media\/6204"}],"wp:attachment":[{"href":"https:\/\/antykilion.pl\/en\/wp-json\/wp\/v2\/media?parent=6201"}],"wp:term":[{"taxonomy":"product_cat","embeddable":true,"href":"https:\/\/antykilion.pl\/en\/wp-json\/wp\/v2\/product_cat?post=6201"},{"taxonomy":"product_tag","embeddable":true,"href":"https:\/\/antykilion.pl\/en\/wp-json\/wp\/v2\/product_tag?post=6201"}],"curies":[{"name":"wp","href":"https:\/\/api.w.org\/{rel}","templated":true}]}}