{"id":6219,"date":"2022-10-23T16:47:24","date_gmt":"2022-10-23T14:47:24","guid":{"rendered":"https:\/\/antykilion.pl\/?post_type=product&#038;p=6219"},"modified":"2023-03-17T12:15:53","modified_gmt":"2023-03-17T11:15:53","slug":"amelia-ulrika-von-schwerin-krajobraz-z-bydlem-143-cm","status":"publish","type":"product","link":"https:\/\/antykilion.pl\/en\/product\/amelia-ulrika-von-schwerin-krajobraz-z-bydlem-143-cm\/","title":{"rendered":"Amelia Ulrika von Schwerin Krajobraz z byd\u0142em 143 cm"},"content":{"rendered":"","protected":false},"excerpt":{"rendered":"<p>Amelia Ulrika von Schwerin Krajobraz z byd\u0142em 143 cm<\/p>\n<p>Technique: oil on canvas<\/p>\n<p>Stan: bardzo dobry,<\/p>\n<p>Sygnowany A. von Schwerin<\/p>\n<p>Am\u00e9lie Ulrika Sofia Chrysander urodzi\u0142a si\u0119 2 kwietnia 1819 r. jako c\u00f3rka Johana Chrysandera (1781-1831) i Johanny Cathariny z domu von Essen af \u200b\u200bZellie (1795-1852).[1] Ojciec by\u0142 proboszczem (&#8220;kyrkoherde&#8221;) odpowiedzialnym za parafie F\u00e4rl\u00f6v i Str\u00f6 w diecezji Lund w szwedzkiej prowincji Scania (Sk\u00e5ne). Jako miejsce urodzenia braci Carla Axela (* 1815)[2] i Augusta Theodora Chrysandera (* 1817) podano jako gmin\u0119 F\u00e4rl\u00f6v i tu te\u017c zmar\u0142a matka, mo\u017cna przyj\u0105\u0107, \u017ce F\u00e4rl\u00f6v jest r\u00f3wnie\u017c miejscem urodzenia Amelii [3] 9 wrze\u015bnia 1836 r. &#8211; maj\u0105c zaledwie 17 lat &#8211; Am\u00e9lie po\u015blubi\u0142a starszego od niej o 27 lat porucznika Adama Otto Freiherra von Schwerina (*1798 w Sztokholmie, \u2020 1866 w D\u00fcsseldorfie),[4] kt\u00f3ry posiada\u0142 udzia\u0142 w maj\u0105tku Spantekow w Pomorze i dom w D\u00fcsseldorfie, gdzie zamieszka\u0142 po wyje\u017adzie w 1833 r.[5] Ma\u0142\u017ce\u0144stwo pozosta\u0142o bezdzietne. Amelie odby\u0142a nauk\u0119 artystyczn\u0105 prywatnie w D\u00fcsseldorfie w latach 1855-1858, prawdopodobnie u Hansa Fredrika Gude&#8217;a lub Adolpha Tidemanda, kt\u00f3rych pogl\u0105dy mo\u017cna wyczu\u0107 na jej wczesnych obrazach. R\u00f3wnie\u017c w 1855 roku norweski malarz Anders Askevold przyby\u0142 do D\u00fcsseldorfu i zosta\u0142 prywatnym studentem, a nast\u0119pnie studentem akademii Gude&#8217;a. Zmiesza\u0142 si\u0119 z kr\u0119giem malarzy skandynawskich studiuj\u0105cych w D\u00fcsseldorfie lub ju\u017c tam dzia\u0142aj\u0105cych, m.in. z Am\u00e9lie von Schwerin. Obaj \u2013 dla Askevolda udokumentowanego w latach 1877\/78 \u2013 udali si\u0119 do Monachium, aby kontynuowa\u0107 nauk\u0119 w pracowni malarza zwierz\u0105t Friedricha Voltza.[6] Wypracowa\u0142 niezale\u017cny styl malarstwa pejza\u017cowego, \u0142\u0105cz\u0105c motywy z bawarskiego podn\u00f3\u017ca Alp i g\u00f3r z motywami zwierz\u0119cymi &#8211; byd\u0142a, kr\u00f3w i owiec, sporadycznie z pasterzami. Lokalizacja obrazu \u201eReitersteinberg und die M\u00fchlsturzh\u00f6rner\u201d (niedaleko Berchtesgaden) wystawionego przez Am\u00e9lie von Schwerin we Wroc\u0142awiu w 1869 roku nawi\u0105zuje do analogicznego pobytu artysty w Bawarii, po kt\u00f3rym nast\u0105pi\u0142y inne motywy bawarskie, takie jak Jezioro Starnberg (1875) , Pejza\u017c alpejski (1875) lub Chiemsee (bez roku), \u201eKrajobraz nad Zag\u0142\u0119biem Ruhry\u201d (1860), motywy z Sieg (wystawione w 1869) lub \u201eMotyw z Holandii\u201d (1882) na odpowiednich pobytach. Po powrocie do D\u00fcsseldorfu dom Amelie von Schwerin przy J\u00e4gerhofstrasse przez d\u0142ugi czas by\u0142 miejscem spotka\u0144 artyst\u00f3w skandynawskich i innych. Jej obrazy, z kt\u00f3rymi by\u0142a reprezentowana na licznych wystawach w Niemczech, Szwecji i Austrii, by\u0142y w wi\u0119kszo\u015bci sprzedawane prywatnym kolekcjonerom; niekt\u00f3re prace zosta\u0142y nabyte przez Szwedzkie Stowarzyszenie Artystyczne w G\u00f6teborgu. Am\u00e9lie von Schwerin zmar\u0142a 26 stycznia 1897 roku w wieku 78 lat w D\u00fcsseldorfie.<\/p>\n<p>Wymiary: p\u0142\u00f3tna 82 x 109 cm.Wymiary ramy: 115 x 143 cm.<\/p>\n<p>Bardzo dobre malarstwo, bardzo dekoracyjne.<\/p>\n<p>Do ka\u017cdego przedmiotu Galeria wystawia certyfikat.<\/p>\n<p>Ceny jej obraz\u00f3w wyceniane s\u0105 na 6000 euro !!!<\/p>\n<p>Bardzo atrakcyjna cena<\/p>","protected":false},"featured_media":6220,"comment_status":"closed","ping_status":"closed","template":"","meta":[],"product_cat":[41,39,40],"product_tag":[],"class_list":{"0":"post-6219","1":"product","2":"type-product","3":"status-publish","4":"has-post-thumbnail","6":"product_cat-malarstwo-dawne","7":"product_cat-dziela-sztuki","8":"product_cat-malarstwo","10":"entry","11":"has-media","13":"first","14":"instock","15":"taxable","16":"shipping-taxable","17":"purchasable","18":"product-type-simple","19":"has-product-nav","20":"col","21":"span_1_of_3","22":"owp-content-center","23":"owp-thumbs-layout-horizontal","24":"owp-btn-normal","25":"owp-tabs-layout-horizontal"},"aioseo_notices":[],"_links":{"self":[{"href":"https:\/\/antykilion.pl\/en\/wp-json\/wp\/v2\/product\/6219","targetHints":{"allow":["GET"]}}],"collection":[{"href":"https:\/\/antykilion.pl\/en\/wp-json\/wp\/v2\/product"}],"about":[{"href":"https:\/\/antykilion.pl\/en\/wp-json\/wp\/v2\/types\/product"}],"replies":[{"embeddable":true,"href":"https:\/\/antykilion.pl\/en\/wp-json\/wp\/v2\/comments?post=6219"}],"wp:featuredmedia":[{"embeddable":true,"href":"https:\/\/antykilion.pl\/en\/wp-json\/wp\/v2\/media\/6220"}],"wp:attachment":[{"href":"https:\/\/antykilion.pl\/en\/wp-json\/wp\/v2\/media?parent=6219"}],"wp:term":[{"taxonomy":"product_cat","embeddable":true,"href":"https:\/\/antykilion.pl\/en\/wp-json\/wp\/v2\/product_cat?post=6219"},{"taxonomy":"product_tag","embeddable":true,"href":"https:\/\/antykilion.pl\/en\/wp-json\/wp\/v2\/product_tag?post=6219"}],"curies":[{"name":"wp","href":"https:\/\/api.w.org\/{rel}","templated":true}]}}