{"id":6278,"date":"2022-10-26T14:42:01","date_gmt":"2022-10-26T12:42:01","guid":{"rendered":"https:\/\/antykilion.pl\/?post_type=product&#038;p=6278"},"modified":"2022-10-26T14:42:01","modified_gmt":"2022-10-26T12:42:01","slug":"ludwig-dill-zalew-wenecki","status":"publish","type":"product","link":"https:\/\/antykilion.pl\/en\/product\/ludwig-dill-zalew-wenecki\/","title":{"rendered":"Ludwig Dill, Zalew Wenecki"},"content":{"rendered":"","protected":false},"excerpt":{"rendered":"<p>Ludwig Dill, Zalew Wenecki<\/p>\n<p>Autor: sygnatura bardzo s\u0142abo czytelna<\/p>\n<p>Rozmiar p\u0142\u00f3tno: 38 x 50 cm. Wymiary ramy: 48 x 60 cm.<\/p>\n<p>Technique: oil, canvas<\/p>\n<p>Very good condition.<\/p>\n<p>Obraz bardzo dekoracyjny, bardzo atrakcyjna cena!<\/p>\n<p>Ludwig Dill<\/p>\n<p>ur. 1848 &#8211; 1940, kraj: Niemcy<\/p>\n<p>Ludwig Dill \u2013 znany niemiecki malarz, pejza\u017cysta i marynista. Pocz\u0105tkowo &#8211; od 1872 &#8211; studiowa\u0142 na Politechnice w Stuttgarcie, p\u00f3\u017aniej &#8211; od 1874 &#8211; w ASP w Monachium pod kierunkiem K.Pilloty\u2019ego, C.Raaba i O.Seitza. W 1875 je\u017adzi\u0142 do Szwajcarii, w 1878 by\u0142 w Wenecji, gdzie malowa\u0142 widoki z weneckiej laguny, w tym wiele motyw\u00f3w z Chioggi. Nale\u017ca\u0142 do ugrupowania \u201eSecesji Monachijskiej\u201d i w latach 1894-1899 by\u0142 jego prezesem. W 1896 zamieszka\u0142 w Dachau, dzia\u0142a\u0142 w\u015br\u00f3d tamtejszej kolonii artystycznej, wraz z A.H\u00f6lzelem i A.Langhammerem, b\u0119d\u0105c wsp\u00f3\u0142za\u0142o\u017cycielem grupy \u201eNeu-Dachau\u201d (1899). Wkr\u00f3tce jednak przeni\u00f3s\u0142 si\u0119 do Karlsruhe, gdzie w latach 1899-1919 pe\u0142ni\u0142 funkcj\u0119 profesora tamtejszej ASP. We wczesnym okresie, zapewne pod wp\u0142ywem Pilloty\u2019ego, malowa\u0142 obrazy batalistyczne, ale niebawem zaj\u0105\u0142 si\u0119 przede wszystkim malarstwem plenerowym, tworz\u0105c pejza\u017ce z wybrze\u017cy Morza P\u00f3\u0142nocnego, laguny weneckiej i bagiennych krajobraz\u00f3w z okolic Dachau. Uczestniczy\u0142 w licznych wystawach w kraju i za granic\u0105, m.in. w 1893 pokaza\u0142 swe prace na \u015bwiatowej wystawie w Chicago. Obrazy artysty znajduj\u0105 si\u0119, m.in. w zbiorach muze\u00f3w w Mannheim, Karlsruhe a tak\u017ce w Gandawie, Pittsburghu czy Buenos Aires.<\/p>","protected":false},"featured_media":6279,"comment_status":"closed","ping_status":"closed","template":"","meta":[],"product_cat":[41,39,40],"product_tag":[],"class_list":{"0":"post-6278","1":"product","2":"type-product","3":"status-publish","4":"has-post-thumbnail","6":"product_cat-malarstwo-dawne","7":"product_cat-dziela-sztuki","8":"product_cat-malarstwo","10":"entry","11":"has-media","13":"first","14":"instock","15":"taxable","16":"shipping-taxable","17":"purchasable","18":"product-type-simple","19":"has-product-nav","20":"col","21":"span_1_of_3","22":"owp-content-center","23":"owp-thumbs-layout-horizontal","24":"owp-btn-normal","25":"owp-tabs-layout-horizontal"},"aioseo_notices":[],"_links":{"self":[{"href":"https:\/\/antykilion.pl\/en\/wp-json\/wp\/v2\/product\/6278","targetHints":{"allow":["GET"]}}],"collection":[{"href":"https:\/\/antykilion.pl\/en\/wp-json\/wp\/v2\/product"}],"about":[{"href":"https:\/\/antykilion.pl\/en\/wp-json\/wp\/v2\/types\/product"}],"replies":[{"embeddable":true,"href":"https:\/\/antykilion.pl\/en\/wp-json\/wp\/v2\/comments?post=6278"}],"wp:featuredmedia":[{"embeddable":true,"href":"https:\/\/antykilion.pl\/en\/wp-json\/wp\/v2\/media\/6279"}],"wp:attachment":[{"href":"https:\/\/antykilion.pl\/en\/wp-json\/wp\/v2\/media?parent=6278"}],"wp:term":[{"taxonomy":"product_cat","embeddable":true,"href":"https:\/\/antykilion.pl\/en\/wp-json\/wp\/v2\/product_cat?post=6278"},{"taxonomy":"product_tag","embeddable":true,"href":"https:\/\/antykilion.pl\/en\/wp-json\/wp\/v2\/product_tag?post=6278"}],"curies":[{"name":"wp","href":"https:\/\/api.w.org\/{rel}","templated":true}]}}