{"id":6285,"date":"2022-10-26T15:36:24","date_gmt":"2022-10-26T13:36:24","guid":{"rendered":"https:\/\/antykilion.pl\/?post_type=product&#038;p=6285"},"modified":"2025-04-12T16:15:03","modified_gmt":"2025-04-12T14:15:03","slug":"jan-wolski-postoj-xix-w-orginal","status":"publish","type":"product","link":"https:\/\/antykilion.pl\/en\/product\/jan-wolski-postoj-xix-w-orginal\/","title":{"rendered":"Jan Wolski Post\u00f3j\u00a0 XIX w, orgina\u0142!!"},"content":{"rendered":"","protected":false},"excerpt":{"rendered":"<p>Jan Wolski Post\u00f3j\u00a0 XIX w, orgina\u0142!!<\/p>\n<p>Jan Wolski &#8211; polski malarz rodzajowy, znany z prac, kt\u00f3re ukazuj\u0105 si\u0119 w handlu antykwarycznym. Artysta ch\u0119tnie si\u0119ga\u0142 po tematy spopularyzowane przez &#8220;polskich monachijczyk\u00f3w&#8221; takich jak sanny, polowania, napady wilk\u00f3w.<\/p>\n<p>Autor:Jan Wolski<\/p>\n<p>Wymiar z ram\u0105 : 28 x 44 cm.<\/p>\n<p>Technika: olej, deska<\/p>\n<p>Very good condition.<\/p>\n<p>Obraz bardzo dekoracyjny, bardzo atrakcyjna cena!<\/p>","protected":false},"featured_media":6286,"comment_status":"closed","ping_status":"closed","template":"","meta":[],"product_cat":[41,39,40],"product_tag":[],"class_list":{"0":"post-6285","1":"product","2":"type-product","3":"status-publish","4":"has-post-thumbnail","6":"product_cat-malarstwo-dawne","7":"product_cat-dziela-sztuki","8":"product_cat-malarstwo","10":"entry","11":"has-media","13":"first","14":"instock","15":"taxable","16":"shipping-taxable","17":"purchasable","18":"product-type-simple","19":"has-product-nav","20":"col","21":"span_1_of_3","22":"owp-content-center","23":"owp-thumbs-layout-horizontal","24":"owp-btn-normal","25":"owp-tabs-layout-horizontal"},"aioseo_notices":[],"_links":{"self":[{"href":"https:\/\/antykilion.pl\/en\/wp-json\/wp\/v2\/product\/6285","targetHints":{"allow":["GET"]}}],"collection":[{"href":"https:\/\/antykilion.pl\/en\/wp-json\/wp\/v2\/product"}],"about":[{"href":"https:\/\/antykilion.pl\/en\/wp-json\/wp\/v2\/types\/product"}],"replies":[{"embeddable":true,"href":"https:\/\/antykilion.pl\/en\/wp-json\/wp\/v2\/comments?post=6285"}],"wp:featuredmedia":[{"embeddable":true,"href":"https:\/\/antykilion.pl\/en\/wp-json\/wp\/v2\/media\/6286"}],"wp:attachment":[{"href":"https:\/\/antykilion.pl\/en\/wp-json\/wp\/v2\/media?parent=6285"}],"wp:term":[{"taxonomy":"product_cat","embeddable":true,"href":"https:\/\/antykilion.pl\/en\/wp-json\/wp\/v2\/product_cat?post=6285"},{"taxonomy":"product_tag","embeddable":true,"href":"https:\/\/antykilion.pl\/en\/wp-json\/wp\/v2\/product_tag?post=6285"}],"curies":[{"name":"wp","href":"https:\/\/api.w.org\/{rel}","templated":true}]}}