{"id":6344,"date":"2022-12-07T10:45:14","date_gmt":"2022-12-07T09:45:14","guid":{"rendered":"https:\/\/antykilion.pl\/?post_type=product&#038;p=6344"},"modified":"2025-02-28T19:15:30","modified_gmt":"2025-02-28T18:15:30","slug":"sofa-xviii-w-w-stylu-ludwika-xv-okolo-1740-r-rzadkosc","status":"publish","type":"product","link":"https:\/\/antykilion.pl\/en\/product\/sofa-xviii-w-w-stylu-ludwika-xv-okolo-1740-r-rzadkosc\/","title":{"rendered":"Sofa XVIII w, w stylu Ludwika XV oko\u0142o 1740 r rzadko\u015b\u0107 !!!"},"content":{"rendered":"","protected":false},"excerpt":{"rendered":"<p>Sofa XVIII w, w stylu Ludwika XV oko\u0142o 1740 r rzadko\u015b\u0107 !!!<br \/>\nMebel tapicerowany, wsparty od frontu na 6 kabriolowych nogach, po 3 z przodu i ty\u0142u Z ty\u0142u. Oskrzynienie siedziska z przodu faliste. Oparcie z szerokim, profilowanym ramiakiem w formie wyd\u0142u\u017conego \u0142uku, ze wspornikami zako\u0144czonymi wolut\u0105. ramiaki ozdobione rze\u017abionymi ga\u0142\u0105zkami kwiatowymi i rocailami<br \/>\nOgromna rzadko\u015b\u0107 na naszym rynku antykwarycznym!<br \/>\nPochodzenie: Francja XVIII w, oko\u0142o 1740 r<br \/>\nMaterial: walnut<br \/>\nStan: bardzo dobry, orginalny<br \/>\nWymiary: D\u0142ugo\u015b\u0107 160 cm, wysoko\u015b\u0107 96 cm, g\u0142\u0119boko\u015b\u0107 50 cm, wysoko\u015b\u0107 siedziska z poduch\u0105 oko\u0142o 40 cm  <\/p>","protected":false},"featured_media":6345,"comment_status":"closed","ping_status":"closed","template":"","meta":[],"product_cat":[17,32],"product_tag":[],"class_list":{"0":"post-6344","1":"product","2":"type-product","3":"status-publish","4":"has-post-thumbnail","6":"product_cat-meble","7":"product_cat-sofy","9":"entry","10":"has-media","12":"first","13":"instock","14":"taxable","15":"shipping-taxable","16":"purchasable","17":"product-type-simple","18":"has-product-nav","19":"col","20":"span_1_of_3","21":"owp-content-center","22":"owp-thumbs-layout-horizontal","23":"owp-btn-normal","24":"owp-tabs-layout-horizontal"},"aioseo_notices":[],"_links":{"self":[{"href":"https:\/\/antykilion.pl\/en\/wp-json\/wp\/v2\/product\/6344","targetHints":{"allow":["GET"]}}],"collection":[{"href":"https:\/\/antykilion.pl\/en\/wp-json\/wp\/v2\/product"}],"about":[{"href":"https:\/\/antykilion.pl\/en\/wp-json\/wp\/v2\/types\/product"}],"replies":[{"embeddable":true,"href":"https:\/\/antykilion.pl\/en\/wp-json\/wp\/v2\/comments?post=6344"}],"wp:featuredmedia":[{"embeddable":true,"href":"https:\/\/antykilion.pl\/en\/wp-json\/wp\/v2\/media\/6345"}],"wp:attachment":[{"href":"https:\/\/antykilion.pl\/en\/wp-json\/wp\/v2\/media?parent=6344"}],"wp:term":[{"taxonomy":"product_cat","embeddable":true,"href":"https:\/\/antykilion.pl\/en\/wp-json\/wp\/v2\/product_cat?post=6344"},{"taxonomy":"product_tag","embeddable":true,"href":"https:\/\/antykilion.pl\/en\/wp-json\/wp\/v2\/product_tag?post=6344"}],"curies":[{"name":"wp","href":"https:\/\/api.w.org\/{rel}","templated":true}]}}