{"id":6351,"date":"2022-12-07T11:36:12","date_gmt":"2022-12-07T10:36:12","guid":{"rendered":"https:\/\/antykilion.pl\/?post_type=product&#038;p=6351"},"modified":"2024-04-05T20:04:57","modified_gmt":"2024-04-05T18:04:57","slug":"sekretera-szyfoniera-eklektyczna-bogata-piekna-xix","status":"publish","type":"product","link":"https:\/\/antykilion.pl\/en\/product\/sekretera-szyfoniera-eklektyczna-bogata-piekna-xix\/","title":{"rendered":"Sekretera szyfoniera eklektyczna bogata pi\u0119kna XIX"},"content":{"rendered":"","protected":false},"excerpt":{"rendered":"<p>Sekretera eklektyczna bardzo bogata XIX w, Pi\u0119kna!<\/p>\n<p>wsparta na 4 nogach w formie sp\u0142aszczonych kul; d\u00f3\u0142 mebla opasany profilowan\u0105 listw\u0105 coko\u0142ow\u0105; wy\u017cej 3 g\u0142\u0119bokie szuflady; nad nimi blat pisarski, maskowany licami dw\u00f3ch iluzyjnych szuflad; g\u00f3r\u0105 jeszcze jedna &#8211; prawdziwa szuflada; nad ni\u0105 wypi\u0119trzone kanelowane, poduchowe zwie\u0144czenie; frontowe naro\u017ca ozdobione toczonymi, kanelowanymi p\u00f3\u0142kolumienkami, z kt\u00f3rych prawa &#8211; odchylana na zawiasach &#8211; kryje dost\u0119p do zamka otwieraj\u0105cego odk\u0142adany blat pisarski; we wn\u0119trzu sekretery &#8211; niewielka nisza po\u015brodku i liczne, spi\u0119trzone wok\u00f3\u0142 niej szufladki; urod\u0119 mebla podkre\u015blaj\u0105 pi\u0119knie dobrane s\u0142oje orzecha kaukaskiego na licach szuflad, z p\u0142ycinami w prostok\u0105tnych obramieniach z profilowanych listew;<\/p>\n<p>Material: walnut<\/p>\n<p>Stan bardzo dobry, orginalny!!!<\/p>\n<p>Origin Central Europe Poland?<\/p>\n<p>Wymiary: Wysoko\u015b\u0107 150 cm, szeroko\u015b\u0107 88 cm, g\u0142\u0119boko\u015b\u0107 57 cm<\/p>\n<p>A beautiful palace piece of furniture!<\/p>","protected":false},"featured_media":6352,"comment_status":"closed","ping_status":"closed","template":"","meta":[],"product_cat":[26,17,31,35],"product_tag":[],"class_list":{"0":"post-6351","1":"product","2":"type-product","3":"status-publish","4":"has-post-thumbnail","6":"product_cat-komody","7":"product_cat-meble","8":"product_cat-sekretery-sekretarzyki-biurka","9":"product_cat-szyfoniery","11":"entry","12":"has-media","14":"first","15":"instock","16":"taxable","17":"shipping-taxable","18":"purchasable","19":"product-type-simple","20":"has-product-nav","21":"col","22":"span_1_of_3","23":"owp-content-center","24":"owp-thumbs-layout-horizontal","25":"owp-btn-normal","26":"owp-tabs-layout-horizontal"},"aioseo_notices":[],"_links":{"self":[{"href":"https:\/\/antykilion.pl\/en\/wp-json\/wp\/v2\/product\/6351","targetHints":{"allow":["GET"]}}],"collection":[{"href":"https:\/\/antykilion.pl\/en\/wp-json\/wp\/v2\/product"}],"about":[{"href":"https:\/\/antykilion.pl\/en\/wp-json\/wp\/v2\/types\/product"}],"replies":[{"embeddable":true,"href":"https:\/\/antykilion.pl\/en\/wp-json\/wp\/v2\/comments?post=6351"}],"wp:featuredmedia":[{"embeddable":true,"href":"https:\/\/antykilion.pl\/en\/wp-json\/wp\/v2\/media\/6352"}],"wp:attachment":[{"href":"https:\/\/antykilion.pl\/en\/wp-json\/wp\/v2\/media?parent=6351"}],"wp:term":[{"taxonomy":"product_cat","embeddable":true,"href":"https:\/\/antykilion.pl\/en\/wp-json\/wp\/v2\/product_cat?post=6351"},{"taxonomy":"product_tag","embeddable":true,"href":"https:\/\/antykilion.pl\/en\/wp-json\/wp\/v2\/product_tag?post=6351"}],"curies":[{"name":"wp","href":"https:\/\/api.w.org\/{rel}","templated":true}]}}