{"id":6449,"date":"2022-12-15T18:41:18","date_gmt":"2022-12-15T17:41:18","guid":{"rendered":"https:\/\/antykilion.pl\/?post_type=product&#038;p=6449"},"modified":"2023-12-08T15:54:00","modified_gmt":"2023-12-08T14:54:00","slug":"zegar-kominkowy-empirowy-w-formie-wazy-xix-w-1810-r","status":"publish","type":"product","link":"https:\/\/antykilion.pl\/en\/product\/zegar-kominkowy-empirowy-w-formie-wazy-xix-w-1810-r\/","title":{"rendered":"Zegar kominkowy Empirowy w formie wazy XIX w 1810 r"},"content":{"rendered":"","protected":false},"excerpt":{"rendered":"<p>Zegar kominkowy Empirowy w formie wazy XIX w 1810 r<\/p>\n<p>Zegar w formie amfory; podstawa na planie kwadratu, wsparta na 4 kolistych, moletowanych n\u00f3\u017ckach, zdobiona nak\u0142adanym ornamentem a\u017curowym, z palmetami w naro\u017cach; stopa amfory kolista, otoczona moletowanym pier\u015bcieniem; korpus owoidalny, sp\u0142aszczony, z par\u0105 uchwyt\u00f3w w formie g\u0142\u00f3w \u0142ab\u0119dzich z d\u0142ugimi szyjami, zako\u0144czonymi u do\u0142u palmet\u0105; od frontu na brzu\u015bcu wazy &#8211; tarcza bia\u0142o emaliowana, z podzia\u0142em godzinowym rzymskim, tarcza opasana moletowanym pier\u015bcieniem; nad tarcz\u0105 aplikowane dwie skrzy\u017cowane, zwi\u0105zane wst\u0119g\u0105 ga\u0142\u0105zki lauru; pod tarcz\u0105 nak\u0142adka z wie\u0144cem kwiatowym przewi\u0105zanym kokard\u0105; szyja amfory szpulowata, g\u0142adka, uj\u0119ta 2 pasami ornamentu moletowanego; z ty\u0142u brzu\u015bca &#8211; kolisty otw\u00f3r ods\u0142aniaj\u0105cy mechanizm z czasz\u0105 dzwonka; system paryski bicia godzin i p\u00f3\u0142godzin;<\/p>\n<p>Pochodzenie: zegar kominkowy, francuski, zawieszenie nitkowe<\/p>\n<p>Condition: very good after the watchmaker&#039;s review.<\/p>\n<p>Material: gilded and patinated bronze<\/p>\n<p>Wymiary: wysoko\u015b\u0107 48 cm, g\u0142\u0119boko\u015b\u0107\u00a0 cm, d\u0142ugo\u015b\u0107\u00a0\u00a0 cm<\/p>\n<p>Ceny takich zegar\u00f3w przewy\u017cszaj\u0105 kwot\u0119 10 000 z\u0142.<\/p>","protected":false},"featured_media":6450,"comment_status":"closed","ping_status":"closed","template":"","meta":[],"product_cat":[54,51],"product_tag":[],"class_list":{"0":"post-6449","1":"product","2":"type-product","3":"status-publish","4":"has-post-thumbnail","6":"product_cat-zegary-kominkowe","7":"product_cat-zegary","9":"entry","10":"has-media","12":"first","13":"instock","14":"taxable","15":"shipping-taxable","16":"purchasable","17":"product-type-simple","18":"has-product-nav","19":"col","20":"span_1_of_3","21":"owp-content-center","22":"owp-thumbs-layout-horizontal","23":"owp-btn-normal","24":"owp-tabs-layout-horizontal"},"aioseo_notices":[],"_links":{"self":[{"href":"https:\/\/antykilion.pl\/en\/wp-json\/wp\/v2\/product\/6449","targetHints":{"allow":["GET"]}}],"collection":[{"href":"https:\/\/antykilion.pl\/en\/wp-json\/wp\/v2\/product"}],"about":[{"href":"https:\/\/antykilion.pl\/en\/wp-json\/wp\/v2\/types\/product"}],"replies":[{"embeddable":true,"href":"https:\/\/antykilion.pl\/en\/wp-json\/wp\/v2\/comments?post=6449"}],"wp:featuredmedia":[{"embeddable":true,"href":"https:\/\/antykilion.pl\/en\/wp-json\/wp\/v2\/media\/6450"}],"wp:attachment":[{"href":"https:\/\/antykilion.pl\/en\/wp-json\/wp\/v2\/media?parent=6449"}],"wp:term":[{"taxonomy":"product_cat","embeddable":true,"href":"https:\/\/antykilion.pl\/en\/wp-json\/wp\/v2\/product_cat?post=6449"},{"taxonomy":"product_tag","embeddable":true,"href":"https:\/\/antykilion.pl\/en\/wp-json\/wp\/v2\/product_tag?post=6449"}],"curies":[{"name":"wp","href":"https:\/\/api.w.org\/{rel}","templated":true}]}}