{"id":6465,"date":"2022-12-18T07:46:19","date_gmt":"2022-12-18T06:46:19","guid":{"rendered":"https:\/\/antykilion.pl\/?post_type=product&#038;p=6465"},"modified":"2022-12-18T07:46:20","modified_gmt":"2022-12-18T06:46:20","slug":"ernst-beck-figurka-z-brazu-chlopiec-z-gesia-pod-pacha","status":"publish","type":"product","link":"https:\/\/antykilion.pl\/en\/product\/ernst-beck-figurka-z-brazu-chlopiec-z-gesia-pod-pacha\/","title":{"rendered":"Ernst BECK  Figurka z br\u0105zu &#8220;Ch\u0142opiec z g\u0119si\u0105 pod pach\u0105&#8221;"},"content":{"rendered":"","protected":false},"excerpt":{"rendered":"<p>Ernst BECK  Figurka z br\u0105zu &#8220;Ch\u0142opiec z g\u0119si\u0105 pod pach\u0105&#8221;<br \/>\nbr\u0105z patynowany, na kamiennym postumencie, wysoko\u015b\u0107 ca\u0142kowita oko\u0142o  16 cm, sygnowany na boku br\u0105zowej podstawy: E. Beck<br \/>\n Ernst BECK (1879 &#8211; 1941) Austriacki rze\u017abiarz, malarz i grafik. Absolwent Akademii Wiede\u0144skiej, cz\u0142onek Secesji Wiede\u0144skiej i Wiede\u0144skiego Domu Sztuki.<br \/>\nWymiary: oko\u0142o 16 cm<br \/>\nStan: bardzo dobry  w naro\u017cu marmuru malutka rysa<br \/>\nMateria\u0142: br\u0105z patynowany, marmur<br \/>\nPochodzenie: Austria XIX\/XX w<\/p>","protected":false},"featured_media":6467,"comment_status":"closed","ping_status":"closed","template":"","meta":[],"product_cat":[44,39,43],"product_tag":[],"class_list":{"0":"post-6465","1":"product","2":"type-product","3":"status-publish","4":"has-post-thumbnail","6":"product_cat-rzezba-dawna","7":"product_cat-dziela-sztuki","8":"product_cat-rzezba","10":"entry","11":"has-media","13":"first","14":"instock","15":"taxable","16":"shipping-taxable","17":"purchasable","18":"product-type-simple","19":"has-product-nav","20":"col","21":"span_1_of_3","22":"owp-content-center","23":"owp-thumbs-layout-horizontal","24":"owp-btn-normal","25":"owp-tabs-layout-horizontal"},"aioseo_notices":[],"_links":{"self":[{"href":"https:\/\/antykilion.pl\/en\/wp-json\/wp\/v2\/product\/6465","targetHints":{"allow":["GET"]}}],"collection":[{"href":"https:\/\/antykilion.pl\/en\/wp-json\/wp\/v2\/product"}],"about":[{"href":"https:\/\/antykilion.pl\/en\/wp-json\/wp\/v2\/types\/product"}],"replies":[{"embeddable":true,"href":"https:\/\/antykilion.pl\/en\/wp-json\/wp\/v2\/comments?post=6465"}],"wp:featuredmedia":[{"embeddable":true,"href":"https:\/\/antykilion.pl\/en\/wp-json\/wp\/v2\/media\/6467"}],"wp:attachment":[{"href":"https:\/\/antykilion.pl\/en\/wp-json\/wp\/v2\/media?parent=6465"}],"wp:term":[{"taxonomy":"product_cat","embeddable":true,"href":"https:\/\/antykilion.pl\/en\/wp-json\/wp\/v2\/product_cat?post=6465"},{"taxonomy":"product_tag","embeddable":true,"href":"https:\/\/antykilion.pl\/en\/wp-json\/wp\/v2\/product_tag?post=6465"}],"curies":[{"name":"wp","href":"https:\/\/api.w.org\/{rel}","templated":true}]}}