{"id":6531,"date":"2023-03-10T16:03:03","date_gmt":"2023-03-10T15:03:03","guid":{"rendered":"https:\/\/antykilion.pl\/?post_type=product&#038;p=6531"},"modified":"2023-03-10T16:03:03","modified_gmt":"2023-03-10T15:03:03","slug":"komoda-rokokowa-xviii-w-okolo-1750-ogromna-rzadkosc","status":"publish","type":"product","link":"https:\/\/antykilion.pl\/en\/product\/komoda-rokokowa-xviii-w-okolo-1750-ogromna-rzadkosc\/","title":{"rendered":"Komoda rokokowa XVIII w oko\u0142o 1750 ogromna rzadko\u015b\u0107"},"content":{"rendered":"","protected":false},"excerpt":{"rendered":"<p>Komoda rokokowa XVIII w oko\u0142o 1750 ogromna rzadko\u015b\u0107<\/p>\n<p>Komoda rokokowa, tereny po\u0142udniowoniemieckie, po\u0142owa XVIII wieku, z okresu przej\u015bciowego od baroku do rokoka. Lity orzech i fornirowane drewno iglaste. Bogata intarsja z brzozy, d\u0119bu bagiennego, \u015bliwy i brzozy czeczotowej.\u00a0 Bogate intarsje na ca\u0142o\u015bci komoddy. Zakrzywiona podstawa z rze\u017abionymi stopami formie kopyt. Oryginalne zamki i pi\u0119kne rokokowe oryginalne okucia.<\/p>\n<p>Pochodzenie:\u00a0 Po\u0142udniowe Niemcy<\/p>\n<p>Data: 1750 r<\/p>\n<p>Materia\u0142: orzech oraz inne rodzaje drewna<\/p>\n<p>Wymiary: wysoko\u015b\u0107 78, szeroko\u015b\u0107 96, g\u0142\u0119boko\u015b\u0107 44<\/p>\n<p>Stan: bardzo dobry orginalny,<\/p>\n<p>Na plecach pozosta\u0142o\u015bci nalepki zapewne warsztat<\/p>\n<p>Pi\u0119kny mebel i ogromnie rzadki<\/p>","protected":false},"featured_media":6562,"comment_status":"closed","ping_status":"closed","template":"","meta":[],"product_cat":[26,17],"product_tag":[],"class_list":{"0":"post-6531","1":"product","2":"type-product","3":"status-publish","4":"has-post-thumbnail","6":"product_cat-komody","7":"product_cat-meble","9":"entry","10":"has-media","12":"first","13":"instock","14":"taxable","15":"shipping-taxable","16":"purchasable","17":"product-type-simple","18":"has-product-nav","19":"col","20":"span_1_of_3","21":"owp-content-center","22":"owp-thumbs-layout-horizontal","23":"owp-btn-normal","24":"owp-tabs-layout-horizontal"},"aioseo_notices":[],"_links":{"self":[{"href":"https:\/\/antykilion.pl\/en\/wp-json\/wp\/v2\/product\/6531","targetHints":{"allow":["GET"]}}],"collection":[{"href":"https:\/\/antykilion.pl\/en\/wp-json\/wp\/v2\/product"}],"about":[{"href":"https:\/\/antykilion.pl\/en\/wp-json\/wp\/v2\/types\/product"}],"replies":[{"embeddable":true,"href":"https:\/\/antykilion.pl\/en\/wp-json\/wp\/v2\/comments?post=6531"}],"wp:featuredmedia":[{"embeddable":true,"href":"https:\/\/antykilion.pl\/en\/wp-json\/wp\/v2\/media\/6562"}],"wp:attachment":[{"href":"https:\/\/antykilion.pl\/en\/wp-json\/wp\/v2\/media?parent=6531"}],"wp:term":[{"taxonomy":"product_cat","embeddable":true,"href":"https:\/\/antykilion.pl\/en\/wp-json\/wp\/v2\/product_cat?post=6531"},{"taxonomy":"product_tag","embeddable":true,"href":"https:\/\/antykilion.pl\/en\/wp-json\/wp\/v2\/product_tag?post=6531"}],"curies":[{"name":"wp","href":"https:\/\/api.w.org\/{rel}","templated":true}]}}