{"id":6582,"date":"2023-03-12T10:56:44","date_gmt":"2023-03-12T09:56:44","guid":{"rendered":"https:\/\/antykilion.pl\/?post_type=product&#038;p=6582"},"modified":"2024-08-21T09:42:09","modified_gmt":"2024-08-21T07:42:09","slug":"sekretarzyk-w-stylu-napoleona-iii-okolo-1870-r-piekny","status":"publish","type":"product","link":"https:\/\/antykilion.pl\/en\/product\/sekretarzyk-w-stylu-napoleona-iii-okolo-1870-r-piekny\/","title":{"rendered":"Sekretarzyk w stylu Napoleona III oko\u0142o 1870 r, Pi\u0119kny"},"content":{"rendered":"","protected":false},"excerpt":{"rendered":"<p>Sekretarzyk w stylu Napoleona III oko\u0142o 1870 r, Pi\u0119kny<br \/>\nz w\u0105sk\u0105 nastawk\u0105 zamykan\u0105 dwuskrzyd\u0142owo, z dwoma niewielkimi szufladkami u do\u0142u, umieszczon\u0105 na sto\u0142owej podstawie z szufladk\u0105, fornirowany, intarsjowany w motywy floralne, ozdobiony br\u0105zami. Nastawka o prostych bokach, ze \u015bci\u0119tymi frontowymi naro\u017cami i falistymi skrzyd\u0142ami drzwi, przykryta spadzistym daszkiem, z trzech stron uj\u0119ta mosi\u0119\u017cn\u0105 galeryjk\u0105. We wn\u0119trzu p\u00f3\u0142ka. Podstawa o falistym zarysie. Szuflada po wysuni\u0119ciu zakryta przesuwnym pulpitem wyklejonym aksamitem; maho\u0144, grusza barwiona na czarno, topola, palisander, r\u00f3\u017ca, inne;<br \/>\nWymiary: wysoko\u015b\u0107 130 cm, szeroko\u015b\u0107 74 cm, g\u0142\u0119boko\u015b\u0107 50 cm wysoko\u015b\u0107 sto\u0142u 77 cm<br \/>\nPochodzenie: Europa Zachodnia, Francja oko\u0142o 1870 r<br \/>\nVery good condition<\/p>","protected":false},"featured_media":6584,"comment_status":"closed","ping_status":"closed","template":"","meta":[],"product_cat":[17,31],"product_tag":[],"class_list":{"0":"post-6582","1":"product","2":"type-product","3":"status-publish","4":"has-post-thumbnail","6":"product_cat-meble","7":"product_cat-sekretery-sekretarzyki-biurka","9":"entry","10":"has-media","12":"first","13":"instock","14":"taxable","15":"shipping-taxable","16":"purchasable","17":"product-type-simple","18":"has-product-nav","19":"col","20":"span_1_of_3","21":"owp-content-center","22":"owp-thumbs-layout-horizontal","23":"owp-btn-normal","24":"owp-tabs-layout-horizontal"},"aioseo_notices":[],"_links":{"self":[{"href":"https:\/\/antykilion.pl\/en\/wp-json\/wp\/v2\/product\/6582","targetHints":{"allow":["GET"]}}],"collection":[{"href":"https:\/\/antykilion.pl\/en\/wp-json\/wp\/v2\/product"}],"about":[{"href":"https:\/\/antykilion.pl\/en\/wp-json\/wp\/v2\/types\/product"}],"replies":[{"embeddable":true,"href":"https:\/\/antykilion.pl\/en\/wp-json\/wp\/v2\/comments?post=6582"}],"wp:featuredmedia":[{"embeddable":true,"href":"https:\/\/antykilion.pl\/en\/wp-json\/wp\/v2\/media\/6584"}],"wp:attachment":[{"href":"https:\/\/antykilion.pl\/en\/wp-json\/wp\/v2\/media?parent=6582"}],"wp:term":[{"taxonomy":"product_cat","embeddable":true,"href":"https:\/\/antykilion.pl\/en\/wp-json\/wp\/v2\/product_cat?post=6582"},{"taxonomy":"product_tag","embeddable":true,"href":"https:\/\/antykilion.pl\/en\/wp-json\/wp\/v2\/product_tag?post=6582"}],"curies":[{"name":"wp","href":"https:\/\/api.w.org\/{rel}","templated":true}]}}