{"id":6602,"date":"2023-03-12T11:56:42","date_gmt":"2023-03-12T10:56:42","guid":{"rendered":"https:\/\/antykilion.pl\/?post_type=product&#038;p=6602"},"modified":"2023-03-12T13:18:15","modified_gmt":"2023-03-12T12:18:15","slug":"palacowa-komoda-w-stylu-ludwika-xvi-xix-wiek-bogato-okuta-w-brazach-zloconych","status":"publish","type":"product","link":"https:\/\/antykilion.pl\/en\/product\/palacowa-komoda-w-stylu-ludwika-xvi-xix-wiek-bogato-okuta-w-brazach-zloconych\/","title":{"rendered":"Pa\u0142acowa komoda w stylu Ludwika XVI, XIX wiek bogato okuta w br\u0105zach z\u0142oconych !!!"},"content":{"rendered":"","protected":false},"excerpt":{"rendered":"<p>Pa\u0142acowa komoda w stylu Ludwika XVI, XIX wiek bogato okuta w br\u0105zach z\u0142oconych !!!<br \/>\nKomoda o falistych wybrzuszonych bokach i froncie, dwuszufladowa, z marmurowym blatem, wsparta na wysmuk\u0142ych wysokich n\u00f3\u017ckach, fornirowana wzorzyst\u0105 oklein\u0105 i ozdobiona rokailowymi okuciami z br\u0105zu z\u0142oconego, cyzelowanego.<br \/>\nForma i dekoracja prezentowanej komody by\u0142a charakterystyczna dla tw\u00f3rczo\u015bci dla najlepszych Francuskich ebonist\u00f3w z XVIII wieku. Meble luksusowe, eleganckie, zamawiane by\u0142y do kr\u00f3lewskich pa\u0142ac\u00f3w. Niezwykle bogat\u0105 dekoracj\u0119 z wzorzystej okleiny uzupe\u0142niaj\u0105 bardzo bogato mi\u0119kko modelowane br\u0105zy z\u0142ocone ogniowo.( bardzo wysoka p\u00f3\u0142ka)!!!!<br \/>\nObiekt bardzo wysokiej klasy!!!<br \/>\nPochodzenie: Francja XIX w oko\u0142o 1870 r<br \/>\nStan: Bardzo dobry Po konserwacji na pocz\u0105tku XX w<br \/>\nWymiary: D\u0142ugo\u015b\u0107 135 cm, g\u0142\u0119boko\u015b\u0107 63 cm, wysoko\u015b\u0107 92 cm.<br \/>\nMateria\u0142: Maho\u0144, br\u0105z z\u0142ocony, marmur<br \/>\nBardzo du\u017ca i zdobna Pa\u0142acowa komoda !!!<\/p>","protected":false},"featured_media":6626,"comment_status":"closed","ping_status":"closed","template":"","meta":[],"product_cat":[26,17],"product_tag":[],"class_list":{"0":"post-6602","1":"product","2":"type-product","3":"status-publish","4":"has-post-thumbnail","6":"product_cat-komody","7":"product_cat-meble","9":"entry","10":"has-media","12":"first","13":"instock","14":"taxable","15":"shipping-taxable","16":"purchasable","17":"product-type-simple","18":"has-product-nav","19":"col","20":"span_1_of_3","21":"owp-content-center","22":"owp-thumbs-layout-horizontal","23":"owp-btn-normal","24":"owp-tabs-layout-horizontal"},"aioseo_notices":[],"_links":{"self":[{"href":"https:\/\/antykilion.pl\/en\/wp-json\/wp\/v2\/product\/6602","targetHints":{"allow":["GET"]}}],"collection":[{"href":"https:\/\/antykilion.pl\/en\/wp-json\/wp\/v2\/product"}],"about":[{"href":"https:\/\/antykilion.pl\/en\/wp-json\/wp\/v2\/types\/product"}],"replies":[{"embeddable":true,"href":"https:\/\/antykilion.pl\/en\/wp-json\/wp\/v2\/comments?post=6602"}],"wp:featuredmedia":[{"embeddable":true,"href":"https:\/\/antykilion.pl\/en\/wp-json\/wp\/v2\/media\/6626"}],"wp:attachment":[{"href":"https:\/\/antykilion.pl\/en\/wp-json\/wp\/v2\/media?parent=6602"}],"wp:term":[{"taxonomy":"product_cat","embeddable":true,"href":"https:\/\/antykilion.pl\/en\/wp-json\/wp\/v2\/product_cat?post=6602"},{"taxonomy":"product_tag","embeddable":true,"href":"https:\/\/antykilion.pl\/en\/wp-json\/wp\/v2\/product_tag?post=6602"}],"curies":[{"name":"wp","href":"https:\/\/api.w.org\/{rel}","templated":true}]}}