{"id":6627,"date":"2023-03-12T12:42:07","date_gmt":"2023-03-12T11:42:07","guid":{"rendered":"https:\/\/antykilion.pl\/?post_type=product&#038;p=6627"},"modified":"2023-03-12T13:11:53","modified_gmt":"2023-03-12T12:11:53","slug":"palacowa-komoda-klasycyzujaca-okolo-1780-r-obledna","status":"publish","type":"product","link":"https:\/\/antykilion.pl\/en\/product\/palacowa-komoda-klasycyzujaca-okolo-1780-r-obledna\/","title":{"rendered":"Pa\u0142acowa komoda klasycyzuj\u0105ca oko\u0142o 1780 r ob\u0142\u0119dna !"},"content":{"rendered":"","protected":false},"excerpt":{"rendered":"<p>Komoda o prostych bokach, \u015bci\u0119tych bokach i wybrzuszonym nieznacznie froncie, trzyszufladowa, fornirowana, intarsjowana, wsparta na czterech graniastych, zbie\u017cnych ku do\u0142owi n\u00f3\u017ckach. Powierzchnie uj\u0119te obramieniem i \u017cy\u0142k\u0105 tworz\u0105c\u0105 od wewn\u0119trznej strony meandry-kostki w naro\u017cach, wyklejone bardziej wzorzyst\u0105 oklein\u0105. Okucia mosi\u0119\u017cne, klasycystyczne owalne.<br \/>\nKomoda klasycyzuj\u0105ca o formie i dekoracji charakterystycznej dla wytw\u00f3rczo\u015bci \u015brodkowoeuropejskich warsztat\u00f3w stolarskich.<br \/>\nPa\u0142acowa ogromna i bardzo bogato intarsjowana komoda. Mebel pierwszej klasy!!!<br \/>\nPochodzenie; Europa \u015brodkowa Niemcy (Po\u0142udniowo-wschodnie?), ok. 1780<br \/>\nStan: bardzo dobry, po konserwacji w latach 80<br \/>\nWymiary: D\u0142ugo\u015b\u0107 125 cm, g\u0142\u0119boko\u015b\u0107 65 cm, wysoko\u015b\u0107 85 cm<br \/>\nMateria\u0142: Forniry orzecha ob\u0142oga, hebanu oraz wiele innych wykorzystanych w intarsjach<\/p>","protected":false},"featured_media":6633,"comment_status":"closed","ping_status":"closed","template":"","meta":[],"product_cat":[26,17],"product_tag":[],"class_list":{"0":"post-6627","1":"product","2":"type-product","3":"status-publish","4":"has-post-thumbnail","6":"product_cat-komody","7":"product_cat-meble","9":"entry","10":"has-media","12":"first","13":"instock","14":"taxable","15":"shipping-taxable","16":"purchasable","17":"product-type-simple","18":"has-product-nav","19":"col","20":"span_1_of_3","21":"owp-content-center","22":"owp-thumbs-layout-horizontal","23":"owp-btn-normal","24":"owp-tabs-layout-horizontal"},"aioseo_notices":[],"_links":{"self":[{"href":"https:\/\/antykilion.pl\/en\/wp-json\/wp\/v2\/product\/6627","targetHints":{"allow":["GET"]}}],"collection":[{"href":"https:\/\/antykilion.pl\/en\/wp-json\/wp\/v2\/product"}],"about":[{"href":"https:\/\/antykilion.pl\/en\/wp-json\/wp\/v2\/types\/product"}],"replies":[{"embeddable":true,"href":"https:\/\/antykilion.pl\/en\/wp-json\/wp\/v2\/comments?post=6627"}],"wp:featuredmedia":[{"embeddable":true,"href":"https:\/\/antykilion.pl\/en\/wp-json\/wp\/v2\/media\/6633"}],"wp:attachment":[{"href":"https:\/\/antykilion.pl\/en\/wp-json\/wp\/v2\/media?parent=6627"}],"wp:term":[{"taxonomy":"product_cat","embeddable":true,"href":"https:\/\/antykilion.pl\/en\/wp-json\/wp\/v2\/product_cat?post=6627"},{"taxonomy":"product_tag","embeddable":true,"href":"https:\/\/antykilion.pl\/en\/wp-json\/wp\/v2\/product_tag?post=6627"}],"curies":[{"name":"wp","href":"https:\/\/api.w.org\/{rel}","templated":true}]}}