{"id":6693,"date":"2023-03-12T18:06:36","date_gmt":"2023-03-12T17:06:36","guid":{"rendered":"https:\/\/antykilion.pl\/?post_type=product&#038;p=6693"},"modified":"2025-02-15T11:22:26","modified_gmt":"2025-02-15T10:22:26","slug":"plac-zelaznej-bramy-z-widokiem-na-paste-ok-1950","status":"publish","type":"product","link":"https:\/\/antykilion.pl\/en\/product\/plac-zelaznej-bramy-z-widokiem-na-paste-ok-1950\/","title":{"rendered":"PLAC \u017bELAZNEJ BRAMY Z WIDOKIEM NA PAST\u0118, ok. 1950"},"content":{"rendered":"","protected":false},"excerpt":{"rendered":"<p>Jan RAWICZ (XX w.)<\/p>\n<p>PLAC \u017bELAZNEJ BRAMY Z WIDOKIEM NA PAST\u0118, ok. 1950<\/p>\n<p>Tematyk\u0105 wi\u0119kszo\u015bci obraz\u00f3w Jana Rawicza s\u0105 widoki miejskie, a w szczeg\u00f3lno\u015bci warszawska Star\u00f3wka. Jego obrazy olejne tematyk\u0105 i manier\u0105 malarsk\u0105 wykazuj\u0105 du\u017c\u0105 zbie\u017cno\u015b\u0107 z malarstwem W\u0142adys\u0142awa Chmieli\u0144skiego (1911-1979 ). Jan Rawicz mo\u017ce by\u0107 pseudonimem Chmieli\u0144skiego, kt\u00f3ry mia\u0142 te\u017c stosowa\u0107 pseudonim Stachowicz.<\/p>\n<p>Technique: oil on canvas<\/p>\n<p>Stan: bardzo dobry,<\/p>\n<p>Signature visible in the photo<\/p>\n<p>Wymiary: p\u0142\u00f3tna 50 cm x 35 cm. + rama bardzo szeroka i ozdobna<\/p>\n<p>Origin: Poland<\/p>\n<p>Obraz bardzo dekoracyjny<\/p>\n<p>Do ka\u017cdego przedmiotu Galeria wystawia certyfikat.<\/p>","protected":false},"featured_media":6694,"comment_status":"closed","ping_status":"closed","template":"","meta":[],"product_cat":[41,39,40],"product_tag":[],"class_list":{"0":"post-6693","1":"product","2":"type-product","3":"status-publish","4":"has-post-thumbnail","6":"product_cat-malarstwo-dawne","7":"product_cat-dziela-sztuki","8":"product_cat-malarstwo","10":"entry","11":"has-media","13":"first","14":"instock","15":"taxable","16":"shipping-taxable","17":"purchasable","18":"product-type-simple","19":"has-product-nav","20":"col","21":"span_1_of_3","22":"owp-content-center","23":"owp-thumbs-layout-horizontal","24":"owp-btn-normal","25":"owp-tabs-layout-horizontal"},"aioseo_notices":[],"_links":{"self":[{"href":"https:\/\/antykilion.pl\/en\/wp-json\/wp\/v2\/product\/6693","targetHints":{"allow":["GET"]}}],"collection":[{"href":"https:\/\/antykilion.pl\/en\/wp-json\/wp\/v2\/product"}],"about":[{"href":"https:\/\/antykilion.pl\/en\/wp-json\/wp\/v2\/types\/product"}],"replies":[{"embeddable":true,"href":"https:\/\/antykilion.pl\/en\/wp-json\/wp\/v2\/comments?post=6693"}],"wp:featuredmedia":[{"embeddable":true,"href":"https:\/\/antykilion.pl\/en\/wp-json\/wp\/v2\/media\/6694"}],"wp:attachment":[{"href":"https:\/\/antykilion.pl\/en\/wp-json\/wp\/v2\/media?parent=6693"}],"wp:term":[{"taxonomy":"product_cat","embeddable":true,"href":"https:\/\/antykilion.pl\/en\/wp-json\/wp\/v2\/product_cat?post=6693"},{"taxonomy":"product_tag","embeddable":true,"href":"https:\/\/antykilion.pl\/en\/wp-json\/wp\/v2\/product_tag?post=6693"}],"curies":[{"name":"wp","href":"https:\/\/api.w.org\/{rel}","templated":true}]}}