{"id":6713,"date":"2023-03-13T10:42:03","date_gmt":"2023-03-13T09:42:03","guid":{"rendered":"https:\/\/antykilion.pl\/?post_type=product&#038;p=6713"},"modified":"2023-03-13T10:45:12","modified_gmt":"2023-03-13T09:45:12","slug":"6713","status":"publish","type":"product","link":"https:\/\/antykilion.pl\/en\/product\/6713\/","title":{"rendered":"Biurko sekretarzyk klasycystyczny XIX w oko\u0142o 1800"},"content":{"rendered":"","protected":false},"excerpt":{"rendered":"<p>Biurko sekretarzyk klasycystyczny XIX w oko\u0142o 1800<\/p>\n<p>z prostok\u0105tnym blatem, fornirowane mahoniem i ozdobione listwami z blachy mosi\u0119\u017cnej;<\/p>\n<p>Biurko w formie sto\u0142u, z blatem prostok\u0105tnym wyklejonym suknem na kt\u00f3rym umieszczona jest nadstawka z 4 szufladkami zamykanymi na kluczyk oraz dwiema nadstawkami z przegrodami na dokumenty i dwoma szufladami w oskrzynieniu,zamykanymi na kluczyki, wsparte na czterech graniastych, zbie\u017cnych nogach. Ca\u0142o\u015b\u0107 fornirowana mahoniem i ozdobiona repusowan\u0105 blach\u0105 mosi\u0119\u017cn\u0105. .<\/p>\n<p>Biurko wykonane w stylu mebli klasycystycznych z ko\u0144ca XVIII w., ch\u0119tnie powielana na pocz\u0105tku XIX w. i w XX w., na fali powrotu mody na wzory klasycystyczne.<\/p>\n<p>Ogromna rzadko\u015b\u0107 biurko z tego okresu i w rewelacyjnej cenie!!!!<\/p>\n<p>Materia\u0142:\u00a0 okleina &#8211; maho\u0144;<\/p>\n<p>Wymiary: wysoko\u015b\u0107 do blatu 74 cm, wysoko\u015b\u0107 ca\u0142kowita\u00a0 104 cm, szeroko\u015b\u0107 97 cm, g\u0142\u0119boko\u015b\u0107 58 cm.<\/p>\n<p>Pochodzenie: Europa \u015arodkowa, ok. 1795\/1800 Polska?<\/p>\n<p>Stan: Bardzo dobry, widoczne drobne \u015blady u\u017cytkowania<\/p>\n<p>Do ka\u017cdego przedmiotu wystawiamy certyfikat<\/p>\n<p>Sekretera o wzorze popularnym w 1 po\u0142. XIX wieku, stosowanym zar\u00f3wno w epokach klasycyzuj\u0105cych, jak i w stylu Ludwika Filipa. Z licznymi podzia\u0142ami we wn\u0119trzu, jak r\u00f3wnie\u017c pulpitem do czytania i schowkami.<\/p>","protected":false},"featured_media":6714,"comment_status":"closed","ping_status":"closed","template":"","meta":[],"product_cat":[17,31],"product_tag":[],"class_list":{"0":"post-6713","1":"product","2":"type-product","3":"status-publish","4":"has-post-thumbnail","6":"product_cat-meble","7":"product_cat-sekretery-sekretarzyki-biurka","9":"entry","10":"has-media","12":"first","13":"instock","14":"taxable","15":"shipping-taxable","16":"purchasable","17":"product-type-simple","18":"has-product-nav","19":"col","20":"span_1_of_3","21":"owp-content-center","22":"owp-thumbs-layout-horizontal","23":"owp-btn-normal","24":"owp-tabs-layout-horizontal"},"aioseo_notices":[],"_links":{"self":[{"href":"https:\/\/antykilion.pl\/en\/wp-json\/wp\/v2\/product\/6713","targetHints":{"allow":["GET"]}}],"collection":[{"href":"https:\/\/antykilion.pl\/en\/wp-json\/wp\/v2\/product"}],"about":[{"href":"https:\/\/antykilion.pl\/en\/wp-json\/wp\/v2\/types\/product"}],"replies":[{"embeddable":true,"href":"https:\/\/antykilion.pl\/en\/wp-json\/wp\/v2\/comments?post=6713"}],"wp:featuredmedia":[{"embeddable":true,"href":"https:\/\/antykilion.pl\/en\/wp-json\/wp\/v2\/media\/6714"}],"wp:attachment":[{"href":"https:\/\/antykilion.pl\/en\/wp-json\/wp\/v2\/media?parent=6713"}],"wp:term":[{"taxonomy":"product_cat","embeddable":true,"href":"https:\/\/antykilion.pl\/en\/wp-json\/wp\/v2\/product_cat?post=6713"},{"taxonomy":"product_tag","embeddable":true,"href":"https:\/\/antykilion.pl\/en\/wp-json\/wp\/v2\/product_tag?post=6713"}],"curies":[{"name":"wp","href":"https:\/\/api.w.org\/{rel}","templated":true}]}}