{"id":6744,"date":"2023-03-13T14:15:19","date_gmt":"2023-03-13T13:15:19","guid":{"rendered":"https:\/\/antykilion.pl\/?post_type=product&#038;p=6744"},"modified":"2023-03-13T14:15:19","modified_gmt":"2023-03-13T13:15:19","slug":"serwis-tete-a-tete-christian-fischer-zwickau-1845-r","status":"publish","type":"product","link":"https:\/\/antykilion.pl\/en\/product\/serwis-tete-a-tete-christian-fischer-zwickau-1845-r\/","title":{"rendered":"Serwis tete a tete Christian Fischer Zwickau 1845 r"},"content":{"rendered":"","protected":false},"excerpt":{"rendered":"<p>Serwis tete a tete Christian Fischer Zwickau 1845<\/p>\n<p>serwis sk\u0142ada si\u0119 z Fili\u017canki ze spodkiem, dzbanka do kawy, mlecznik, cukiernicy oraz tacy<\/p>\n<p>Serwis sygnowany wyciskiem \u0142\u0105czonym CF<\/p>\n<p>cukiernica wys. 9 cm<\/p>\n<p>mlecznik wys. 10 cm<\/p>\n<p>dzbanek wys. 14 cm<\/p>\n<p>fili\u017canka wys. 5,5 cm szeroko\u015b\u0107 bez ucha 9 cm<\/p>\n<p>spodek szer. 14 cm<\/p>\n<p>taca d\u0142ugo\u015b\u0107 31,5 cm szer. 28 cm<\/p>\n<p>Very good condition<\/p>\n<p>Pi\u0119kny i niespotykany serwis ogromna rzadko\u015b\u0107 !!!!<\/p>\n<p>Do ka\u017cdego przedmiotu wystawiamy certyfikat<\/p>","protected":false},"featured_media":6745,"comment_status":"closed","ping_status":"closed","template":"","meta":[],"product_cat":[50],"product_tag":[],"class_list":{"0":"post-6744","1":"product","2":"type-product","3":"status-publish","4":"has-post-thumbnail","6":"product_cat-porcelana-i-fajans","8":"entry","9":"has-media","11":"first","12":"instock","13":"taxable","14":"shipping-taxable","15":"purchasable","16":"product-type-simple","17":"has-product-nav","18":"col","19":"span_1_of_3","20":"owp-content-center","21":"owp-thumbs-layout-horizontal","22":"owp-btn-normal","23":"owp-tabs-layout-horizontal"},"aioseo_notices":[],"_links":{"self":[{"href":"https:\/\/antykilion.pl\/en\/wp-json\/wp\/v2\/product\/6744","targetHints":{"allow":["GET"]}}],"collection":[{"href":"https:\/\/antykilion.pl\/en\/wp-json\/wp\/v2\/product"}],"about":[{"href":"https:\/\/antykilion.pl\/en\/wp-json\/wp\/v2\/types\/product"}],"replies":[{"embeddable":true,"href":"https:\/\/antykilion.pl\/en\/wp-json\/wp\/v2\/comments?post=6744"}],"wp:featuredmedia":[{"embeddable":true,"href":"https:\/\/antykilion.pl\/en\/wp-json\/wp\/v2\/media\/6745"}],"wp:attachment":[{"href":"https:\/\/antykilion.pl\/en\/wp-json\/wp\/v2\/media?parent=6744"}],"wp:term":[{"taxonomy":"product_cat","embeddable":true,"href":"https:\/\/antykilion.pl\/en\/wp-json\/wp\/v2\/product_cat?post=6744"},{"taxonomy":"product_tag","embeddable":true,"href":"https:\/\/antykilion.pl\/en\/wp-json\/wp\/v2\/product_tag?post=6744"}],"curies":[{"name":"wp","href":"https:\/\/api.w.org\/{rel}","templated":true}]}}