{"id":6835,"date":"2023-04-17T09:20:54","date_gmt":"2023-04-17T07:20:54","guid":{"rendered":"https:\/\/antykilion.pl\/?post_type=product&#038;p=6835"},"modified":"2023-08-01T20:21:05","modified_gmt":"2023-08-01T18:21:05","slug":"szafa-kredensowa-prusy-krolewskie-xviii-w-elblag","status":"publish","type":"product","link":"https:\/\/antykilion.pl\/en\/product\/szafa-kredensowa-prusy-krolewskie-xviii-w-elblag\/","title":{"rendered":"Szafa kredensowa Prusy Kr\u00f3lewskie XVIII w Elbl\u0105g !"},"content":{"rendered":"","protected":false},"excerpt":{"rendered":"<p>Galeria Antyki i Sztuka Lion zaprasza<br \/>\nSzafa kredensowa Prusy Kr\u00f3lewskie XVIII w Elbl\u0105g !<\/p>\n<p>dwucz\u0119\u015bciowa, z dwuskrzyd\u0142owa nastaw\u0105 o prostych bokach i froncie, \u015bci\u0119tych naro\u017cach, zwie\u0144czon\u0105 wypi\u0119trzonych po \u015brodku, profilowanym gzymsem, wsparta na komodowej podstawie z trzema szufladami o prostych bokach i froncie z \u015bci\u0119tymi naro\u017cami .Ca\u0142o\u015b\u0107 fornirowana wzorzystymi fornirami orzechowymi, Wsparta od frontu na konsolowych n\u00f3\u017ckach, z ty\u0142u na graniastych. Front nastawy podzielony trzema prostymi pilastrami na dwie osie, odpowiadaj\u0105ce ukszta\u0142towaniu frontu podstawy (na bokach wkl\u0119s\u0142a po\u015brodku wypuk\u0142a). Na skrzyd\u0142ach drzwi, zwie\u0144czenia oraz naro\u017cy bogate intarsje na zwie\u0144czeniu korona i kwiaty natomiast na naro\u017cach intarsje imituj\u0105ce pilastry za\u015b na drzwiach bogate intarsje kwiatowe. Okucia faliste, wyci\u0119te w blasze mosi\u0119\u017cnej. Na bokach podstawy i nastawy mosi\u0119\u017cne, kute uchwyty. Masywna szafa kredensowa wykonana najprawdopodobniej na terenie Dawnych Prus Kr\u00f3lewskich, Elbl\u0105g w warsztacie stolarskim na prowincji ? Przeznaczona do pomieszczenia kredensowego i wykorzystywana do przechowywania naczy\u0144 (nastawa) i bielizny sto\u0142owej (podstawa). Dekorowana do\u015b\u0107 rzadko w owym czasie.<\/p>\n<p>konstrukcja &#8211; sosna, forniry orzechowe oraz innego rodzaju drzewa<\/p>\n<p>Pochodzenie Prusy Kr\u00f3lewskie tereny przyleg\u0142e Elbl\u0105gowi XVIII w, na pewno tereny Polski<\/p>\n<p>Szafa o typowej dla regionu formie i konstrukcji ale przede wszystkim zdobnictwu. Ogromna rzadko\u015b\u0107 na rynku antykwarycznym<\/p>\n<p>Wymiary: wysoko\u015b\u0107 232, szeroko\u015b\u0107 146 cm , g\u0142\u0119boko\u015b\u0107 64 cm <\/p>\n<p>Stan: bardzo dobry orginalny,\u00a0 po konserwacji zachowawczej w latach 80 XX w,<\/p>\n<p>Mebel sygnowany wypalone A.K. oraz jaki\u015b napis dodatkowo stara nalepka wszytko powt\u00f3rzone na nadstawce i komodzie !<\/p>\n<p>Pi\u0119kny mebel!!!<\/p>","protected":false},"featured_media":6836,"comment_status":"closed","ping_status":"closed","template":"","meta":[],"product_cat":[27,17,34],"product_tag":[],"class_list":{"0":"post-6835","1":"product","2":"type-product","3":"status-publish","4":"has-post-thumbnail","6":"product_cat-kredensy-bufety","7":"product_cat-meble","8":"product_cat-szafy","10":"entry","11":"has-media","13":"first","14":"instock","15":"taxable","16":"shipping-taxable","17":"purchasable","18":"product-type-simple","19":"has-product-nav","20":"col","21":"span_1_of_3","22":"owp-content-center","23":"owp-thumbs-layout-horizontal","24":"owp-btn-normal","25":"owp-tabs-layout-horizontal"},"aioseo_notices":[],"_links":{"self":[{"href":"https:\/\/antykilion.pl\/en\/wp-json\/wp\/v2\/product\/6835","targetHints":{"allow":["GET"]}}],"collection":[{"href":"https:\/\/antykilion.pl\/en\/wp-json\/wp\/v2\/product"}],"about":[{"href":"https:\/\/antykilion.pl\/en\/wp-json\/wp\/v2\/types\/product"}],"replies":[{"embeddable":true,"href":"https:\/\/antykilion.pl\/en\/wp-json\/wp\/v2\/comments?post=6835"}],"wp:featuredmedia":[{"embeddable":true,"href":"https:\/\/antykilion.pl\/en\/wp-json\/wp\/v2\/media\/6836"}],"wp:attachment":[{"href":"https:\/\/antykilion.pl\/en\/wp-json\/wp\/v2\/media?parent=6835"}],"wp:term":[{"taxonomy":"product_cat","embeddable":true,"href":"https:\/\/antykilion.pl\/en\/wp-json\/wp\/v2\/product_cat?post=6835"},{"taxonomy":"product_tag","embeddable":true,"href":"https:\/\/antykilion.pl\/en\/wp-json\/wp\/v2\/product_tag?post=6835"}],"curies":[{"name":"wp","href":"https:\/\/api.w.org\/{rel}","templated":true}]}}