{"id":6885,"date":"2023-04-25T05:06:44","date_gmt":"2023-04-25T03:06:44","guid":{"rendered":"https:\/\/antykilion.pl\/?post_type=product&#038;p=6885"},"modified":"2024-02-29T20:15:52","modified_gmt":"2024-02-29T19:15:52","slug":"ulan-z-koniem-jerzy-kossak-1928-r-orginal","status":"publish","type":"product","link":"https:\/\/antykilion.pl\/en\/product\/ulan-z-koniem-jerzy-kossak-1928-r-orginal\/","title":{"rendered":"U\u0142an z koniem Jerzy Kossak 1928 r, orgina\u0142 !!!"},"content":{"rendered":"","protected":false},"excerpt":{"rendered":"<p>U\u0142an z koniem Jerzy Kossak 1928 r, orgina\u0142 !!!<\/p>\n<p> Na odwrocie piecz\u0105tka o tre\u015bci: Z. ZIEMBICKI | Krak\u00f3w Plac Maryacki L. 2.<\/p>\n<p>Technika: olej na p\u0142ycie<\/p>\n<p>Very good condition<\/p>\n<p>Sygnatura: widoczna na zdj\u0119ciu,<\/p>\n<p>Wymiary: z ram\u0105 27 x 29 cm<\/p>\n<p>Do obrazu zostanie do\u0142\u0105czony certyfikat podpisany przez samego artyst\u0119 oraz rachunek gdzie obraz zosta\u0142 zakupiony w latach 60<\/p>\n<p>Below, information about the artist.<\/p>\n<p>Jerzy Kossak:<\/p>\n<p>Jerzy Kossak (Krak\u00f3w 1886 &#8211; Krak\u00f3w 1955)- syn Wojciecha, wnuk Juliusza Kossak\u00f3w &#8211; od wczesnego dzieci\u0144stwa malowa\u0142 pod kierunkiem ojca i dziadka. Kontynuator i na\u015bladowca ich sztuki tworzy\u0142 sceny batalistyczne, historyczne i rodzajowe z wszechobecnym motywem konia. Malowa\u0142 obrazy z powstania listopadowego, wojen napoleo\u0144skich oraz wiele scen z wojny 1920 roku. Najbardziej znan\u0105 jego kompozycj\u0105 tego rodzaju by\u0142 Cud nad Wis\u0142\u0105. Malowa\u0142 te\u017c liczne Pogonie i Po\u015bcigi u\u0142an\u00f3w za kozakami, Napady wilk\u00f3w, Polowania i Wesela. Tematyka tych prac sprawia, \u017ce stale ciesz\u0105 si\u0119 zainteresowaniem zbieraczy i publiczno\u015bci, zawsze t\u0142umnie odwiedzaj\u0105cej wystawy malarstwa Kossak\u00f3w<\/p>\n<p>Do ka\u017cdego przedmiotu Galeria wystawia certyfikat.<\/p>","protected":false},"featured_media":6886,"comment_status":"closed","ping_status":"closed","template":"","meta":[],"product_cat":[41,39,40],"product_tag":[],"class_list":{"0":"post-6885","1":"product","2":"type-product","3":"status-publish","4":"has-post-thumbnail","6":"product_cat-malarstwo-dawne","7":"product_cat-dziela-sztuki","8":"product_cat-malarstwo","10":"entry","11":"has-media","13":"first","14":"instock","15":"taxable","16":"shipping-taxable","17":"purchasable","18":"product-type-simple","19":"has-product-nav","20":"col","21":"span_1_of_3","22":"owp-content-center","23":"owp-thumbs-layout-horizontal","24":"owp-btn-normal","25":"owp-tabs-layout-horizontal","26":"has-no-thumbnails"},"aioseo_notices":[],"_links":{"self":[{"href":"https:\/\/antykilion.pl\/en\/wp-json\/wp\/v2\/product\/6885","targetHints":{"allow":["GET"]}}],"collection":[{"href":"https:\/\/antykilion.pl\/en\/wp-json\/wp\/v2\/product"}],"about":[{"href":"https:\/\/antykilion.pl\/en\/wp-json\/wp\/v2\/types\/product"}],"replies":[{"embeddable":true,"href":"https:\/\/antykilion.pl\/en\/wp-json\/wp\/v2\/comments?post=6885"}],"wp:featuredmedia":[{"embeddable":true,"href":"https:\/\/antykilion.pl\/en\/wp-json\/wp\/v2\/media\/6886"}],"wp:attachment":[{"href":"https:\/\/antykilion.pl\/en\/wp-json\/wp\/v2\/media?parent=6885"}],"wp:term":[{"taxonomy":"product_cat","embeddable":true,"href":"https:\/\/antykilion.pl\/en\/wp-json\/wp\/v2\/product_cat?post=6885"},{"taxonomy":"product_tag","embeddable":true,"href":"https:\/\/antykilion.pl\/en\/wp-json\/wp\/v2\/product_tag?post=6885"}],"curies":[{"name":"wp","href":"https:\/\/api.w.org\/{rel}","templated":true}]}}