{"id":6888,"date":"2023-04-25T09:16:59","date_gmt":"2023-04-25T07:16:59","guid":{"rendered":"https:\/\/antykilion.pl\/?post_type=product&#038;p=6888"},"modified":"2023-10-26T07:46:12","modified_gmt":"2023-10-26T05:46:12","slug":"zimowy-wieczor-wiktor-korecki-orginal","status":"publish","type":"product","link":"https:\/\/antykilion.pl\/en\/product\/zimowy-wieczor-wiktor-korecki-orginal\/","title":{"rendered":"Zimowy wiecz\u00f3r, Wiktor Korecki Orgina\u0142 !"},"content":{"rendered":"","protected":false},"excerpt":{"rendered":"<p>Gallery Antiques and Lion Art<\/p>\n<p>Zimowy wiecz\u00f3r, Wiktor Korecki Orgina\u0142 !<\/p>\n<p>Technique: oil on canvas<\/p>\n<p>Very good condition<\/p>\n<p>Signature: visible in the picture<\/p>\n<p>Wymiary: p\u0142\u00f3tna 60 x 90 cm + rama<\/p>\n<p>Below, information about the artist.<\/p>\n<p>He studied at the NI Muraszki Drawing School in Kiev. In 1921, he moved to Warsaw, where he opened a studio which burned down during the Warsaw Uprising, and with it many of his works. He has presented his works many times at exhibitions at the Society for the Encouragement of Fine Arts. He returned to Poland in 1946 and settled near Warsaw, first in Komor\u00f3w, then in Milan\u00f3wek. His work was influenced by the paintings of Che\u0142mo\u0144ski and Rapacki. The artist mainly created Masovian landscapes - sunsets, meadows, misty backwaters, villages or winter landscapes with the motif of a forest road and a stream winding among the snow.<\/p>\n<p>Do ka\u017cdego przedmiotu Galeria wystawia certyfikat.<\/p>","protected":false},"featured_media":6889,"comment_status":"closed","ping_status":"closed","template":"","meta":[],"product_cat":[41,39,40],"product_tag":[],"class_list":{"0":"post-6888","1":"product","2":"type-product","3":"status-publish","4":"has-post-thumbnail","6":"product_cat-malarstwo-dawne","7":"product_cat-dziela-sztuki","8":"product_cat-malarstwo","10":"entry","11":"has-media","13":"first","14":"instock","15":"taxable","16":"shipping-taxable","17":"purchasable","18":"product-type-simple","19":"has-product-nav","20":"col","21":"span_1_of_3","22":"owp-content-center","23":"owp-thumbs-layout-horizontal","24":"owp-btn-normal","25":"owp-tabs-layout-horizontal"},"aioseo_notices":[],"_links":{"self":[{"href":"https:\/\/antykilion.pl\/en\/wp-json\/wp\/v2\/product\/6888","targetHints":{"allow":["GET"]}}],"collection":[{"href":"https:\/\/antykilion.pl\/en\/wp-json\/wp\/v2\/product"}],"about":[{"href":"https:\/\/antykilion.pl\/en\/wp-json\/wp\/v2\/types\/product"}],"replies":[{"embeddable":true,"href":"https:\/\/antykilion.pl\/en\/wp-json\/wp\/v2\/comments?post=6888"}],"wp:featuredmedia":[{"embeddable":true,"href":"https:\/\/antykilion.pl\/en\/wp-json\/wp\/v2\/media\/6889"}],"wp:attachment":[{"href":"https:\/\/antykilion.pl\/en\/wp-json\/wp\/v2\/media?parent=6888"}],"wp:term":[{"taxonomy":"product_cat","embeddable":true,"href":"https:\/\/antykilion.pl\/en\/wp-json\/wp\/v2\/product_cat?post=6888"},{"taxonomy":"product_tag","embeddable":true,"href":"https:\/\/antykilion.pl\/en\/wp-json\/wp\/v2\/product_tag?post=6888"}],"curies":[{"name":"wp","href":"https:\/\/api.w.org\/{rel}","templated":true}]}}