{"id":6905,"date":"2023-04-27T13:37:56","date_gmt":"2023-04-27T11:37:56","guid":{"rendered":"https:\/\/antykilion.pl\/?post_type=product&#038;p=6905"},"modified":"2023-07-28T10:35:00","modified_gmt":"2023-07-28T08:35:00","slug":"zegar-konsolowy-w-typie-boulle-francja-ok-1860","status":"publish","type":"product","link":"https:\/\/antykilion.pl\/en\/product\/zegar-konsolowy-w-typie-boulle-francja-ok-1860\/","title":{"rendered":"Zegar konsolowy w typie Boulle Francja, ok. 1860"},"content":{"rendered":"","protected":false},"excerpt":{"rendered":"<p>Zegar konsolowy w typie Boulle Francja, ok. 1860<\/p>\n<p>zegar drewniany, dwuelementowy, na czterech n\u00f3\u017ckach; konsola o tr\u00f3jk\u0105tnych, sp\u0142ywaj\u0105cych bokach; szafka oszklona z trzech stron z daszkiem zwie\u0144czonym sterczynkami; powierzchnia konsoli i szafki pokryta markieteri\u0105 z blachy mosi\u0119\u017cnej wycinanej w motywy ro\u015blinne; kraw\u0119dzie dekorowane br\u0105zem z\u0142oconym; tarcza z rzymskimi cyframi na emaliowych plakietkach.<\/p>\n<p>Pochodzenie: zegar konsolowy, francuski,<\/p>\n<p>Stan: bardzo dobry po przegl\u0105dzie zegarmistrza, drobne uszkodzenie na tarczy<\/p>\n<p>Material: gilded bronze<\/p>\n<p>Wymiary: wysoko\u015b\u0107 52 cm, g\u0142\u0119boko\u015b\u0107  13 cm, d\u0142ugo\u015b\u0107  27 cm du\u017cy!!! konsola wysoko\u015b\u0107 25 cm d\u0142ugo\u015b\u0107 35 cm g\u0142\u0119boko\u015b\u0107 20 cm<\/p>\n<p>Ceny takich zegar\u00f3w przewy\u017cszaj\u0105 kwot\u0119 26 000 z\u0142.<\/p>","protected":false},"featured_media":6908,"comment_status":"closed","ping_status":"closed","template":"","meta":[],"product_cat":[54,51],"product_tag":[],"class_list":{"0":"post-6905","1":"product","2":"type-product","3":"status-publish","4":"has-post-thumbnail","6":"product_cat-zegary-kominkowe","7":"product_cat-zegary","9":"entry","10":"has-media","12":"first","13":"instock","14":"taxable","15":"shipping-taxable","16":"purchasable","17":"product-type-simple","18":"has-product-nav","19":"col","20":"span_1_of_3","21":"owp-content-center","22":"owp-thumbs-layout-horizontal","23":"owp-btn-normal","24":"owp-tabs-layout-horizontal"},"aioseo_notices":[],"_links":{"self":[{"href":"https:\/\/antykilion.pl\/en\/wp-json\/wp\/v2\/product\/6905","targetHints":{"allow":["GET"]}}],"collection":[{"href":"https:\/\/antykilion.pl\/en\/wp-json\/wp\/v2\/product"}],"about":[{"href":"https:\/\/antykilion.pl\/en\/wp-json\/wp\/v2\/types\/product"}],"replies":[{"embeddable":true,"href":"https:\/\/antykilion.pl\/en\/wp-json\/wp\/v2\/comments?post=6905"}],"wp:featuredmedia":[{"embeddable":true,"href":"https:\/\/antykilion.pl\/en\/wp-json\/wp\/v2\/media\/6908"}],"wp:attachment":[{"href":"https:\/\/antykilion.pl\/en\/wp-json\/wp\/v2\/media?parent=6905"}],"wp:term":[{"taxonomy":"product_cat","embeddable":true,"href":"https:\/\/antykilion.pl\/en\/wp-json\/wp\/v2\/product_cat?post=6905"},{"taxonomy":"product_tag","embeddable":true,"href":"https:\/\/antykilion.pl\/en\/wp-json\/wp\/v2\/product_tag?post=6905"}],"curies":[{"name":"wp","href":"https:\/\/api.w.org\/{rel}","templated":true}]}}