{"id":6973,"date":"2023-05-21T09:46:08","date_gmt":"2023-05-21T07:46:08","guid":{"rendered":"https:\/\/antykilion.pl\/?post_type=product&#038;p=6973"},"modified":"2025-02-28T19:13:57","modified_gmt":"2025-02-28T18:13:57","slug":"sofa-empirowa-okolo-1830-r-z-rybami-obledna","status":"publish","type":"product","link":"https:\/\/antykilion.pl\/en\/product\/sofa-empirowa-okolo-1830-r-z-rybami-obledna\/","title":{"rendered":"Sofa Empirowa oko\u0142o 1830 r, z rybami ob\u0142\u0119dna"},"content":{"rendered":"","protected":false},"excerpt":{"rendered":"<p>Sofa Empirowa oko\u0142o 1830 r, z rybami ob\u0142\u0119dna<\/p>\n<p>D\u0142uga, , z pe\u0142nym oparciem i bokami niemal r\u00f3wnej wysoko\u015bci, tapicerowana na bokach i siedzeniu, z dekoracyjnymi wa\u0142kami; oparcie zwie\u0144czone szerok\u0105 desk\u0105 z centralnie umieszczonym tr\u00f3jk\u0105tnym tympanonem z pi\u0119kn\u0105 z\u0142ocon\u0105 plakiet\u0105; pod por\u0119czami na froncie bardzo dekoracyjne patynowane i z\u0142ocone ryby.<\/p>\n<p>Z ca\u0142\u0105 pewno\u015bci\u0105 eksponat muzealny.<\/p>\n<p>Stan: bardzo dobry orginalny po profesjonalnej konserwacji.<\/p>\n<p>Pochodzenie; Polska, Niemcy, Austria ?,\u00a0 z epoki XIX w, oko\u0142o 1810\/30 r.<\/p>\n<p>Materia\u0142: Brzoza<\/p>\n<p>Wymiary:\u00a0 wysoko\u015b\u0107 110 cm D\u0142ugo\u015b\u0107 238 cm, g\u0142\u0119boko\u015b\u0107 70 cm, wysoko\u015b\u0107 siedziska oko\u0142o 48 cm<\/p>","protected":false},"featured_media":6983,"comment_status":"closed","ping_status":"closed","template":"","meta":[],"product_cat":[17,32],"product_tag":[],"class_list":{"0":"post-6973","1":"product","2":"type-product","3":"status-publish","4":"has-post-thumbnail","6":"product_cat-meble","7":"product_cat-sofy","9":"entry","10":"has-media","12":"first","13":"instock","14":"taxable","15":"shipping-taxable","16":"purchasable","17":"product-type-simple","18":"has-product-nav","19":"col","20":"span_1_of_3","21":"owp-content-center","22":"owp-thumbs-layout-horizontal","23":"owp-btn-normal","24":"owp-tabs-layout-horizontal"},"aioseo_notices":[],"_links":{"self":[{"href":"https:\/\/antykilion.pl\/en\/wp-json\/wp\/v2\/product\/6973","targetHints":{"allow":["GET"]}}],"collection":[{"href":"https:\/\/antykilion.pl\/en\/wp-json\/wp\/v2\/product"}],"about":[{"href":"https:\/\/antykilion.pl\/en\/wp-json\/wp\/v2\/types\/product"}],"replies":[{"embeddable":true,"href":"https:\/\/antykilion.pl\/en\/wp-json\/wp\/v2\/comments?post=6973"}],"wp:featuredmedia":[{"embeddable":true,"href":"https:\/\/antykilion.pl\/en\/wp-json\/wp\/v2\/media\/6983"}],"wp:attachment":[{"href":"https:\/\/antykilion.pl\/en\/wp-json\/wp\/v2\/media?parent=6973"}],"wp:term":[{"taxonomy":"product_cat","embeddable":true,"href":"https:\/\/antykilion.pl\/en\/wp-json\/wp\/v2\/product_cat?post=6973"},{"taxonomy":"product_tag","embeddable":true,"href":"https:\/\/antykilion.pl\/en\/wp-json\/wp\/v2\/product_tag?post=6973"}],"curies":[{"name":"wp","href":"https:\/\/api.w.org\/{rel}","templated":true}]}}