{"id":7001,"date":"2023-05-22T10:47:08","date_gmt":"2023-05-22T08:47:08","guid":{"rendered":"https:\/\/antykilion.pl\/?post_type=product&#038;p=7001"},"modified":"2023-05-22T10:47:09","modified_gmt":"2023-05-22T08:47:09","slug":"serwis-furstenberg-kawowo-herbaciany-sniadaniowy-okazja-2-serwisy","status":"publish","type":"product","link":"https:\/\/antykilion.pl\/en\/product\/serwis-furstenberg-kawowo-herbaciany-sniadaniowy-okazja-2-serwisy\/","title":{"rendered":"Serwis F\u00fcrstenberg kawowo- herbaciany &#8211; \u015bniadaniowy okazja 2 serwisy"},"content":{"rendered":"","protected":false},"excerpt":{"rendered":"<p>Serwis F\u00fcrstenberg kawowo- herbaciany &#8211; \u015bniadaniowy<\/p>\n<p>Gorgeous !!!<\/p>\n<p>kolor lekkie ecru<\/p>\n<p>included in the website<\/p>\n<p>6 talerzyk\u00f3w deserowych 18 cm<\/p>\n<p>6 podstawek pod fili\u017canki do kawy 14 cm<\/p>\n<p>6 podstawek pod fili\u017canki do herbaty 15 cm<\/p>\n<p>6 fili\u017canek do herbaty \u015brednica bez ucha 9,5 cm, wysoko\u015b\u0107 5,5 cm<\/p>\n<p>5\u00a0 fili\u017canek do kawy \u015brednica bez ucha 7,5 cm, wysoko\u015b\u0107 6,5 cm<\/p>\n<p>1 cukiernica wysoko\u015b\u0107 9 cm<\/p>\n<p>1 mlecznik wysoko\u015b\u0107 9 cm<\/p>\n<p>1 dzbanek do kawy wysoko\u015b\u0107 26 cm<\/p>\n<p>1 du\u017cy dzbanek do herbaty wysoko\u015b\u0107 17 cm, d\u0142ugo\u015b\u0107 26 cm<\/p>\n<p>1 mniejszy dzbanek do herbaty wysoko\u015b\u0107 14 cm, d\u0142ugo\u015b\u0107 19 cm<\/p>\n<p>1 miska na s\u0142odycze du\u017ca \u015brednica 19 cm<\/p>\n<p>2 patery- talerze do ciasta 27 cm<\/p>\n<p>Pi\u0119kna klasyka z 1918 do 1960 roku!!!<\/p>\n<p>cena okazjonalna za same serwisy do kawy lub do samej herbaty trzeba zap\u0142aci\u0107 minimum 3000 z\u0142 tu s\u0105 dwa !!!<\/p>\n<p>stan: bardzo dobry no niestety czas zabra\u0142 jedn\u0105 z fili\u017canek do kawy<\/p>","protected":false},"featured_media":7003,"comment_status":"closed","ping_status":"closed","template":"","meta":[],"product_cat":[50],"product_tag":[],"class_list":{"0":"post-7001","1":"product","2":"type-product","3":"status-publish","4":"has-post-thumbnail","6":"product_cat-porcelana-i-fajans","8":"entry","9":"has-media","11":"first","12":"instock","13":"taxable","14":"shipping-taxable","15":"purchasable","16":"product-type-simple","17":"has-product-nav","18":"col","19":"span_1_of_3","20":"owp-content-center","21":"owp-thumbs-layout-horizontal","22":"owp-btn-normal","23":"owp-tabs-layout-horizontal"},"aioseo_notices":[],"_links":{"self":[{"href":"https:\/\/antykilion.pl\/en\/wp-json\/wp\/v2\/product\/7001","targetHints":{"allow":["GET"]}}],"collection":[{"href":"https:\/\/antykilion.pl\/en\/wp-json\/wp\/v2\/product"}],"about":[{"href":"https:\/\/antykilion.pl\/en\/wp-json\/wp\/v2\/types\/product"}],"replies":[{"embeddable":true,"href":"https:\/\/antykilion.pl\/en\/wp-json\/wp\/v2\/comments?post=7001"}],"wp:featuredmedia":[{"embeddable":true,"href":"https:\/\/antykilion.pl\/en\/wp-json\/wp\/v2\/media\/7003"}],"wp:attachment":[{"href":"https:\/\/antykilion.pl\/en\/wp-json\/wp\/v2\/media?parent=7001"}],"wp:term":[{"taxonomy":"product_cat","embeddable":true,"href":"https:\/\/antykilion.pl\/en\/wp-json\/wp\/v2\/product_cat?post=7001"},{"taxonomy":"product_tag","embeddable":true,"href":"https:\/\/antykilion.pl\/en\/wp-json\/wp\/v2\/product_tag?post=7001"}],"curies":[{"name":"wp","href":"https:\/\/api.w.org\/{rel}","templated":true}]}}