{"id":7007,"date":"2023-05-22T11:07:47","date_gmt":"2023-05-22T09:07:47","guid":{"rendered":"https:\/\/antykilion.pl\/?post_type=product&#038;p=7007"},"modified":"2025-02-19T09:05:44","modified_gmt":"2025-02-19T08:05:44","slug":"7007","status":"publish","type":"product","link":"https:\/\/antykilion.pl\/en\/product\/7007\/","title":{"rendered":"Zegar wisz\u0105cy eklektyczny orzech z pi\u0119knymi rze\u017abionymi elementami &#8211; sygn. Junghans , ok. 1890 r."},"content":{"rendered":"","protected":false},"excerpt":{"rendered":"<p>Zegar wisz\u0105cy eklektyczny<br \/>\norzech z pi\u0119knymi rze\u017abionymi elementami &#8211; sygn. Junghans , ok. 1890 r.<\/p>\n<p>Skrzynia w orzechu, bardzo bogato rze\u017abiona, w rewelacyjnym stanie.<\/p>\n<p>Mechanizm sprawny, idealnie chodz\u0105cy, po przegl\u0105dzie. Gong wybijanie g\u0142\u0119bokim, pi\u0119knym tonem pe\u0142nych i p\u00f3\u0142godzin<\/p>\n<p>Wymiary: wysoko\u015b\u0107 &#8211; 92 cm , szeroko\u015b\u0107 &#8211; 38 cm , g\u0142\u0119boko\u015b\u0107 &#8211; 17 cm.<\/p>\n<p>Beautiful makes an impression !!!<\/p>\n<p>zegar w pe\u0142ni sprawny po przegl\u0105dzie zegarmistrzowskim<\/p>","protected":false},"featured_media":7008,"comment_status":"closed","ping_status":"closed","template":"","meta":[],"product_cat":[53,51],"product_tag":[],"class_list":{"0":"post-7007","1":"product","2":"type-product","3":"status-publish","4":"has-post-thumbnail","6":"product_cat-zegary-wiszace","7":"product_cat-zegary","9":"entry","10":"has-media","12":"first","13":"instock","14":"taxable","15":"shipping-taxable","16":"purchasable","17":"product-type-simple","18":"has-product-nav","19":"col","20":"span_1_of_3","21":"owp-content-center","22":"owp-thumbs-layout-horizontal","23":"owp-btn-normal","24":"owp-tabs-layout-horizontal"},"aioseo_notices":[],"_links":{"self":[{"href":"https:\/\/antykilion.pl\/en\/wp-json\/wp\/v2\/product\/7007","targetHints":{"allow":["GET"]}}],"collection":[{"href":"https:\/\/antykilion.pl\/en\/wp-json\/wp\/v2\/product"}],"about":[{"href":"https:\/\/antykilion.pl\/en\/wp-json\/wp\/v2\/types\/product"}],"replies":[{"embeddable":true,"href":"https:\/\/antykilion.pl\/en\/wp-json\/wp\/v2\/comments?post=7007"}],"wp:featuredmedia":[{"embeddable":true,"href":"https:\/\/antykilion.pl\/en\/wp-json\/wp\/v2\/media\/7008"}],"wp:attachment":[{"href":"https:\/\/antykilion.pl\/en\/wp-json\/wp\/v2\/media?parent=7007"}],"wp:term":[{"taxonomy":"product_cat","embeddable":true,"href":"https:\/\/antykilion.pl\/en\/wp-json\/wp\/v2\/product_cat?post=7007"},{"taxonomy":"product_tag","embeddable":true,"href":"https:\/\/antykilion.pl\/en\/wp-json\/wp\/v2\/product_tag?post=7007"}],"curies":[{"name":"wp","href":"https:\/\/api.w.org\/{rel}","templated":true}]}}