{"id":7039,"date":"2023-06-18T12:56:42","date_gmt":"2023-06-18T10:56:42","guid":{"rendered":"https:\/\/antykilion.pl\/?post_type=product&#038;p=7039"},"modified":"2023-06-18T13:17:21","modified_gmt":"2023-06-18T11:17:21","slug":"para-foteli-rokokowych-typu-cabriolet-xviii-w-1760","status":"publish","type":"product","link":"https:\/\/antykilion.pl\/en\/product\/para-foteli-rokokowych-typu-cabriolet-xviii-w-1760\/","title":{"rendered":"Para foteli rokokowych typu cabriolet XVIII w 1760"},"content":{"rendered":"","protected":false},"excerpt":{"rendered":"<p>Para foteli rokokowych typu cabriolet XVIII w 1760<br \/>\no falistych i profilowanych elementach szkieletu, oparcia, siedzenia i por\u0119cze mi\u0119kko wy\u015bcie\u0142ane materia\u0142em, wsparte na czterech kabriolowych nogach, rze\u017abiane. Oparcia lekko wkl\u0119s\u0142e, zwie\u0144czone \u0142ukowato z rze\u017abionymi kwiatami po\u015brodku, rozszerzane ku g\u00f3rze i wkl\u0119s\u0142e na bokach. Siedzenia z ty\u0142u zaokr\u0105glone, od frontu faliste ozdobione kwiatami, analogicznym jak w zwie\u0144czeniu fotela. Nogi rozszerzone u g\u00f3ry, zako\u0144czone stopk\u0105 u do\u0142u. Konstrukcja ko\u0142kowana.<\/p>\n<p>Stan: bardzo dobry orginalny &#8211; widoczne \u015blady u\u017cytkowania tapicerka wt\u00f3rna lekkie przetarcia na pod\u0142okietnikach<\/p>\n<p>Pochodzenie; Francja XVIII w oko\u0142o 1760 r<\/p>\n<p>Materia\u0142: orzech ?<\/p>\n<p>Wymiary:  wysoko\u015b\u0107 100 cm D\u0142ugo\u015b\u0107 60 cm, g\u0142\u0119boko\u015b\u0107 60 cm, wysoko\u015b\u0107 siedziska oko\u0142o 40 cm<\/p>\n<p>ogromna rzadko\u015b\u0107 <\/p>","protected":false},"featured_media":7040,"comment_status":"closed","ping_status":"closed","template":"","meta":[],"product_cat":[24,17],"product_tag":[],"class_list":{"0":"post-7039","1":"product","2":"type-product","3":"status-publish","4":"has-post-thumbnail","6":"product_cat-fotele","7":"product_cat-meble","9":"entry","10":"has-media","12":"first","13":"instock","14":"taxable","15":"shipping-taxable","16":"purchasable","17":"product-type-simple","18":"has-product-nav","19":"col","20":"span_1_of_3","21":"owp-content-center","22":"owp-thumbs-layout-horizontal","23":"owp-btn-normal","24":"owp-tabs-layout-horizontal"},"aioseo_notices":[],"_links":{"self":[{"href":"https:\/\/antykilion.pl\/en\/wp-json\/wp\/v2\/product\/7039","targetHints":{"allow":["GET"]}}],"collection":[{"href":"https:\/\/antykilion.pl\/en\/wp-json\/wp\/v2\/product"}],"about":[{"href":"https:\/\/antykilion.pl\/en\/wp-json\/wp\/v2\/types\/product"}],"replies":[{"embeddable":true,"href":"https:\/\/antykilion.pl\/en\/wp-json\/wp\/v2\/comments?post=7039"}],"wp:featuredmedia":[{"embeddable":true,"href":"https:\/\/antykilion.pl\/en\/wp-json\/wp\/v2\/media\/7040"}],"wp:attachment":[{"href":"https:\/\/antykilion.pl\/en\/wp-json\/wp\/v2\/media?parent=7039"}],"wp:term":[{"taxonomy":"product_cat","embeddable":true,"href":"https:\/\/antykilion.pl\/en\/wp-json\/wp\/v2\/product_cat?post=7039"},{"taxonomy":"product_tag","embeddable":true,"href":"https:\/\/antykilion.pl\/en\/wp-json\/wp\/v2\/product_tag?post=7039"}],"curies":[{"name":"wp","href":"https:\/\/api.w.org\/{rel}","templated":true}]}}