{"id":7067,"date":"2023-06-20T07:06:06","date_gmt":"2023-06-20T05:06:06","guid":{"rendered":"https:\/\/antykilion.pl\/?post_type=product&#038;p=7067"},"modified":"2023-06-20T07:06:06","modified_gmt":"2023-06-20T05:06:06","slug":"michiel-carree-1657-den-haag-1727-alkmaar-pejzaz-z-jucznymi-zwierzetami-xvii-w","status":"publish","type":"product","link":"https:\/\/antykilion.pl\/en\/product\/michiel-carree-1657-den-haag-1727-alkmaar-pejzaz-z-jucznymi-zwierzetami-xvii-w\/","title":{"rendered":"Michiel Carr\u00e9e,  1657 Den Haag &#8211; 1727 Alkmaar  pejza\u017c z jucznymi zwierz\u0119tami XVII w"},"content":{"rendered":"","protected":false},"excerpt":{"rendered":"<p>Michiel Carr\u00e9e,<\/p>\n<p>1657 Den Haag &#8211; 1727 Alkmaar<\/p>\n<p>pejza\u017c z jucznymi zwierz\u0119tami XVII w<\/p>\n<p>Krajobraz z podr\u00f3\u017cnikami, byd\u0142em i jucznymi zwierz\u0119tami przy wodopoju na obrze\u017cach miasta;<\/p>\n<p>Wybitny holenderski pejza\u017cysta Z\u0142otego Wieku. Dzia\u0142a\u0142 w Hadze (1686-1692), Anglii (1692-95), Berlinie (1697-1713), Hadze i Alkmarze. Pierwsze nauki pobiera\u0142 u starszego brata Hendrika. Nast\u0119pnie by\u0142 uczniem Nicolaasa Berchema i Gabriela van der Leeuw. W Anglii by\u0142 nauczycielem Jana de Visscher. Dzi\u0119ki zdobytemu uznaniu zosta\u0142 zaproszony do Berlina przez kr\u00f3la Prus Fryderyka, kt\u00f3ry mianowa\u0142 go malarzem nadwornym. Po \u015bmierci monarchy wr\u00f3ci\u0142 do Holandii i zamieszka\u0142 w Alkmaarze. Opr\u00f3cz obraz\u00f3w sztalugowych dekorowa\u0142 reprezentacyjne wn\u0119trza.<\/p>\n<p>Technique: oil on canvas<\/p>\n<p>Stan: bardzo dobry,<\/p>\n<p>Sygnatura: widoczna na zdj\u0119ciu M. Carr\u00e9 f, liczne nalepki informacyjne i galeryjne, piecz\u0119cie na kro\u015bnie, dodatkowo orginalna rama z epoki muzealny eksponat, ceny obraz\u00f3w tego malarza dochodz\u0105 do 25000 euro. jedna male\u0144ka 20 cm praca tego malarza zosta\u0142a wystawiona na Polskiej aukcji Dzie\u0142 Sztuki za cen\u0119 25000 z\u0142<\/p>\n<p>Wymiary:\u00a0 p\u0142\u00f3tna 75 cm na 103 cm\u00a0 z ram\u0105 oko\u0142o\u00a0 105 cm na 123 cm obraz wielkoformatowy ob\u0142\u0119dny!!!<\/p>\n<p>Do ka\u017cdego przedmiotu Galeria wystawia certyfikat.<\/p>","protected":false},"featured_media":7068,"comment_status":"closed","ping_status":"closed","template":"","meta":[],"product_cat":[41,39,40],"product_tag":[],"class_list":{"0":"post-7067","1":"product","2":"type-product","3":"status-publish","4":"has-post-thumbnail","6":"product_cat-malarstwo-dawne","7":"product_cat-dziela-sztuki","8":"product_cat-malarstwo","10":"entry","11":"has-media","13":"first","14":"instock","15":"taxable","16":"shipping-taxable","17":"purchasable","18":"product-type-simple","19":"has-product-nav","20":"col","21":"span_1_of_3","22":"owp-content-center","23":"owp-thumbs-layout-horizontal","24":"owp-btn-normal","25":"owp-tabs-layout-horizontal"},"aioseo_notices":[],"_links":{"self":[{"href":"https:\/\/antykilion.pl\/en\/wp-json\/wp\/v2\/product\/7067","targetHints":{"allow":["GET"]}}],"collection":[{"href":"https:\/\/antykilion.pl\/en\/wp-json\/wp\/v2\/product"}],"about":[{"href":"https:\/\/antykilion.pl\/en\/wp-json\/wp\/v2\/types\/product"}],"replies":[{"embeddable":true,"href":"https:\/\/antykilion.pl\/en\/wp-json\/wp\/v2\/comments?post=7067"}],"wp:featuredmedia":[{"embeddable":true,"href":"https:\/\/antykilion.pl\/en\/wp-json\/wp\/v2\/media\/7068"}],"wp:attachment":[{"href":"https:\/\/antykilion.pl\/en\/wp-json\/wp\/v2\/media?parent=7067"}],"wp:term":[{"taxonomy":"product_cat","embeddable":true,"href":"https:\/\/antykilion.pl\/en\/wp-json\/wp\/v2\/product_cat?post=7067"},{"taxonomy":"product_tag","embeddable":true,"href":"https:\/\/antykilion.pl\/en\/wp-json\/wp\/v2\/product_tag?post=7067"}],"curies":[{"name":"wp","href":"https:\/\/api.w.org\/{rel}","templated":true}]}}