{"id":7072,"date":"2023-06-20T18:43:30","date_gmt":"2023-06-20T16:43:30","guid":{"rendered":"https:\/\/antykilion.pl\/?post_type=product&#038;p=7072"},"modified":"2026-04-08T07:22:48","modified_gmt":"2026-04-08T05:22:48","slug":"chlopiec-z-butelka-keilhau-bernhard-gen-monsu-bernardo-1624-1687-uczen-rembrandta","status":"publish","type":"product","link":"https:\/\/antykilion.pl\/en\/product\/chlopiec-z-butelka-keilhau-bernhard-gen-monsu-bernardo-1624-1687-uczen-rembrandta\/","title":{"rendered":"Ch\u0142opiec z Butelk\u0105 &#8211; Keilhau Bernhard, gen. Mons\u00f9 Bernardo (1624 &#8211; 1687), ucze\u0144 Rembrandta !!!"},"content":{"rendered":"","protected":false},"excerpt":{"rendered":"<p> Ch\u0142opiec z Butelk\u0105 &#8211; Keilhau Bernhard, gen. Mons\u00f9 Bernardo (1624 &#8211; 1687), ucze\u0144 Rembrandta !!!<\/p>\n<p>Obraz posiada opinie z przeprowadzonych Bada\u0144 laboratoryjnych pr\u00f3bek warstwy malarskiej oraz prac konserwatorskich.<\/p>\n<p>Z obrazu pobrano kilka pr\u00f3bek pigment\u00f3w wraz z warstw\u0105 gruntu do analizy w celu ustalenia precyzyjnego datowania obrazu oraz zapoznania <\/p>\n<p>si\u0119 z u\u017cytymi pigmentami, spoiwami i zaprawami w celu umiejscowienia obrazu w zakresie czasowym i warsztatowym.<\/p>\n<p>Zidentyfikowano pigmenty i spoiwa pochodzenia mineralnego. Praca wykonana jest na gruncie kredowo-klejowym o szaro-ugrowym odcieniu na<\/p>\n<p>imprimaturze wykonanej w kolorze ciemnoszarym i br\u0105zowym. Taka technologia malowania jest bardzo charakterystyczna dla sztuki <\/p>\n<p>holenderskiej i flamandzkiej XVII w., zw\u0142aszcza kr\u0119gu malarzy ze szko\u0142y Rubensa lub Rembrandta.  <\/p>\n<p>Warstw\u0119  monochromatycznej podmal\u00f3wki zwanej martwym kolorem, wykonywano w szaro\u015bciach lub br\u0105zach. <\/p>\n<p>W XVI wieku przepisy cechowe zaleca\u0142y martwy kolor, jako niezb\u0119dny etap poprawnego opracowywania wysokiej klasy obraz\u00f3w, jednak sama <\/p>\n<p>technika jest o stulecie wcze\u015bniejsza. By\u0142a stosowana przez malarzy niderlandzkich w XV wieku wraz z upowszechnieniem si\u0119 techniki <\/p>\n<p>olejnej.<\/p>\n<p>S\u0142owo \u201emartwy\u201d odnosi\u0142o si\u0119 do braku chromatycznych, intensywnych kolor\u00f3w w tej warstwie obrazu. Z czasem terminem martwy kolor zacz\u0119to<\/p>\n<p> nazywa\u0107 r\u00f3wnie\u017c inne, nie tylko monochromatyczne podmal\u00f3wki. W angielskim manuskrypcie \u201eCommon place book\u201d Thomasa Marshalla z ok. 1640 <\/p>\n<p>roku znajduje si\u0119 opis podmalowywania kompozycji martwym kolorem, czyli p\u0142asko na\u0142o\u017con\u0105, \u201erozwodnion\u0105\u201d farb\u0105. Z opisu wynika\u0142oby, \u017ce ka\u017cda <\/p>\n<p>plama barwna finalnej kompozycji mia\u0142aby delikatn\u0105, niemodelowan\u0105 podmal\u00f3wk\u0119, ale odpowiadaj\u0105c\u0105 ju\u017c ostatecznej barwie wierzchniej warstwy <\/p>\n<p>malarskiej.<\/p>\n<p>Rol\u0105 monochromatycznego martwego koloru by\u0142o wst\u0119pne \u015bwiat\u0142ocieniowe rozplanowanie kompozycji. Zblokowanie \u015bwiate\u0142 i cieni, co u\u0142atwia\u0142o <\/p>\n<p>wypracowanie modelunku podczas nak\u0142adania, kolejnych, kolorowych warstw farby. Peter Paul Rubens u\u017cywa\u0142 szarego podmalowania, kt\u00f3re <\/p>\n<p>nadawa\u0142o ch\u0142odny, niebieskawy ton cieniom i p\u00f3\u0142cieniom w partiach karnacji (na ilustracjach, powy\u017cej). Rembrandt natomiast stosowa\u0142 raczej <\/p>\n<p>br\u0105zowe podmalowania, podobnie w warsztatach w\u0142oskich.  <\/p>\n<p>Czyli dwie odr\u0119bne opinie.<br \/>\nKeil urodzi\u0142 si\u0119 w Helsingor. Wed\u0142ug RKD by\u0142 uczniem du\u0144skiego malarza Mortena Steenwinkela, kt\u00f3ry w latach 1642-1644 zosta\u0142 uczniem Rembrandta w Amsterdamie.[1] W latach 1645-1648 by\u0142 u Hendricka Uylenburgha iw latach 1649-1651 mia\u0142 w\u0142asny warsztat.[1] W 1656 uda\u0142 si\u0119 do Rzymu i jest tam zarejestrowany do 1687, kiedy to zmar\u0142. Pracowa\u0142 tak\u017ce w Bergamo i Wenecji.[1] By\u0142 pod wp\u0142ywem Jana Lievensa, kt\u00f3ry z kolei wywar\u0142 wp\u0142yw na malarzy Pietro Bellotti (1627-1700), Antonio Cifrondi i Giacomo Francesco Cipper.<\/p>\n<p>Technique: oil on canvas<\/p>\n<p>Stan: bardzo dobry, po profesjonalne konserwacji<\/p>\n<p>Sygnatura: widoczna w dw\u00f3ch miejscach g\u00f3ra prawa strona i lewy d\u00f3\u0142 obie nieczytelne zatarte <\/p>\n<p>Wymiary:\u00a0 p\u0142\u00f3tna 157 cm na 92 cm\u00a0 z ram\u0105 oko\u0142o\u00a0  obraz wielkoformatowy ob\u0142\u0119dny!!!<\/p>\n<p>Do ka\u017cdego przedmiotu Galeria wystawia certyfikat.<\/p>","protected":false},"featured_media":10908,"comment_status":"closed","ping_status":"closed","template":"","meta":[],"product_cat":[41,39,40],"product_tag":[],"class_list":{"0":"post-7072","1":"product","2":"type-product","3":"status-publish","4":"has-post-thumbnail","6":"product_cat-malarstwo-dawne","7":"product_cat-dziela-sztuki","8":"product_cat-malarstwo","10":"entry","11":"has-media","13":"first","14":"instock","15":"taxable","16":"shipping-taxable","17":"purchasable","18":"product-type-simple","19":"has-product-nav","20":"col","21":"span_1_of_3","22":"owp-content-center","23":"owp-thumbs-layout-horizontal","24":"owp-btn-normal","25":"owp-tabs-layout-horizontal"},"aioseo_notices":[],"_links":{"self":[{"href":"https:\/\/antykilion.pl\/en\/wp-json\/wp\/v2\/product\/7072","targetHints":{"allow":["GET"]}}],"collection":[{"href":"https:\/\/antykilion.pl\/en\/wp-json\/wp\/v2\/product"}],"about":[{"href":"https:\/\/antykilion.pl\/en\/wp-json\/wp\/v2\/types\/product"}],"replies":[{"embeddable":true,"href":"https:\/\/antykilion.pl\/en\/wp-json\/wp\/v2\/comments?post=7072"}],"wp:featuredmedia":[{"embeddable":true,"href":"https:\/\/antykilion.pl\/en\/wp-json\/wp\/v2\/media\/10908"}],"wp:attachment":[{"href":"https:\/\/antykilion.pl\/en\/wp-json\/wp\/v2\/media?parent=7072"}],"wp:term":[{"taxonomy":"product_cat","embeddable":true,"href":"https:\/\/antykilion.pl\/en\/wp-json\/wp\/v2\/product_cat?post=7072"},{"taxonomy":"product_tag","embeddable":true,"href":"https:\/\/antykilion.pl\/en\/wp-json\/wp\/v2\/product_tag?post=7072"}],"curies":[{"name":"wp","href":"https:\/\/api.w.org\/{rel}","templated":true}]}}