{"id":7117,"date":"2023-06-22T20:07:06","date_gmt":"2023-06-22T18:07:06","guid":{"rendered":"https:\/\/antykilion.pl\/?post_type=product&#038;p=7117"},"modified":"2023-07-28T10:31:25","modified_gmt":"2023-07-28T08:31:25","slug":"sekretera-barokowa-poczatek-xviii-w-okolo-1700-10","status":"publish","type":"product","link":"https:\/\/antykilion.pl\/en\/product\/sekretera-barokowa-poczatek-xviii-w-okolo-1700-10\/","title":{"rendered":"Sekretera barokowa pocz\u0105tek XVIII w oko\u0142o 1700\/10"},"content":{"rendered":"","protected":false},"excerpt":{"rendered":"<p>Sekretera barokowa pocz\u0105tek XVIII w oko\u0142o 1700\/10<\/p>\n<p>Sekretera z komodow\u0105, trzyszufladow\u0105 podstaw\u0105, u g\u00f3ry ze sko\u015bnie nachylon\u0105, odk\u0142adan\u0105 klap\u0105, o prostych bokach i falistym froncie, wsparta na prostok\u0105tnych stemplach profilowanych na rogach, intarsjowana orzechem i mahoniem. Ca\u0142o\u015b\u0107 dekorowana polami ramowanymi \u017cy\u0142k\u0105 i obramieniem, wype\u0142nionymi wzorzystym orzechem po dwa na licach szuflad i klapie, po dwa na bokach korpusu, u do\u0142u zbli\u017cone do prostok\u0105ta, u g\u00f3ry trapezowe. Klapa, po od\u0142o\u017ceniu, wsparta na listwowych, wysuwanych podp\u00f3rkach. Wewn\u0105trz wn\u0119ka uj\u0119ta sze\u015bcioma szufladkami. Plecy deskowe pokryte zapewne w XIX w jak\u0105\u015b oklein\u0105 mocowane ko\u0142kami. Dna szuflad przyk\u0142adane, ko\u0142kowane, lica sklejone z pionowych desek i g\u00f3rnego, poziomego graniaka. Szyldy zamki z mosi\u0105dzu odlewane. Knopiki podp\u00f3rek mosi\u0119\u017cne, toczone; zawiasy mosi\u0119\u017cne; zamki stalowe, przyk\u0142adano-wpuszczane, jednoryglowe. Nalepka zapewne tranzytowa z ty\u0142u na plecach.<\/p>\n<p>Forma i dekoracja omawianego mebla do pisania charakterystyczna jest dla po\u0142udniowych\u00a0 Niemiec lub W\u0142och z terenu Lombardi z lat 1700 &#8211; 1710 roku, . Oryginalno\u015b\u0107 mebla potwierdzaj\u0105 \u015blady r\u0119cznej obr\u00f3bki. Warto\u015b\u0107 mebla podwy\u017csza nalepka zapewne tranzytowa na plecach no i przede wszystkim orginalny stan. Bardzo rzadki i pi\u0119kny mebel<\/p>\n<p>Pochodzenie: Europa Po\u0142udniowe Niemcy lub W\u0142och Lombardia<\/p>\n<p>Stan\u00a0 bardzo dobry, po profesjonalnej konserwacji zachowawczej zdj\u0119cia sekretery przed renowacj\u0105 do wgl\u0105du<\/p>\n<p>Wymiary: wysoko\u015b\u0107 100 cm, d\u0142ugo\u015b\u0107 114 cm, g\u0142\u0119boko\u015b\u0107 oko\u0142o 55 cm<\/p>\n<p>Materia\u0142: forniry orzecha, mahonia<\/p>","protected":false},"featured_media":7105,"comment_status":"closed","ping_status":"closed","template":"","meta":[],"product_cat":[26,17,31],"product_tag":[],"class_list":{"0":"post-7117","1":"product","2":"type-product","3":"status-publish","4":"has-post-thumbnail","6":"product_cat-komody","7":"product_cat-meble","8":"product_cat-sekretery-sekretarzyki-biurka","10":"entry","11":"has-media","13":"first","14":"instock","15":"taxable","16":"shipping-taxable","17":"purchasable","18":"product-type-simple","19":"has-product-nav","20":"col","21":"span_1_of_3","22":"owp-content-center","23":"owp-thumbs-layout-horizontal","24":"owp-btn-normal","25":"owp-tabs-layout-horizontal"},"aioseo_notices":[],"_links":{"self":[{"href":"https:\/\/antykilion.pl\/en\/wp-json\/wp\/v2\/product\/7117","targetHints":{"allow":["GET"]}}],"collection":[{"href":"https:\/\/antykilion.pl\/en\/wp-json\/wp\/v2\/product"}],"about":[{"href":"https:\/\/antykilion.pl\/en\/wp-json\/wp\/v2\/types\/product"}],"replies":[{"embeddable":true,"href":"https:\/\/antykilion.pl\/en\/wp-json\/wp\/v2\/comments?post=7117"}],"wp:featuredmedia":[{"embeddable":true,"href":"https:\/\/antykilion.pl\/en\/wp-json\/wp\/v2\/media\/7105"}],"wp:attachment":[{"href":"https:\/\/antykilion.pl\/en\/wp-json\/wp\/v2\/media?parent=7117"}],"wp:term":[{"taxonomy":"product_cat","embeddable":true,"href":"https:\/\/antykilion.pl\/en\/wp-json\/wp\/v2\/product_cat?post=7117"},{"taxonomy":"product_tag","embeddable":true,"href":"https:\/\/antykilion.pl\/en\/wp-json\/wp\/v2\/product_tag?post=7117"}],"curies":[{"name":"wp","href":"https:\/\/api.w.org\/{rel}","templated":true}]}}