{"id":7125,"date":"2023-06-22T20:55:47","date_gmt":"2023-06-22T18:55:47","guid":{"rendered":"https:\/\/antykilion.pl\/?post_type=product&#038;p=7125"},"modified":"2026-03-14T12:55:16","modified_gmt":"2026-03-14T11:55:16","slug":"stol-w-stylu-napoleona-iii-xix-w-okolo-1860-r","status":"publish","type":"product","link":"https:\/\/antykilion.pl\/en\/product\/stol-w-stylu-napoleona-iii-xix-w-okolo-1860-r\/","title":{"rendered":"St\u00f3\u0142 w stylu Napoleona III XIX w oko\u0142o 1860 r"},"content":{"rendered":"","protected":false},"excerpt":{"rendered":"<p>St\u00f3\u0142 w stylu Napoleona III XIX w oko\u0142o 1860 r<\/p>\n<p>zbli\u017cony do owalu, falisty w zarysie, wsparty na kabriolowych nogach, inkrustowany, \u017cy\u0142kami i blach\u0105 mosi\u0119\u017cn\u0105 oraz okuciami mosi\u0119\u017cnymi;<\/p>\n<p>Forma i dekoracja sto\u0142u nawi\u0105zuj\u0105ca do mebli francuskich z okresu panowania Ludwika XIV, oparta na wzorach ebenisty Charles\u2019a AndreAL <\/p>\n<p>Boulle\u2019a. Technika tego typu inkrustacji nazywana jest marketeri\u0105. <\/p>\n<p>Origin: France<\/p>\n<p>Stan\u00a0 dobry, orginalny widoczne \u015blady u\u017cytkowania blat ma wygi\u0119cia od spodu raczej nie przeszkadza<\/p>\n<p>Wymiary: wysoko\u015b\u0107 75 cm, d\u0142ugo\u015b\u0107 132 cm, g\u0142\u0119boko\u015b\u0107 oko\u0142o 75 cm<\/p>\n<p>Materia\u0142: forniry grusza lub maho\u0144\u00a0 barwiona na czarno<\/p>","protected":false},"featured_media":7126,"comment_status":"closed","ping_status":"closed","template":"","meta":[],"product_cat":[17,33],"product_tag":[],"class_list":{"0":"post-7125","1":"product","2":"type-product","3":"status-publish","4":"has-post-thumbnail","6":"product_cat-meble","7":"product_cat-stoly-stoliki","9":"entry","10":"has-media","12":"first","13":"instock","14":"taxable","15":"shipping-taxable","16":"purchasable","17":"product-type-simple","18":"has-product-nav","19":"col","20":"span_1_of_3","21":"owp-content-center","22":"owp-thumbs-layout-horizontal","23":"owp-btn-normal","24":"owp-tabs-layout-horizontal"},"aioseo_notices":[],"_links":{"self":[{"href":"https:\/\/antykilion.pl\/en\/wp-json\/wp\/v2\/product\/7125","targetHints":{"allow":["GET"]}}],"collection":[{"href":"https:\/\/antykilion.pl\/en\/wp-json\/wp\/v2\/product"}],"about":[{"href":"https:\/\/antykilion.pl\/en\/wp-json\/wp\/v2\/types\/product"}],"replies":[{"embeddable":true,"href":"https:\/\/antykilion.pl\/en\/wp-json\/wp\/v2\/comments?post=7125"}],"wp:featuredmedia":[{"embeddable":true,"href":"https:\/\/antykilion.pl\/en\/wp-json\/wp\/v2\/media\/7126"}],"wp:attachment":[{"href":"https:\/\/antykilion.pl\/en\/wp-json\/wp\/v2\/media?parent=7125"}],"wp:term":[{"taxonomy":"product_cat","embeddable":true,"href":"https:\/\/antykilion.pl\/en\/wp-json\/wp\/v2\/product_cat?post=7125"},{"taxonomy":"product_tag","embeddable":true,"href":"https:\/\/antykilion.pl\/en\/wp-json\/wp\/v2\/product_tag?post=7125"}],"curies":[{"name":"wp","href":"https:\/\/api.w.org\/{rel}","templated":true}]}}