{"id":7156,"date":"2023-06-28T10:57:20","date_gmt":"2023-06-28T08:57:20","guid":{"rendered":"https:\/\/antykilion.pl\/?post_type=product&#038;p=7156"},"modified":"2023-06-28T10:57:21","modified_gmt":"2023-06-28T08:57:21","slug":"piekny-pejzaz-ze-sztafazem-xviii-w-okazja","status":"publish","type":"product","link":"https:\/\/antykilion.pl\/en\/product\/piekny-pejzaz-ze-sztafazem-xviii-w-okazja\/","title":{"rendered":"Pi\u0119kny Pejza\u017c ze sztafa\u017cem XVIII w okazja!!!"},"content":{"rendered":"","protected":false},"excerpt":{"rendered":"<p>Pi\u0119kny Pejza\u017c ze sztafa\u017cem XVIII w okazja!!!<\/p>\n<p>Pi\u0119kny pejza\u017c zachowany w b\u0142\u0119kitnej kolorystyce, w tle wida\u0107 zamek.<\/p>\n<p>Technique: oil on canvas<\/p>\n<p>Stan: bardzo dobry,<\/p>\n<p>Sygnatura: nie czytelna widoczna na zdj\u0119ciu<\/p>\n<p>Wymiary:\u00a0 p\u0142\u00f3tna 58 cm na 72 cm\u00a0 z ram\u0105 oko\u0142o\u00a0 68 cm na 81 cm obraz du\u017cy salonowy ob\u0142\u0119dny!!!<\/p>\n<p>Do ka\u017cdego przedmiotu Galeria wystawia certyfikat.<\/p>","protected":false},"featured_media":7157,"comment_status":"closed","ping_status":"closed","template":"","meta":[],"product_cat":[41,39,40],"product_tag":[],"class_list":{"0":"post-7156","1":"product","2":"type-product","3":"status-publish","4":"has-post-thumbnail","6":"product_cat-malarstwo-dawne","7":"product_cat-dziela-sztuki","8":"product_cat-malarstwo","10":"entry","11":"has-media","13":"first","14":"instock","15":"taxable","16":"shipping-taxable","17":"purchasable","18":"product-type-simple","19":"has-product-nav","20":"col","21":"span_1_of_3","22":"owp-content-center","23":"owp-thumbs-layout-horizontal","24":"owp-btn-normal","25":"owp-tabs-layout-horizontal"},"aioseo_notices":[],"_links":{"self":[{"href":"https:\/\/antykilion.pl\/en\/wp-json\/wp\/v2\/product\/7156","targetHints":{"allow":["GET"]}}],"collection":[{"href":"https:\/\/antykilion.pl\/en\/wp-json\/wp\/v2\/product"}],"about":[{"href":"https:\/\/antykilion.pl\/en\/wp-json\/wp\/v2\/types\/product"}],"replies":[{"embeddable":true,"href":"https:\/\/antykilion.pl\/en\/wp-json\/wp\/v2\/comments?post=7156"}],"wp:featuredmedia":[{"embeddable":true,"href":"https:\/\/antykilion.pl\/en\/wp-json\/wp\/v2\/media\/7157"}],"wp:attachment":[{"href":"https:\/\/antykilion.pl\/en\/wp-json\/wp\/v2\/media?parent=7156"}],"wp:term":[{"taxonomy":"product_cat","embeddable":true,"href":"https:\/\/antykilion.pl\/en\/wp-json\/wp\/v2\/product_cat?post=7156"},{"taxonomy":"product_tag","embeddable":true,"href":"https:\/\/antykilion.pl\/en\/wp-json\/wp\/v2\/product_tag?post=7156"}],"curies":[{"name":"wp","href":"https:\/\/api.w.org\/{rel}","templated":true}]}}