{"id":7160,"date":"2023-06-28T11:28:36","date_gmt":"2023-06-28T09:28:36","guid":{"rendered":"https:\/\/antykilion.pl\/?post_type=product&#038;p=7160"},"modified":"2023-06-28T11:28:37","modified_gmt":"2023-06-28T09:28:37","slug":"adolf-stademann-zima-w-swietle-ksiezyca-xix-w-okazja","status":"publish","type":"product","link":"https:\/\/antykilion.pl\/en\/product\/adolf-stademann-zima-w-swietle-ksiezyca-xix-w-okazja\/","title":{"rendered":"Adolf Stademann zima w \u015bwietle ksi\u0119\u017cyca XIX w okazja!!!"},"content":{"rendered":"","protected":false},"excerpt":{"rendered":"<p>Adolf Stademann zima w \u015bwietle ksi\u0119\u017cyca XIX w okazja!!!<\/p>\n<p>Adolf Stademann<\/p>\n<p>ur. 1824 &#8211; 1895, kraj: Niemcy<\/p>\n<p>Adolf Stademann &#8211; pejza\u017cysta niemiecki; syn rysownika Ferdynanda Stademanna (1791-1872). Studiowa\u0142 w Akademii Sztuk Pi\u0119knych w Monachium pod kierunkiem Carla Augusta Lebschee i Eduarda Moritza Lotze. Malowa\u0142 krajobrazy le\u015bne, nadmorskie, ksi\u0119\u017cycowe nokturny oraz liczne &#8211; inspirowane dawnym malarstwem holenderskim &#8211; zimowe pejza\u017ce ze sztafa\u017cem. Jego ulubionym motywem by\u0142y zamarzni\u0119te kana\u0142y i \u201c\u015blizgawki\u201c z postaciami dzieci i doros\u0142ych (Pejza\u017c zimowy, Krajobraz ksi\u0119\u017cycowy z wiatrakiem, Zimowy poranek, Dzieci na lodzie). Obrazy artysty znajduj\u0105 si\u0119 w zbiorach Nowej Pinakoteki i Schack-Galerie w Monachium oraz w wielu muzeach niemieckich, m.in. w Lubece, Baden-Baden, Frankfurcie nad Menem czy w Moguncji.<\/p>\n<p>Technique: oil on canvas<\/p>\n<p>Stan: bardzo dobry,<\/p>\n<p>Sygnatura: Adolf Stademann widoczna na zdj\u0119ciu<\/p>\n<p>Wymiary:\u00a0 z ram\u0105\u00a0 45 cm na 69 cm ob\u0142\u0119dny!!!<\/p>\n<p>Do ka\u017cdego przedmiotu Galeria wystawia certyfikat.<\/p>","protected":false},"featured_media":7161,"comment_status":"closed","ping_status":"closed","template":"","meta":[],"product_cat":[41,39,40],"product_tag":[],"class_list":{"0":"post-7160","1":"product","2":"type-product","3":"status-publish","4":"has-post-thumbnail","6":"product_cat-malarstwo-dawne","7":"product_cat-dziela-sztuki","8":"product_cat-malarstwo","10":"entry","11":"has-media","13":"first","14":"instock","15":"taxable","16":"shipping-taxable","17":"purchasable","18":"product-type-simple","19":"has-product-nav","20":"col","21":"span_1_of_3","22":"owp-content-center","23":"owp-thumbs-layout-horizontal","24":"owp-btn-normal","25":"owp-tabs-layout-horizontal"},"aioseo_notices":[],"_links":{"self":[{"href":"https:\/\/antykilion.pl\/en\/wp-json\/wp\/v2\/product\/7160","targetHints":{"allow":["GET"]}}],"collection":[{"href":"https:\/\/antykilion.pl\/en\/wp-json\/wp\/v2\/product"}],"about":[{"href":"https:\/\/antykilion.pl\/en\/wp-json\/wp\/v2\/types\/product"}],"replies":[{"embeddable":true,"href":"https:\/\/antykilion.pl\/en\/wp-json\/wp\/v2\/comments?post=7160"}],"wp:featuredmedia":[{"embeddable":true,"href":"https:\/\/antykilion.pl\/en\/wp-json\/wp\/v2\/media\/7161"}],"wp:attachment":[{"href":"https:\/\/antykilion.pl\/en\/wp-json\/wp\/v2\/media?parent=7160"}],"wp:term":[{"taxonomy":"product_cat","embeddable":true,"href":"https:\/\/antykilion.pl\/en\/wp-json\/wp\/v2\/product_cat?post=7160"},{"taxonomy":"product_tag","embeddable":true,"href":"https:\/\/antykilion.pl\/en\/wp-json\/wp\/v2\/product_tag?post=7160"}],"curies":[{"name":"wp","href":"https:\/\/api.w.org\/{rel}","templated":true}]}}