{"id":7166,"date":"2023-06-28T18:47:17","date_gmt":"2023-06-28T16:47:17","guid":{"rendered":"https:\/\/antykilion.pl\/?post_type=product&#038;p=7166"},"modified":"2025-05-25T17:47:14","modified_gmt":"2025-05-25T15:47:14","slug":"secesyjny-serwis-limoges-kawowy-okolo-1900-r","status":"publish","type":"product","link":"https:\/\/antykilion.pl\/en\/product\/secesyjny-serwis-limoges-kawowy-okolo-1900-r\/","title":{"rendered":"\u00a0Secesyjny serwis Limoges kawowy oko\u0142o 1900 r"},"content":{"rendered":"","protected":false},"excerpt":{"rendered":"<p>\u00a0Secesyjny serwis Limoges kawowy oko\u0142o 1900 r<\/p>\n<p>Gorgeous !!!<\/p>\n<p>kolor bia\u0142y<\/p>\n<p>included in the website<\/p>\n<p>6 podstawek pod fili\u017canki do kawy 13,5 cm<\/p>\n<p>6 fili\u017canek do kawy \u015brednica bez ucha 6 cm, wysoko\u015b\u0107 6 cm z uchem 8 cm<\/p>\n<p>1 cukiernica wysoko\u015b\u0107 18 cm, szer 13 cm<\/p>\n<p>1 mlecznik wysoko\u015b\u0107 13 cm, szer 13 cm<\/p>\n<p>1 dzbanek do kawy wysoko\u015b\u0107 23 cm szer. 24 cm<\/p>\n<p>Ob\u0142\u0119dny!!!<\/p>","protected":false},"featured_media":7167,"comment_status":"closed","ping_status":"closed","template":"","meta":[],"product_cat":[50],"product_tag":[],"class_list":{"0":"post-7166","1":"product","2":"type-product","3":"status-publish","4":"has-post-thumbnail","6":"product_cat-porcelana-i-fajans","8":"entry","9":"has-media","11":"first","12":"instock","13":"taxable","14":"shipping-taxable","15":"purchasable","16":"product-type-simple","17":"has-product-nav","18":"col","19":"span_1_of_3","20":"owp-content-center","21":"owp-thumbs-layout-horizontal","22":"owp-btn-normal","23":"owp-tabs-layout-horizontal"},"aioseo_notices":[],"_links":{"self":[{"href":"https:\/\/antykilion.pl\/en\/wp-json\/wp\/v2\/product\/7166","targetHints":{"allow":["GET"]}}],"collection":[{"href":"https:\/\/antykilion.pl\/en\/wp-json\/wp\/v2\/product"}],"about":[{"href":"https:\/\/antykilion.pl\/en\/wp-json\/wp\/v2\/types\/product"}],"replies":[{"embeddable":true,"href":"https:\/\/antykilion.pl\/en\/wp-json\/wp\/v2\/comments?post=7166"}],"wp:featuredmedia":[{"embeddable":true,"href":"https:\/\/antykilion.pl\/en\/wp-json\/wp\/v2\/media\/7167"}],"wp:attachment":[{"href":"https:\/\/antykilion.pl\/en\/wp-json\/wp\/v2\/media?parent=7166"}],"wp:term":[{"taxonomy":"product_cat","embeddable":true,"href":"https:\/\/antykilion.pl\/en\/wp-json\/wp\/v2\/product_cat?post=7166"},{"taxonomy":"product_tag","embeddable":true,"href":"https:\/\/antykilion.pl\/en\/wp-json\/wp\/v2\/product_tag?post=7166"}],"curies":[{"name":"wp","href":"https:\/\/api.w.org\/{rel}","templated":true}]}}